{"id":31,"date":"2023-08-22T13:41:53","date_gmt":"2023-08-22T17:41:53","guid":{"rendered":"https:\/\/smho-smso.ca\/wayfinder\/?page_id=31"},"modified":"2023-12-18T11:59:18","modified_gmt":"2023-12-18T16:59:18","slug":"fr","status":"publish","type":"page","link":"https:\/\/smho-smso.ca\/wayfinder\/fr\/","title":{"rendered":"La boussole"},"content":{"rendered":"\n<hr class=\"wp-block-separator has-alpha-channel-opacity\"\/>\n\n\n\n<div class=\"wp-block-columns is-layout-flex wp-container-core-columns-is-layout-9d6595d7 wp-block-columns-is-layout-flex\">\n<div class=\"wp-block-column is-layout-flow wp-block-column-is-layout-flow\" style=\"flex-basis:43%\">\n<figure class=\"wp-block-image size-large\"><img loading=\"lazy\" decoding=\"async\" width=\"1024\" height=\"890\" src=\"https:\/\/smho-smso.ca\/wayfinder\/wp-content\/uploads\/sites\/11\/2023\/08\/la-boussole-image-1-1024x890.png\" alt=\"Enseignant f\u00e9licitant un \u00e9l\u00e8ve du primaire assis \u00e0 un bureau \u00e0 l'avant d'une salle de classe\" class=\"wp-image-51\" srcset=\"https:\/\/smho-smso.ca\/wayfinder\/wp-content\/uploads\/sites\/11\/2023\/08\/la-boussole-image-1-1024x890.png 1024w, https:\/\/smho-smso.ca\/wayfinder\/wp-content\/uploads\/sites\/11\/2023\/08\/la-boussole-image-1-300x261.png 300w, https:\/\/smho-smso.ca\/wayfinder\/wp-content\/uploads\/sites\/11\/2023\/08\/la-boussole-image-1-768x668.png 768w, https:\/\/smho-smso.ca\/wayfinder\/wp-content\/uploads\/sites\/11\/2023\/08\/la-boussole-image-1-1536x1336.png 1536w, https:\/\/smho-smso.ca\/wayfinder\/wp-content\/uploads\/sites\/11\/2023\/08\/la-boussole-image-1.png 1840w\" sizes=\"auto, (max-width: 1024px) 100vw, 1024px\" \/><\/figure>\n<\/div>\n\n\n\n<div class=\"wp-block-column is-layout-flow wp-block-column-is-layout-flow\" style=\"flex-basis:6%\"><\/div>\n\n\n\n<div class=\"wp-block-column is-layout-flow wp-block-column-is-layout-flow\" style=\"flex-basis:43%\">\n<h2 class=\"wp-block-heading\" class=\"wp-block-heading\" id=\"ne-vous-faites-plus-de-soucis-en-ce-qui-concerne-la-promotion-de-la-sante-mentale-et-la-planification-en-matiere-de-litteratie-en-sante-mentale-dans-votre-classe\">Ne vous faites plus de soucis en ce qui concerne la promotion de la sant\u00e9 mentale et la planification en mati\u00e8re de litt\u00e9ratie en sant\u00e9 mentale dans votre classe.<\/h2>\n\n\n\n<hr class=\"wp-block-separator has-alpha-channel-opacity\"\/>\n\n\n\n<ul class=\"wp-block-list\">\n<li>Ayez la certitude que votre approche s\u2019harmonise avec le programme-cadre de l\u2019Ontario, qu\u2019elle s\u2019appuie sur les donn\u00e9es les plus r\u00e9centes en mati\u00e8re de sant\u00e9 mentale, qu\u2019elle s\u2019appuie sur l\u2019affirmation de l\u2019identit\u00e9 et qu\u2019elle tient compte des sp\u00e9cificit\u00e9s culturelles.&nbsp;<\/li>\n\n\n\n<li>Cr\u00e9ez un milieu scolaire favorable et inclusif o\u00f9 les \u00e9l\u00e8ves se sentent capables de prendre soin de leur sant\u00e9 mentale et de soutenir leurs pairs.&nbsp;<\/li>\n\n\n\n<li>Profitez de l\u2019effet d\u2019entra\u00eenement, car la mise en pratique de strat\u00e9gies de sant\u00e9 mentale avec les \u00e9l\u00e8ves peut \u00e9galement contribuer \u00e0 am\u00e9liorer votre sant\u00e9 mentale.&nbsp;<\/li>\n<\/ul>\n<\/div>\n<\/div>\n\n\n\n<hr class=\"wp-block-separator has-alpha-channel-opacity\"\/>\n\n\n\n<div class=\"wp-block-columns is-layout-flex wp-container-core-columns-is-layout-9d6595d7 wp-block-columns-is-layout-flex\">\n<div class=\"wp-block-column is-layout-flow wp-block-column-is-layout-flow\" style=\"flex-basis:43%\">\n<h2 class=\"wp-block-heading\" class=\"wp-block-heading\" id=\"la-boussole-de-sante-mentale-en-milieu-scolaire-ontario-fournit-un-cadre-clair-en-matiere-dapprentissage-de-la-sante-mentale-en-salle-de-classe\">\u00ab\u2009La Boussole\u2009\u00bb de Sant\u00e9 mentale en milieu scolaire Ontario fournit un cadre clair en mati\u00e8re d\u2019apprentissage de la sant\u00e9 mentale en salle de classe. <\/h2>\n\n\n\n<hr class=\"wp-block-separator has-alpha-channel-opacity\"\/>\n\n\n\n<p><strong>En voici le contenu\u202f:<\/strong>&nbsp;<\/p>\n\n\n\n<ul class=\"wp-block-list\">\n<li>un guide num\u00e9rique comportant des le\u00e7ons et des activit\u00e9s avec des instructions faciles \u00e0 suivre.&nbsp;<\/li>\n\n\n\n<li>du mat\u00e9riel de communication pr\u00eat \u00e0 l\u2019emploi pour favoriser l\u2019\u00e9tablissement des liens entre la maison et l\u2019\u00e9cole.&nbsp;&nbsp;<\/li>\n\n\n\n<li>vous recevrez r\u00e9guli\u00e8rement des courriels qui permettront de vous fournir des conseils, du soutien e de nouvelles ressources.&nbsp;<\/li>\n<\/ul>\n<\/div>\n\n\n\n<div class=\"wp-block-column is-layout-flow wp-block-column-is-layout-flow\" style=\"flex-basis:6%\"><\/div>\n\n\n\n<div class=\"wp-block-column is-layout-flow wp-block-column-is-layout-flow\" style=\"flex-basis:43%\">\n<figure class=\"wp-block-image size-large\"><img decoding=\"async\" src=\"https:\/\/smho-smso.ca\/wayfinder\/wp-content\/uploads\/sites\/11\/2023\/08\/la-boussole-image-2-1024x890.png\" alt=\"Tableau avec une s\u00e9rie d'activit\u00e9s sur la sant\u00e9 mentale pour la premi\u00e8re ann\u00e9e d'\u00e9tudes\" class=\"wp-image-52\"\/><\/figure>\n<\/div>\n<\/div>\n","protected":false},"excerpt":{"rendered":"<p>Ne vous faites plus de soucis en ce qui concerne la promotion de la sant\u00e9 mentale et la planification en mati\u00e8re de litt\u00e9ratie en sant\u00e9 mentale dans votre classe. \u00ab\u2009La Boussole\u2009\u00bb de Sant\u00e9 mentale en milieu scolaire Ontario fournit un cadre clair en mati\u00e8re d\u2019apprentissage de la sant\u00e9 mentale en salle de classe. En voici [&hellip;]<\/p>\n","protected":false},"author":2,"featured_media":72,"parent":0,"menu_order":0,"comment_status":"closed","ping_status":"closed","template":"","meta":{"_acf_changed":false,"footnotes":""},"class_list":["post-31","page","type-page","status-publish","has-post-thumbnail","hentry"],"acf":[],"_links":{"self":[{"href":"https:\/\/smho-smso.ca\/wayfinder\/wp-json\/wp\/v2\/pages\/31","targetHints":{"allow":["GET"]}}],"collection":[{"href":"https:\/\/smho-smso.ca\/wayfinder\/wp-json\/wp\/v2\/pages"}],"about":[{"href":"https:\/\/smho-smso.ca\/wayfinder\/wp-json\/wp\/v2\/types\/page"}],"author":[{"embeddable":true,"href":"https:\/\/smho-smso.ca\/wayfinder\/wp-json\/wp\/v2\/users\/2"}],"replies":[{"embeddable":true,"href":"https:\/\/smho-smso.ca\/wayfinder\/wp-json\/wp\/v2\/comments?post=31"}],"version-history":[{"count":9,"href":"https:\/\/smho-smso.ca\/wayfinder\/wp-json\/wp\/v2\/pages\/31\/revisions"}],"predecessor-version":[{"id":123,"href":"https:\/\/smho-smso.ca\/wayfinder\/wp-json\/wp\/v2\/pages\/31\/revisions\/123"}],"wp:featuredmedia":[{"embeddable":true,"href":"https:\/\/smho-smso.ca\/wayfinder\/wp-json\/wp\/v2\/media\/72"}],"wp:attachment":[{"href":"https:\/\/smho-smso.ca\/wayfinder\/wp-json\/wp\/v2\/media?parent=31"}],"curies":[{"name":"wp","href":"https:\/\/api.w.org\/{rel}","templated":true}]}}