{"id":12,"date":"2024-02-28T12:47:22","date_gmt":"2024-02-28T17:47:22","guid":{"rendered":"https:\/\/smho-smso.ca\/leading-mentally-healthy-schools\/?page_id=12"},"modified":"2024-03-11T17:40:26","modified_gmt":"2024-03-11T21:40:26","slug":"fr","status":"publish","type":"page","link":"https:\/\/smho-smso.ca\/leading-mentally-healthy-schools\/fr\/","title":{"rendered":"Guide sur la gestion des \u00e9coles qui favorisent la sant\u00e9 mentale"},"content":{"rendered":"\n<hr class=\"wp-block-separator has-alpha-channel-opacity\"\/>\n\n\n\n<div class=\"wp-block-columns is-layout-flex wp-container-core-columns-is-layout-9d6595d7 wp-block-columns-is-layout-flex\">\n<div class=\"wp-block-column is-layout-flow wp-block-column-is-layout-flow\" style=\"flex-basis:47%\">\n<figure class=\"wp-block-image size-large\"><img loading=\"lazy\" decoding=\"async\" width=\"1024\" height=\"853\" src=\"https:\/\/smho-smso.ca\/leading-mentally-healthy-schools\/wp-content\/uploads\/sites\/12\/2024\/02\/Soutenez-la-reussite-et-le-bien-etre-des-eleves-1024x853.png\" alt=\"Soutenez la r\u00e9ussite et le bien-\u00eatre des \u00e9l\u00e8ves\" class=\"wp-image-14\" srcset=\"https:\/\/smho-smso.ca\/leading-mentally-healthy-schools\/wp-content\/uploads\/sites\/12\/2024\/02\/Soutenez-la-reussite-et-le-bien-etre-des-eleves-1024x853.png 1024w, https:\/\/smho-smso.ca\/leading-mentally-healthy-schools\/wp-content\/uploads\/sites\/12\/2024\/02\/Soutenez-la-reussite-et-le-bien-etre-des-eleves-300x250.png 300w, https:\/\/smho-smso.ca\/leading-mentally-healthy-schools\/wp-content\/uploads\/sites\/12\/2024\/02\/Soutenez-la-reussite-et-le-bien-etre-des-eleves-768x640.png 768w, https:\/\/smho-smso.ca\/leading-mentally-healthy-schools\/wp-content\/uploads\/sites\/12\/2024\/02\/Soutenez-la-reussite-et-le-bien-etre-des-eleves.png 1440w\" sizes=\"auto, (max-width: 1024px) 100vw, 1024px\" \/><\/figure>\n<\/div>\n\n\n\n<div class=\"wp-block-column is-layout-flow wp-block-column-is-layout-flow\" style=\"flex-basis:6%\"><\/div>\n\n\n\n<div class=\"wp-block-column is-layout-flow wp-block-column-is-layout-flow\" style=\"flex-basis:47%\">\n<h2 class=\"wp-block-heading\" class=\"wp-block-heading\" id=\"soutenez-la-reussite-et-le-bien-etre-des-eleves\">Soutenez la r\u00e9ussite et le bien-\u00eatre des \u00e9l\u00e8ves<\/h2>\n\n\n\n<hr class=\"wp-block-separator has-alpha-channel-opacity\"\/>\n\n\n\n<ul class=\"wp-block-list\">\n<li>Comprenez le r\u00f4le de votre \u00e9cole dans le syst\u00e8me global de soins en sant\u00e9 mentale des enfants et des jeunes.<\/li>\n\n\n\n<li>Gagnez du temps \u00e0 la recherche d\u2019informations et de ressources pour vous aider, vous et votre communaut\u00e9 scolaire, \u00e0 planifier et \u00e0 r\u00e9pondre aux besoins des \u00e9l\u00e8ves.<\/li>\n\n\n\n<li>Soyez assur\u00e9 que vos approches sont ax\u00e9es sur l\u2019affirmation de l\u2019identit\u00e9, qu\u2019elles s\u2019harmonisent avec l\u2019approche de l\u2019Ontario et qu\u2019elles sont fond\u00e9es sur les donn\u00e9es probantes les plus r\u00e9centes en mati\u00e8re de sant\u00e9 mentale en milieu scolaire.<\/li>\n<\/ul>\n<\/div>\n<\/div>\n\n\n\n<hr class=\"wp-block-separator has-alpha-channel-opacity\"\/>\n\n\n\n<div class=\"wp-block-columns is-layout-flex wp-container-core-columns-is-layout-9d6595d7 wp-block-columns-is-layout-flex\">\n<div class=\"wp-block-column is-layout-flow wp-block-column-is-layout-flow\" style=\"flex-basis:47%\">\n<h2 class=\"wp-block-heading\" class=\"wp-block-heading\" id=\"la-ressource-diriger-pour-favoriser-la-sante-mentale-a-lecole-decrit-les-elements-essentiels-du-developpement-du-fonctionnement-et-du-maintien-decoles-qui-favorisent-la-sante-mental\">La ressource <em>Diriger pour favoriser la sant\u00e9 mentale \u00e0 l\u2019\u00e9cole<\/em> d\u00e9crit les \u00e9l\u00e9ments essentiels du d\u00e9veloppement, du fonctionnement et du maintien d\u2019\u00e9coles qui favorisent la sant\u00e9 mentale en Ontario.<\/h2>\n\n\n\n<hr class=\"wp-block-separator has-alpha-channel-opacity\"\/>\n\n\n\n<p><strong>\u00c0 quoi s\u2019attendre :<\/strong><\/p>\n\n\n\n<ul class=\"wp-block-list\">\n<li>un aper\u00e7u des donn\u00e9es probantes et des r\u00e9flexions les plus r\u00e9centes en mati\u00e8re de sant\u00e9 mentale en milieu scolaire;<\/li>\n\n\n\n<li>des sections faciles \u00e0 naviguer, r\u00e9dig\u00e9es et organis\u00e9es dans le but ultime d\u2019appuyer le travail immense que les directions et les directions adjointes d\u2019\u00e9cole doivent accomplir quotidiennement;<\/li>\n\n\n\n<li>des id\u00e9es exploitables pour tous les niveaux d\u2019intervention que vous pouvez commencer \u00e0 mettre en \u0153uvre d\u00e8s maintenant;<\/li>\n\n\n\n<li>des courriels r\u00e9guliers pour vous offrir des conseils, du soutien et de nouvelles ressources au fur et \u00e0 mesure que vous poursuivez votre parcours.<\/li>\n<\/ul>\n<\/div>\n\n\n\n<div class=\"wp-block-column is-layout-flow wp-block-column-is-layout-flow\" style=\"flex-basis:6%\"><\/div>\n\n\n\n<div class=\"wp-block-column is-layout-flow wp-block-column-is-layout-flow\" style=\"flex-basis:47%\">\n<figure class=\"wp-block-image size-large\"><img loading=\"lazy\" decoding=\"async\" width=\"1024\" height=\"853\" src=\"https:\/\/smho-smso.ca\/leading-mentally-healthy-schools\/wp-content\/uploads\/sites\/12\/2024\/03\/la-ressource-diriger-pour-favoriser-la-sante-mentale-a-l-ecole-1024x853.png\" alt=\"La ressource Diriger pour favoriser la sant\u00e9 mentale \u00e0 l\u2019\u00e9cole d\u00e9crit les \u00e9l\u00e9ments essentiels du d\u00e9veloppement, du fonctionnement et du maintien d\u2019\u00e9coles qui favorisent la sant\u00e9 mentale en Ontario.\" class=\"wp-image-23\" srcset=\"https:\/\/smho-smso.ca\/leading-mentally-healthy-schools\/wp-content\/uploads\/sites\/12\/2024\/03\/la-ressource-diriger-pour-favoriser-la-sante-mentale-a-l-ecole-1024x853.png 1024w, https:\/\/smho-smso.ca\/leading-mentally-healthy-schools\/wp-content\/uploads\/sites\/12\/2024\/03\/la-ressource-diriger-pour-favoriser-la-sante-mentale-a-l-ecole-300x250.png 300w, https:\/\/smho-smso.ca\/leading-mentally-healthy-schools\/wp-content\/uploads\/sites\/12\/2024\/03\/la-ressource-diriger-pour-favoriser-la-sante-mentale-a-l-ecole-768x640.png 768w, https:\/\/smho-smso.ca\/leading-mentally-healthy-schools\/wp-content\/uploads\/sites\/12\/2024\/03\/la-ressource-diriger-pour-favoriser-la-sante-mentale-a-l-ecole.png 1440w\" sizes=\"auto, (max-width: 1024px) 100vw, 1024px\" \/><\/figure>\n<\/div>\n<\/div>\n","protected":false},"excerpt":{"rendered":"<p>Soutenez la r\u00e9ussite et le bien-\u00eatre des \u00e9l\u00e8ves La ressource Diriger pour favoriser la sant\u00e9 mentale \u00e0 l\u2019\u00e9cole d\u00e9crit les \u00e9l\u00e9ments essentiels du d\u00e9veloppement, du fonctionnement et du maintien d\u2019\u00e9coles qui favorisent la sant\u00e9 mentale en Ontario. \u00c0 quoi s\u2019attendre :<\/p>\n","protected":false},"author":2,"featured_media":28,"parent":0,"menu_order":0,"comment_status":"closed","ping_status":"closed","template":"","meta":{"_acf_changed":false,"footnotes":""},"class_list":["post-12","page","type-page","status-publish","has-post-thumbnail","hentry"],"acf":[],"_links":{"self":[{"href":"https:\/\/smho-smso.ca\/leading-mentally-healthy-schools\/wp-json\/wp\/v2\/pages\/12","targetHints":{"allow":["GET"]}}],"collection":[{"href":"https:\/\/smho-smso.ca\/leading-mentally-healthy-schools\/wp-json\/wp\/v2\/pages"}],"about":[{"href":"https:\/\/smho-smso.ca\/leading-mentally-healthy-schools\/wp-json\/wp\/v2\/types\/page"}],"author":[{"embeddable":true,"href":"https:\/\/smho-smso.ca\/leading-mentally-healthy-schools\/wp-json\/wp\/v2\/users\/2"}],"replies":[{"embeddable":true,"href":"https:\/\/smho-smso.ca\/leading-mentally-healthy-schools\/wp-json\/wp\/v2\/comments?post=12"}],"version-history":[{"count":5,"href":"https:\/\/smho-smso.ca\/leading-mentally-healthy-schools\/wp-json\/wp\/v2\/pages\/12\/revisions"}],"predecessor-version":[{"id":24,"href":"https:\/\/smho-smso.ca\/leading-mentally-healthy-schools\/wp-json\/wp\/v2\/pages\/12\/revisions\/24"}],"wp:featuredmedia":[{"embeddable":true,"href":"https:\/\/smho-smso.ca\/leading-mentally-healthy-schools\/wp-json\/wp\/v2\/media\/28"}],"wp:attachment":[{"href":"https:\/\/smho-smso.ca\/leading-mentally-healthy-schools\/wp-json\/wp\/v2\/media?parent=12"}],"curies":[{"name":"wp","href":"https:\/\/api.w.org\/{rel}","templated":true}]}}