{"id":89,"date":"2020-12-03T17:20:35","date_gmt":"2020-12-03T22:20:35","guid":{"rendered":"https:\/\/smho-smso.ca\/fwsecondary\/?page_id=89"},"modified":"2021-03-04T17:29:02","modified_gmt":"2021-03-04T22:29:02","slug":"relations-saines","status":"publish","type":"page","link":"https:\/\/smho-smso.ca\/fwsecondary\/relations-saines\/","title":{"rendered":"Relations saines"},"content":{"rendered":"","protected":false},"excerpt":{"rendered":"<p>Des relations saines sont au c\u0153ur du d\u00e9veloppement et du maintien de milieux d\u2019apprentissage \u00e9quitables et bienveillants qui favorisent la sant\u00e9 mentale. Vous pouvez aider les \u00e9l\u00e8ves \u00e0 apprendre \u00e0 comprendre et \u00e0 appr\u00e9cier les diff\u00e9rentes perspectives et identit\u00e9s, \u00e0 faire preuve d\u2019empathie envers les autres, \u00e0 \u00e9couter et \u00e0 r\u00e9soudre les conflits avec respect. Mettre l\u2019accent sur les comp\u00e9tences relationnelles en mati\u00e8re de sant\u00e9 peut \u00eatre b\u00e9n\u00e9fique pour la culture de la classe et le sentiment d\u2019appartenance des \u00e9l\u00e8ves.<\/p>\n","protected":false},"author":2,"featured_media":940,"parent":0,"menu_order":0,"comment_status":"closed","ping_status":"closed","template":"parent-template.php","meta":{"_acf_changed":false,"footnotes":""},"categories":[],"tags":[],"class_list":["post-89","page","type-page","status-publish","has-post-thumbnail","hentry"],"acf":[],"_links":{"self":[{"href":"https:\/\/smho-smso.ca\/fwsecondary\/wp-json\/wp\/v2\/pages\/89","targetHints":{"allow":["GET"]}}],"collection":[{"href":"https:\/\/smho-smso.ca\/fwsecondary\/wp-json\/wp\/v2\/pages"}],"about":[{"href":"https:\/\/smho-smso.ca\/fwsecondary\/wp-json\/wp\/v2\/types\/page"}],"author":[{"embeddable":true,"href":"https:\/\/smho-smso.ca\/fwsecondary\/wp-json\/wp\/v2\/users\/2"}],"replies":[{"embeddable":true,"href":"https:\/\/smho-smso.ca\/fwsecondary\/wp-json\/wp\/v2\/comments?post=89"}],"version-history":[{"count":1,"href":"https:\/\/smho-smso.ca\/fwsecondary\/wp-json\/wp\/v2\/pages\/89\/revisions"}],"predecessor-version":[{"id":90,"href":"https:\/\/smho-smso.ca\/fwsecondary\/wp-json\/wp\/v2\/pages\/89\/revisions\/90"}],"wp:featuredmedia":[{"embeddable":true,"href":"https:\/\/smho-smso.ca\/fwsecondary\/wp-json\/wp\/v2\/media\/940"}],"wp:attachment":[{"href":"https:\/\/smho-smso.ca\/fwsecondary\/wp-json\/wp\/v2\/media?parent=89"}],"wp:term":[{"taxonomy":"category","embeddable":true,"href":"https:\/\/smho-smso.ca\/fwsecondary\/wp-json\/wp\/v2\/categories?post=89"},{"taxonomy":"post_tag","embeddable":true,"href":"https:\/\/smho-smso.ca\/fwsecondary\/wp-json\/wp\/v2\/tags?post=89"}],"curies":[{"name":"wp","href":"https:\/\/api.w.org\/{rel}","templated":true}]}}