{"id":85,"date":"2020-12-03T17:19:18","date_gmt":"2020-12-03T22:19:18","guid":{"rendered":"https:\/\/smho-smso.ca\/fwsecondary\/?page_id=85"},"modified":"2021-03-05T15:28:44","modified_gmt":"2021-03-05T20:28:44","slug":"motivation-positive-et-perseverance","status":"publish","type":"page","link":"https:\/\/smho-smso.ca\/fwsecondary\/motivation-positive-et-perseverance\/","title":{"rendered":"Motivation positive et pers\u00e9v\u00e9rance"},"content":{"rendered":"","protected":false},"excerpt":{"rendered":"<p>La motivation positive et la pers\u00e9v\u00e9rance peuvent aider les \u00e9l\u00e8ves \u00e0 aborder les d\u00e9fis de la vie de mani\u00e8re optimiste et \u00e0 garder espoir m\u00eame lorsque leur situation est difficile. Explorez et mettez en pratique des strat\u00e9gies qui s\u2019appuient sur les points forts des \u00e9l\u00e8ves. Veillez \u00e0 ne pas pr\u00e9senter ces comp\u00e9tences comme la solution \u00e0 l\u2019oppression et \u00e0 d\u2019autres probl\u00e8mes syst\u00e9miques. Parlez plut\u00f4t du r\u00f4le de la motivation et de la pers\u00e9v\u00e9rance dans le plaidoyer et l\u2019action collective pour \u00e9liminer les obstacles dans la classe, l\u2019\u00e9cole et le syst\u00e8me.<\/p>\n","protected":false},"author":2,"featured_media":1001,"parent":0,"menu_order":0,"comment_status":"closed","ping_status":"closed","template":"parent-template.php","meta":{"_acf_changed":false,"footnotes":""},"categories":[],"tags":[],"class_list":["post-85","page","type-page","status-publish","has-post-thumbnail","hentry"],"acf":[],"_links":{"self":[{"href":"https:\/\/smho-smso.ca\/fwsecondary\/wp-json\/wp\/v2\/pages\/85","targetHints":{"allow":["GET"]}}],"collection":[{"href":"https:\/\/smho-smso.ca\/fwsecondary\/wp-json\/wp\/v2\/pages"}],"about":[{"href":"https:\/\/smho-smso.ca\/fwsecondary\/wp-json\/wp\/v2\/types\/page"}],"author":[{"embeddable":true,"href":"https:\/\/smho-smso.ca\/fwsecondary\/wp-json\/wp\/v2\/users\/2"}],"replies":[{"embeddable":true,"href":"https:\/\/smho-smso.ca\/fwsecondary\/wp-json\/wp\/v2\/comments?post=85"}],"version-history":[{"count":1,"href":"https:\/\/smho-smso.ca\/fwsecondary\/wp-json\/wp\/v2\/pages\/85\/revisions"}],"predecessor-version":[{"id":86,"href":"https:\/\/smho-smso.ca\/fwsecondary\/wp-json\/wp\/v2\/pages\/85\/revisions\/86"}],"wp:featuredmedia":[{"embeddable":true,"href":"https:\/\/smho-smso.ca\/fwsecondary\/wp-json\/wp\/v2\/media\/1001"}],"wp:attachment":[{"href":"https:\/\/smho-smso.ca\/fwsecondary\/wp-json\/wp\/v2\/media?parent=85"}],"wp:term":[{"taxonomy":"category","embeddable":true,"href":"https:\/\/smho-smso.ca\/fwsecondary\/wp-json\/wp\/v2\/categories?post=85"},{"taxonomy":"post_tag","embeddable":true,"href":"https:\/\/smho-smso.ca\/fwsecondary\/wp-json\/wp\/v2\/tags?post=85"}],"curies":[{"name":"wp","href":"https:\/\/api.w.org\/{rel}","templated":true}]}}