{"id":76,"date":"2020-12-03T17:16:16","date_gmt":"2020-12-03T22:16:16","guid":{"rendered":"https:\/\/smho-smso.ca\/fwsecondary\/?page_id=76"},"modified":"2021-03-05T16:42:15","modified_gmt":"2021-03-05T21:42:15","slug":"gestion-du-stress-et-adaptation","status":"publish","type":"page","link":"https:\/\/smho-smso.ca\/fwsecondary\/gestion-du-stress-et-adaptation\/","title":{"rendered":"Gestion du stress et adaptation"},"content":{"rendered":"","protected":false},"excerpt":{"rendered":"<p>Les \u00e9l\u00e8ves font face \u00e0 une gamme de d\u00e9fis qui ont trait \u00e0 leur exp\u00e9rience personnelle, sociale et culturelle. Ils ont \u00e9galement \u00e0 leur port\u00e9e des moyens d\u2019adaptation. Gr\u00e2ce \u00e0 l\u2019enseignement et au modelage, vous pouvez aider les \u00e9l\u00e8ves \u00e0 mettre en pratique de nouvelles strat\u00e9gies d\u2019adaptation et \u00e0 renforcer celles qui existent d\u00e9j\u00e0. Veillez \u00e0 prendre en compte les sources de stress et \u00e0 examiner et traiter les structures qui renforcent les conditions in\u00e9quitables qui imposent du stress aux individus et aux communaut\u00e9s enti\u00e8res.<\/p>\n","protected":false},"author":2,"featured_media":1032,"parent":0,"menu_order":0,"comment_status":"closed","ping_status":"closed","template":"parent-template.php","meta":{"_acf_changed":false,"footnotes":""},"categories":[],"tags":[],"class_list":["post-76","page","type-page","status-publish","has-post-thumbnail","hentry"],"acf":[],"_links":{"self":[{"href":"https:\/\/smho-smso.ca\/fwsecondary\/wp-json\/wp\/v2\/pages\/76","targetHints":{"allow":["GET"]}}],"collection":[{"href":"https:\/\/smho-smso.ca\/fwsecondary\/wp-json\/wp\/v2\/pages"}],"about":[{"href":"https:\/\/smho-smso.ca\/fwsecondary\/wp-json\/wp\/v2\/types\/page"}],"author":[{"embeddable":true,"href":"https:\/\/smho-smso.ca\/fwsecondary\/wp-json\/wp\/v2\/users\/2"}],"replies":[{"embeddable":true,"href":"https:\/\/smho-smso.ca\/fwsecondary\/wp-json\/wp\/v2\/comments?post=76"}],"version-history":[{"count":1,"href":"https:\/\/smho-smso.ca\/fwsecondary\/wp-json\/wp\/v2\/pages\/76\/revisions"}],"predecessor-version":[{"id":77,"href":"https:\/\/smho-smso.ca\/fwsecondary\/wp-json\/wp\/v2\/pages\/76\/revisions\/77"}],"wp:featuredmedia":[{"embeddable":true,"href":"https:\/\/smho-smso.ca\/fwsecondary\/wp-json\/wp\/v2\/media\/1032"}],"wp:attachment":[{"href":"https:\/\/smho-smso.ca\/fwsecondary\/wp-json\/wp\/v2\/media?parent=76"}],"wp:term":[{"taxonomy":"category","embeddable":true,"href":"https:\/\/smho-smso.ca\/fwsecondary\/wp-json\/wp\/v2\/categories?post=76"},{"taxonomy":"post_tag","embeddable":true,"href":"https:\/\/smho-smso.ca\/fwsecondary\/wp-json\/wp\/v2\/tags?post=76"}],"curies":[{"name":"wp","href":"https:\/\/api.w.org\/{rel}","templated":true}]}}