{"id":571,"date":"2021-02-04T13:11:20","date_gmt":"2021-02-04T18:11:20","guid":{"rendered":"https:\/\/smho-smso.ca\/fwsecondary\/?page_id=571"},"modified":"2021-12-23T14:19:49","modified_gmt":"2021-12-23T19:19:49","slug":"citations-de-motivation-annonces-du-matin","status":"publish","type":"page","link":"https:\/\/smho-smso.ca\/fwsecondary\/motivation-positive-et-perseverance\/le-recadrage\/citations-de-motivation-annonces-du-matin\/","title":{"rendered":"Citations de motivation &#8211; annonces du matin"},"content":{"rendered":"","protected":false},"excerpt":{"rendered":"<p>Montrer aux \u00e9l\u00e8ves comment commencer leur journ\u00e9e de mani\u00e8re positive, en leur donnant un coup de pouce le matin quand ils arrivent \u00e0 l\u2019\u00e9cole, et en les encourageant \u00e0 passer une bonne journ\u00e9e tout en demeurant positifs<\/p>\n","protected":false},"author":2,"featured_media":1222,"parent":188,"menu_order":0,"comment_status":"closed","ping_status":"closed","template":"practice-template.php","meta":{"_acf_changed":false,"footnotes":""},"categories":[119,151,129,115,145],"tags":[],"class_list":["post-571","page","type-page","status-publish","has-post-thumbnail","hentry","category-accueillir","category-hebdomadaire","category-option-virtuelle","category-promouvoir","category-quotidienne"],"acf":[],"_links":{"self":[{"href":"https:\/\/smho-smso.ca\/fwsecondary\/wp-json\/wp\/v2\/pages\/571","targetHints":{"allow":["GET"]}}],"collection":[{"href":"https:\/\/smho-smso.ca\/fwsecondary\/wp-json\/wp\/v2\/pages"}],"about":[{"href":"https:\/\/smho-smso.ca\/fwsecondary\/wp-json\/wp\/v2\/types\/page"}],"author":[{"embeddable":true,"href":"https:\/\/smho-smso.ca\/fwsecondary\/wp-json\/wp\/v2\/users\/2"}],"replies":[{"embeddable":true,"href":"https:\/\/smho-smso.ca\/fwsecondary\/wp-json\/wp\/v2\/comments?post=571"}],"version-history":[{"count":10,"href":"https:\/\/smho-smso.ca\/fwsecondary\/wp-json\/wp\/v2\/pages\/571\/revisions"}],"predecessor-version":[{"id":1520,"href":"https:\/\/smho-smso.ca\/fwsecondary\/wp-json\/wp\/v2\/pages\/571\/revisions\/1520"}],"up":[{"embeddable":true,"href":"https:\/\/smho-smso.ca\/fwsecondary\/wp-json\/wp\/v2\/pages\/188"}],"wp:featuredmedia":[{"embeddable":true,"href":"https:\/\/smho-smso.ca\/fwsecondary\/wp-json\/wp\/v2\/media\/1222"}],"wp:attachment":[{"href":"https:\/\/smho-smso.ca\/fwsecondary\/wp-json\/wp\/v2\/media?parent=571"}],"wp:term":[{"taxonomy":"category","embeddable":true,"href":"https:\/\/smho-smso.ca\/fwsecondary\/wp-json\/wp\/v2\/categories?post=571"},{"taxonomy":"post_tag","embeddable":true,"href":"https:\/\/smho-smso.ca\/fwsecondary\/wp-json\/wp\/v2\/tags?post=571"}],"curies":[{"name":"wp","href":"https:\/\/api.w.org\/{rel}","templated":true}]}}