{"id":568,"date":"2021-02-04T13:10:41","date_gmt":"2021-02-04T18:10:41","guid":{"rendered":"https:\/\/smho-smso.ca\/fwsecondary\/?page_id=568"},"modified":"2022-02-07T12:15:33","modified_gmt":"2022-02-07T17:15:33","slug":"citations-de-motivation-annonces-du-matin","status":"publish","type":"page","link":"https:\/\/smho-smso.ca\/fwsecondary\/motivation-positive-et-perseverance\/pratiquer-loptimisme\/citations-de-motivation-annonces-du-matin\/","title":{"rendered":"Citations de motivation &#8211; annonces du matin"},"content":{"rendered":"\n<div class='accordion md-accordion' id='accordion0' role='tablist' aria-multiselectable='true'><div class='card'><div class='card-header' role='tab' id='Instructions-0'><a data-toggle='collapse' data-parent='#accordion0' href='#collapseOneInstructions-0' aria-expanded='true' aria-controls='collapseOneInstructions-0'><h3 class='mb-0'><em class='fas fa-angle-down rotate-icon'><\/em> Instructions<\/h3><\/a><\/div><div id='collapseOneInstructions-0' class='collapse show' role='tabpanel' aria-labelledby='collapseOneInstructions-0' data-parent='#accordion0'><div class='card-body'><p>Fournissez aux \u00e9l\u00e8ves le contexte de la pratique (voir la section \u00ab Donn\u00e9es probantes \u00bb).<\/p>\n<ul>\n<li>Commencez la journ\u00e9e en lisant une citation, li\u00e9e au th\u00e8me de la semaine ou du mois, pour inspirer les \u00e9l\u00e8ves de mani\u00e8re positive. Vous pourriez aussi utiliser des citations bibliques qui sont inspirantes et \u00e9difiantes et qui repr\u00e9sente la diversit\u00e9 culturelle.<\/li>\n<li>Discutez avec la classe des d\u00e9clarations positives qui ont \u00e9t\u00e9 utilis\u00e9es et de ce que les \u00e9l\u00e8ves et le personnel scolaire trouvent inspirant ou positif \u00e0 leur sujet.<\/li>\n<li>Demandez aux \u00e9l\u00e8ves d\u2019apporter en classe des citations suppl\u00e9mentaires qui sont significatives pour eux.<\/li>\n<li>Prenez l\u2019habitude de commencer la semaine ou la journ\u00e9e avec une citation qu\u2019un \u00e9l\u00e8ve souhaite \u00e9changer.<\/li>\n<li>Apr\u00e8s quelques temps, demandez aux \u00e9l\u00e8ves de d\u00e9signer la citation qui a le plus d\u2019impact sur eux.<\/li>\n<\/ul>\n<\/div><\/div><\/div><div class='card'><div class='card-header' role='tab' id='Donnes-probantes-0'><a data-toggle='collapse' data-parent='#accordion0' href='#collapseOneDonnes-probantes-0' aria-expanded='false' aria-controls='collapseOneDonnes-probantes-0'><h3 class='mb-0'><em class='fas fa-angle-down rotate-icon'><\/em> Donn\u00e9es probantes<\/h3><\/a><\/div><div id='collapseOneDonnes-probantes-0' class='collapse' role='tabpanel' aria-labelledby='collapseOneDonnes-probantes-0' data-parent='#accordion0'><div class='card-body'><p>Avoir une attitude positive et \u00e9changer des messages positifs peut mener \u00e0 des \u00e9motions positives qui sont un indicateur de bien-\u00eatre optimal (Fredrickson, 2004). Les ressources personnelles accumul\u00e9es pendant des \u00e9tats d\u2019\u00e9motions positives sont durables, ce qui signifie qu\u2019elles durent plus longtemps que les \u00e9tats \u00e9motionnels transitoires qui ont conduit \u00e0 leur acquisition; par cons\u00e9quent, lorsqu\u2019une personne \u00e9prouve des \u00e9motions positives, elle augmente ses ressources personnelles qui peuvent \u00eatre utilis\u00e9es ult\u00e9rieurement et dans diff\u00e9rents \u00e9tats \u00e9motionnels (Fredrickson, 2004). Vivre des \u00e9motions positives peut aider les gens \u00e0 devenir des personnes plus cr\u00e9atives, inform\u00e9es, r\u00e9silientes, socialement int\u00e9gr\u00e9es et en meilleure sant\u00e9. Dans l\u2019ensemble, les \u00e9motions positives \u00e9largissent les r\u00e9pertoires pens\u00e9e-action, dissipent les \u00e9motions n\u00e9gatives persistantes et alimentent la r\u00e9silience psychologique et le bien-\u00eatre (Fredrickson, 2004). Fredrickson (2004) pr\u00e9conise de cultiver des \u00e9motions positives dans nos vies, non seulement parce qu\u2019elles nous font sentir bien sur le coup, mais aussi parce qu\u2019elles transforment les personnes pour le mieux et les met sur la voie d\u2019une long\u00e9vit\u00e9 florissante et saine.<\/p>\n<\/div><\/div><\/div><div class='card'><div class='card-header' role='tab' id='Rfrences-0'><a data-toggle='collapse' data-parent='#accordion0' href='#collapseOneRfrences-0' aria-expanded='false' aria-controls='collapseOneRfrences-0'><h3 class='mb-0'><em class='fas fa-angle-down rotate-icon'><\/em> R\u00e9f\u00e9rences<\/h3><\/a><\/div><div id='collapseOneRfrences-0' class='collapse' role='tabpanel' aria-labelledby='collapseOneRfrences-0' data-parent='#accordion0'><div class='card-body'><p>Fredrickson B. L. (2004). The broaden-and-build theory of positive emotions. Philosophical transactions of the Royal Society of London. <em>Series B, Biological sciences, 359<\/em>(1449), 1367\u20131378. doi:10.1098\/rstb.2004.1512<\/p>\n<\/div><\/div><\/div><div class='card'><div class='card-header' role='tab' id='Connexions-au-catholicisme-0'><a data-toggle='collapse' data-parent='#accordion0' href='#collapseOneConnexions-au-catholicisme-0' aria-expanded='false' aria-controls='collapseOneConnexions-au-catholicisme-0'><h3 class='mb-0'><em class='fas fa-angle-down rotate-icon'><\/em> Connexions au catholicisme<\/h3><\/a><\/div><div id='collapseOneConnexions-au-catholicisme-0' class='collapse' role='tabpanel' aria-labelledby='collapseOneConnexions-au-catholicisme-0' data-parent='#accordion0'><div class='card-body'><p>Notre cheminement de foi refl\u00e8te qui nous sommes et qui nous nous effor\u00e7ons de devenir. Les affirmations aident \u00e0 nous connecter \u00e0 Dieu et nous rappellent sa pr\u00e9sence et son amour pour nous. Les passages, les citations ou les affirmations aident \u00e0 promouvoir une pens\u00e9e positive et un sentiment de bien-\u00eatre, li\u00e9s \u00e0 qui nous sommes en tant que personnes; des gens qui ont \u00e9t\u00e9 cr\u00e9\u00e9s \u00e0 l\u2019image et \u00e0 la ressemblance de Dieu.<\/p>\n<\/div><\/div><\/div><div class='card'><div class='card-header' role='tab' id='Profil-des-finissants-des-coles-catholiques-0'><a data-toggle='collapse' data-parent='#accordion0' href='#collapseOneProfil-des-finissants-des-coles-catholiques-0' aria-expanded='false' aria-controls='collapseOneProfil-des-finissants-des-coles-catholiques-0'><h3 class='mb-0'><em class='fas fa-angle-down rotate-icon'><\/em> Profil des finissants des \u00e9coles catholiques<\/h3><\/a><\/div><div id='collapseOneProfil-des-finissants-des-coles-catholiques-0' class='collapse' role='tabpanel' aria-labelledby='collapseOneProfil-des-finissants-des-coles-catholiques-0' data-parent='#accordion0'><div class='card-body'><p>(1g) Un croyant qui vit chaque jour sa foi dans la communaut\u00e9 catholique, qui d\u00e9veloppe des attitudes et des valeurs fond\u00e9es sur l\u2019enseignement social de l\u2019\u00c9glise et qui s\u2019emploie \u00e0 promouvoir le bien commun, la responsabilit\u00e9 sociale, la solidarit\u00e9 humaine.<\/p>\n<p>(1e) Un croyant qui vit chaque jour sa foi dans la communaut\u00e9 catholique et qui donne un sens \u00e0 sa vie \u00e0 la lumi\u00e8re de la foi chr\u00e9tienne.<\/p>\n<\/div><\/div><\/div><\/div>\n","protected":false},"excerpt":{"rendered":"<p>Montrer aux \u00e9l\u00e8ves comment commencer leur journ\u00e9e de mani\u00e8re positive, en leur donnant un coup de pouce le matin quand ils arrivent \u00e0 l\u2019\u00e9cole, et en les encourageant \u00e0 passer une bonne journ\u00e9e tout en demeurant positifs<\/p>\n","protected":false},"author":2,"featured_media":975,"parent":184,"menu_order":0,"comment_status":"closed","ping_status":"closed","template":"practice-template.php","meta":{"_acf_changed":false,"footnotes":""},"categories":[119,151,137,129,115,145],"tags":[],"class_list":["post-568","page","type-page","status-publish","has-post-thumbnail","hentry","category-accueillir","category-hebdomadaire","category-motivation-positive-et-perseverance","category-option-virtuelle","category-promouvoir","category-quotidienne"],"acf":[],"_links":{"self":[{"href":"https:\/\/smho-smso.ca\/fwsecondary\/wp-json\/wp\/v2\/pages\/568","targetHints":{"allow":["GET"]}}],"collection":[{"href":"https:\/\/smho-smso.ca\/fwsecondary\/wp-json\/wp\/v2\/pages"}],"about":[{"href":"https:\/\/smho-smso.ca\/fwsecondary\/wp-json\/wp\/v2\/types\/page"}],"author":[{"embeddable":true,"href":"https:\/\/smho-smso.ca\/fwsecondary\/wp-json\/wp\/v2\/users\/2"}],"replies":[{"embeddable":true,"href":"https:\/\/smho-smso.ca\/fwsecondary\/wp-json\/wp\/v2\/comments?post=568"}],"version-history":[{"count":4,"href":"https:\/\/smho-smso.ca\/fwsecondary\/wp-json\/wp\/v2\/pages\/568\/revisions"}],"predecessor-version":[{"id":1539,"href":"https:\/\/smho-smso.ca\/fwsecondary\/wp-json\/wp\/v2\/pages\/568\/revisions\/1539"}],"up":[{"embeddable":true,"href":"https:\/\/smho-smso.ca\/fwsecondary\/wp-json\/wp\/v2\/pages\/184"}],"wp:featuredmedia":[{"embeddable":true,"href":"https:\/\/smho-smso.ca\/fwsecondary\/wp-json\/wp\/v2\/media\/975"}],"wp:attachment":[{"href":"https:\/\/smho-smso.ca\/fwsecondary\/wp-json\/wp\/v2\/media?parent=568"}],"wp:term":[{"taxonomy":"category","embeddable":true,"href":"https:\/\/smho-smso.ca\/fwsecondary\/wp-json\/wp\/v2\/categories?post=568"},{"taxonomy":"post_tag","embeddable":true,"href":"https:\/\/smho-smso.ca\/fwsecondary\/wp-json\/wp\/v2\/tags?post=568"}],"curies":[{"name":"wp","href":"https:\/\/api.w.org\/{rel}","templated":true}]}}