{"id":560,"date":"2021-02-04T13:09:26","date_gmt":"2021-02-04T18:09:26","guid":{"rendered":"https:\/\/smho-smso.ca\/fwsecondary\/?page_id=560"},"modified":"2022-02-06T21:55:11","modified_gmt":"2022-02-07T02:55:11","slug":"des-mercis-gratuits","status":"publish","type":"page","link":"https:\/\/smho-smso.ca\/fwsecondary\/motivation-positive-et-perseverance\/la-gratitude\/des-mercis-gratuits\/","title":{"rendered":"Des mercis gratuits"},"content":{"rendered":"\n<div class='accordion md-accordion' id='accordion0' role='tablist' aria-multiselectable='true'><div class='card'><div class='card-header' role='tab' id='Instructions-0'><a data-toggle='collapse' data-parent='#accordion0' href='#collapseOneInstructions-0' aria-expanded='true' aria-controls='collapseOneInstructions-0'><h3 class='mb-0'><em class='fas fa-angle-down rotate-icon'><\/em> Instructions<\/h3><\/a><\/div><div id='collapseOneInstructions-0' class='collapse show' role='tabpanel' aria-labelledby='collapseOneInstructions-0' data-parent='#accordion0'><div class='card-body'><p>Fournissez aux \u00e9l\u00e8ves le contexte de la pratique (voir la section \u00ab Donn\u00e9es probantes \u00bb).<\/p>\n<ul>\n<li>Demandez aux \u00e9l\u00e8ves de se rappeler les gestes de bont\u00e9 qu\u2019ils ont remarqu\u00e9s r\u00e9cemment, comme par exemple, un sourire.<\/li>\n<li>Demandez-leur de r\u00e9fl\u00e9chir \u00e0 ce qu\u2019ils ont alors ressenti.<\/li>\n<li>En groupe, r\u00e9fl\u00e9chissez \u00e0 des exemples de remerciements.<\/li>\n<li>Les \u00e9l\u00e8ves seront invit\u00e9s \u00e0 partager une note de remerciement.<\/li>\n<li>Distribuez du papier ou des notes de remerciement aux \u00e9l\u00e8ves et demandez-leur d\u2019\u00e9crire une note de remerciement.<\/li>\n<li>Les \u00e9l\u00e8ves peuvent choisir de conserver ou de remettre la note au destinataire par la suite.<\/li>\n<\/ul>\n<\/div><\/div><\/div><div class='card'><div class='card-header' role='tab' id='Adaptations-0'><a data-toggle='collapse' data-parent='#accordion0' href='#collapseOneAdaptations-0' aria-expanded='false' aria-controls='collapseOneAdaptations-0'><h3 class='mb-0'><em class='fas fa-angle-down rotate-icon'><\/em> Adaptations<\/h3><\/a><\/div><div id='collapseOneAdaptations-0' class='collapse' role='tabpanel' aria-labelledby='collapseOneAdaptations-0' data-parent='#accordion0'><div class='card-body'><p>Cette pratique peut \u00eatre faite \u00e0 la grandeur de l&#8217;\u00e9cole, o\u00f9 les adultes bienveillants partagent aussi leurs \u201cmercis\u201d. Des commentaires positifs contribuent immens\u00e9ment au sentiment d\u2019appartenance et d\u2019\u00eatre valoris\u00e9.<\/p>\n<p>Demandez aux \u00e9l\u00e8ves de penser \u00e0 une chose pr\u00e9cise que chacune des personnes suivantes ont faite pour eux, et demandez-leur de leur dire ou de leur \u00e9crire une note de merci\u00a0:<\/p>\n<ul>\n<li>une personne de leur famille<\/li>\n<li>un ami proche<\/li>\n<li>une personne qui fait partie de leur communaut\u00e9 scolaire<\/li>\n<li>une personne de l\u2019ext\u00e9rieur de leur communaut\u00e9 (un serveur dans un caf\u00e9)<\/li>\n<li>Dieu<\/li>\n<\/ul>\n<\/div><\/div><\/div><div class='card'><div class='card-header' role='tab' id='Donnes-probantes-0'><a data-toggle='collapse' data-parent='#accordion0' href='#collapseOneDonnes-probantes-0' aria-expanded='false' aria-controls='collapseOneDonnes-probantes-0'><h3 class='mb-0'><em class='fas fa-angle-down rotate-icon'><\/em> Donn\u00e9es probantes<\/h3><\/a><\/div><div id='collapseOneDonnes-probantes-0' class='collapse' role='tabpanel' aria-labelledby='collapseOneDonnes-probantes-0' data-parent='#accordion0'><div class='card-body'><p>Les perceptions des \u00e9l\u00e8ves \u00e0 l\u2019\u00e9gard de la gentillesse \u00e0 l\u2019\u00e9cole jouent un r\u00f4le d\u00e9terminant dans la formation de leurs opinions sur le climat de leur \u00e9cole (Binfet et al., 2016; Embry et Biglan, 2008). Les activit\u00e9s qui appuient le d\u00e9veloppement d\u2019interactions bienveillantes pour le personnel et les \u00e9l\u00e8ves peuvent soutenir les objectifs visant \u00e0 pr\u00e9server un climat scolaire s\u00fbr et positif afin de favoriser l\u2019apprentissage et les comportements prosociaux (Binfet et al., 2016). Embry et Biglan (2008) expliquent que les \u00e9loges verbaux ou \u00e9crits qui sont \u00e9chang\u00e9s publiquement ou en priv\u00e9 par un adulte bienveillant ou par l\u2019interm\u00e9diaire d\u2019interactions entre pairs, renforcent la coop\u00e9ration, la comp\u00e9tence sociale, les interactions ou les relations positives, l\u2019engagement ou la r\u00e9ussite acad\u00e9mique, le rendement au travail et la sant\u00e9 physique, tout en r\u00e9duisant les comportements perturbateurs, agressifs ou violents et le vandalisme.<\/p>\n<\/div><\/div><\/div><div class='card'><div class='card-header' role='tab' id='Rfrences-0'><a data-toggle='collapse' data-parent='#accordion0' href='#collapseOneRfrences-0' aria-expanded='false' aria-controls='collapseOneRfrences-0'><h3 class='mb-0'><em class='fas fa-angle-down rotate-icon'><\/em> R\u00e9f\u00e9rences<\/h3><\/a><\/div><div id='collapseOneRfrences-0' class='collapse' role='tabpanel' aria-labelledby='collapseOneRfrences-0' data-parent='#accordion0'><div class='card-body'><p>Binfet, J. T., Gadermann, A. M., &amp; Schonert-Reichl, K. A. (2016). Measuring kindness at school: Psychometric properties of a School Kindness Scale for children and adolescents. <em>Psychology in the Schools, 53<\/em>(2), 111-126.<\/p>\n<p>Embry, D. D., &amp; Biglan, A. (2008). Evidence-based kernels: fundamental units of behavioral influence. <em>Clinical child and family psychology review, 11<\/em>(3), 75\u2013113. doi:10.1007\/s10567-008-0036-x<\/p>\n<\/div><\/div><\/div><div class='card'><div class='card-header' role='tab' id='Connexions-au-catholicisme-0'><a data-toggle='collapse' data-parent='#accordion0' href='#collapseOneConnexions-au-catholicisme-0' aria-expanded='false' aria-controls='collapseOneConnexions-au-catholicisme-0'><h3 class='mb-0'><em class='fas fa-angle-down rotate-icon'><\/em> Connexions au catholicisme<\/h3><\/a><\/div><div id='collapseOneConnexions-au-catholicisme-0' class='collapse' role='tabpanel' aria-labelledby='collapseOneConnexions-au-catholicisme-0' data-parent='#accordion0'><div class='card-body'><p>L\u2019expression \u00e9crite peut \u00eatre un outil utile pour r\u00e9fl\u00e9chir aux nombreuses b\u00e9n\u00e9dictions, opportunit\u00e9s et beaut\u00e9s du monde qui nous entourent, et cr\u00e9er un sentiment plus profond de connexion \u00e0 Dieu et aux autres.<\/p>\n<p>La pratique de notre foi catholique est centr\u00e9e sur la gratitude et la reconnaissance de Dieu.<\/p>\n<p>En tant que catholiques, il nous est rappel\u00e9 que nous recevons quotidiennement des b\u00e9n\u00e9dictions de Dieu et des uns des autres.<\/p>\n<\/div><\/div><\/div><div class='card'><div class='card-header' role='tab' id='Profil-des-finissants-des-coles-catholiques-0'><a data-toggle='collapse' data-parent='#accordion0' href='#collapseOneProfil-des-finissants-des-coles-catholiques-0' aria-expanded='false' aria-controls='collapseOneProfil-des-finissants-des-coles-catholiques-0'><h3 class='mb-0'><em class='fas fa-angle-down rotate-icon'><\/em> Profil des finissants des \u00e9coles catholiques<\/h3><\/a><\/div><div id='collapseOneProfil-des-finissants-des-coles-catholiques-0' class='collapse' role='tabpanel' aria-labelledby='collapseOneProfil-des-finissants-des-coles-catholiques-0' data-parent='#accordion0'><div class='card-body'><p>(6a) Un membre soucieux du bien-\u00eatre de sa famille qui cultive des rapports harmonieux, compatissants et respectueux.<\/p>\n<p>(1e) Un croyant qui vit chaque jour sa foi dans la communaut\u00e9 catholique et qui donne un sens \u00e0 sa vie \u00e0 la lumi\u00e8re de la foi chr\u00e9tienne.<\/p>\n<\/div><\/div><\/div><\/div>\n","protected":false},"excerpt":{"rendered":"<p>Encourager l\u2019importance d\u2019exprimer les remerciements et le b\u00e9n\u00e9fice \u00e0 aider les autres<\/p>\n","protected":false},"author":2,"featured_media":949,"parent":172,"menu_order":0,"comment_status":"closed","ping_status":"closed","template":"practice-template.php","meta":{"_acf_changed":false,"footnotes":""},"categories":[113,147,137,129,115],"tags":[],"class_list":["post-560","page","type-page","status-publish","has-post-thumbnail","hentry","category-inclure","category-mensuelle","category-motivation-positive-et-perseverance","category-option-virtuelle","category-promouvoir"],"acf":[],"_links":{"self":[{"href":"https:\/\/smho-smso.ca\/fwsecondary\/wp-json\/wp\/v2\/pages\/560","targetHints":{"allow":["GET"]}}],"collection":[{"href":"https:\/\/smho-smso.ca\/fwsecondary\/wp-json\/wp\/v2\/pages"}],"about":[{"href":"https:\/\/smho-smso.ca\/fwsecondary\/wp-json\/wp\/v2\/types\/page"}],"author":[{"embeddable":true,"href":"https:\/\/smho-smso.ca\/fwsecondary\/wp-json\/wp\/v2\/users\/2"}],"replies":[{"embeddable":true,"href":"https:\/\/smho-smso.ca\/fwsecondary\/wp-json\/wp\/v2\/comments?post=560"}],"version-history":[{"count":5,"href":"https:\/\/smho-smso.ca\/fwsecondary\/wp-json\/wp\/v2\/pages\/560\/revisions"}],"predecessor-version":[{"id":1517,"href":"https:\/\/smho-smso.ca\/fwsecondary\/wp-json\/wp\/v2\/pages\/560\/revisions\/1517"}],"up":[{"embeddable":true,"href":"https:\/\/smho-smso.ca\/fwsecondary\/wp-json\/wp\/v2\/pages\/172"}],"wp:featuredmedia":[{"embeddable":true,"href":"https:\/\/smho-smso.ca\/fwsecondary\/wp-json\/wp\/v2\/media\/949"}],"wp:attachment":[{"href":"https:\/\/smho-smso.ca\/fwsecondary\/wp-json\/wp\/v2\/media?parent=560"}],"wp:term":[{"taxonomy":"category","embeddable":true,"href":"https:\/\/smho-smso.ca\/fwsecondary\/wp-json\/wp\/v2\/categories?post=560"},{"taxonomy":"post_tag","embeddable":true,"href":"https:\/\/smho-smso.ca\/fwsecondary\/wp-json\/wp\/v2\/tags?post=560"}],"curies":[{"name":"wp","href":"https:\/\/api.w.org\/{rel}","templated":true}]}}