{"id":554,"date":"2021-02-04T13:07:10","date_gmt":"2021-02-04T18:07:10","guid":{"rendered":"https:\/\/smho-smso.ca\/fwsecondary\/?page_id=554"},"modified":"2022-02-06T17:46:23","modified_gmt":"2022-02-06T22:46:23","slug":"priere-dexamen","status":"publish","type":"page","link":"https:\/\/smho-smso.ca\/fwsecondary\/motivation-positive-et-perseverance\/la-gratitude\/priere-dexamen\/","title":{"rendered":"Pri\u00e8re d&#8217;examen"},"content":{"rendered":"\n<div class='accordion md-accordion' id='accordion0' role='tablist' aria-multiselectable='true'><div class='card'><div class='card-header' role='tab' id='Instructions-0'><a data-toggle='collapse' data-parent='#accordion0' href='#collapseOneInstructions-0' aria-expanded='true' aria-controls='collapseOneInstructions-0'><h3 class='mb-0'><em class='fas fa-angle-down rotate-icon'><\/em> Instructions<\/h3><\/a><\/div><div id='collapseOneInstructions-0' class='collapse show' role='tabpanel' aria-labelledby='collapseOneInstructions-0' data-parent='#accordion0'><div class='card-body'><p>Dites aux \u00e9l\u00e8ves\u00a0:<\/p>\n<ul>\n<li>B\u00e9nissez-vous et prenez quelques minutes pour penser \u00e0 des choses pour lesquelles vous \u00eates reconnaissants.<\/li>\n<li>Passez un moment \u00e0 demander \u00e0 Dieu de vous montrer comment il a \u00e9t\u00e9 pr\u00e9sent avec vous aujourd\u2019hui.<\/li>\n<li>Passez mentalement en revue votre journ\u00e9e et consid\u00e9rez les moments o\u00f9 vous \u00e9tiez calme, rempli de bonheur ou simplement au sommet de votre forme. En pensant \u00e0 ces choses, consid\u00e9rez comment Dieu \u00e9tait pr\u00e9sent pour vous aujourd\u2019hui.<\/li>\n<li>Demandez le pardon et la b\u00e9n\u00e9diction continue.<\/li>\n<li>R\u00e9fl\u00e9chissez aux moyens de vous am\u00e9liorer demain et demandez l\u2019aide de Dieu.<\/li>\n<\/ul>\n<\/div><\/div><\/div><div class='card'><div class='card-header' role='tab' id='Adaptations-0'><a data-toggle='collapse' data-parent='#accordion0' href='#collapseOneAdaptations-0' aria-expanded='false' aria-controls='collapseOneAdaptations-0'><h3 class='mb-0'><em class='fas fa-angle-down rotate-icon'><\/em> Adaptations<\/h3><\/a><\/div><div id='collapseOneAdaptations-0' class='collapse' role='tabpanel' aria-labelledby='collapseOneAdaptations-0' data-parent='#accordion0'><div class='card-body'><p>Cela peut \u00eatre fait par l\u2019ensemble de la communaut\u00e9 scolaire via le syst\u00e8me de sonorisation.<\/p>\n<\/div><\/div><\/div><div class='card'><div class='card-header' role='tab' id='Donnes-probantes-0'><a data-toggle='collapse' data-parent='#accordion0' href='#collapseOneDonnes-probantes-0' aria-expanded='false' aria-controls='collapseOneDonnes-probantes-0'><h3 class='mb-0'><em class='fas fa-angle-down rotate-icon'><\/em> Donn\u00e9es probantes<\/h3><\/a><\/div><div id='collapseOneDonnes-probantes-0' class='collapse' role='tabpanel' aria-labelledby='collapseOneDonnes-probantes-0' data-parent='#accordion0'><div class='card-body'><p>S\u2019engager dans des pratiques de pri\u00e8res fr\u00e9quentes est positivement li\u00e9 \u00e0 une am\u00e9lioration du bien-\u00eatre et de la sant\u00e9 mentale (Schmidt et Jankowski, 2014). La m\u00eame \u00e9tude a r\u00e9v\u00e9l\u00e9 que la pri\u00e8re procurait un effet d\u2019autor\u00e9gulation qui favorisait le contr\u00f4le \u00e9motionnel et la stabilit\u00e9. Selon Maltby, Lewis et Day (2008), \u00ab les personnes qui, par leur pri\u00e8re, s\u2019adonnent \u00e0 des pens\u00e9es et des sentiments calmes envers Dieu, et ce, de mani\u00e8re silencieuse, qui prient r\u00e9guli\u00e8rement, ou qui ont des sentiments de bien-\u00eatre profond ou une profonde exp\u00e9rience de Dieu, rapportent un meilleur bien-\u00eatre subjectif. \u00bb<\/p>\n<\/div><\/div><\/div><div class='card'><div class='card-header' role='tab' id='Rfrences-0'><a data-toggle='collapse' data-parent='#accordion0' href='#collapseOneRfrences-0' aria-expanded='false' aria-controls='collapseOneRfrences-0'><h3 class='mb-0'><em class='fas fa-angle-down rotate-icon'><\/em> R\u00e9f\u00e9rences<\/h3><\/a><\/div><div id='collapseOneRfrences-0' class='collapse' role='tabpanel' aria-labelledby='collapseOneRfrences-0' data-parent='#accordion0'><div class='card-body'><p>Maltby, J., Lewis, C. A., &amp; Day, L. (2008). Prayer and subjective well-being: The application of a cognitive-behavioural framework. <em>Mental health, religion and culture, 11<\/em>(1), 119-129.<\/p>\n<p>Schmidt, E. M., &amp; Jankowski, P. J. (2014). Predictors of relational aggression and the moderating role of religiousness. <em>Journal of Aggression, Maltreatment &amp; Trauma, 23<\/em>(4), 333-350.<\/p>\n<\/div><\/div><\/div><div class='card'><div class='card-header' role='tab' id='Connexions-au-catholicisme-0'><a data-toggle='collapse' data-parent='#accordion0' href='#collapseOneConnexions-au-catholicisme-0' aria-expanded='false' aria-controls='collapseOneConnexions-au-catholicisme-0'><h3 class='mb-0'><em class='fas fa-angle-down rotate-icon'><\/em> Connexions au catholicisme<\/h3><\/a><\/div><div id='collapseOneConnexions-au-catholicisme-0' class='collapse' role='tabpanel' aria-labelledby='collapseOneConnexions-au-catholicisme-0' data-parent='#accordion0'><div class='card-body'><p>Le Cat\u00e9chisme de l\u2019\u00c9glise catholique d\u00e9clare que Dieu souhaite que tout le monde appelle l\u2019homme \u00ab \u00e0 le chercher, \u00e0 le conna\u00eetre, \u00e0 l\u2019aimer de toutes ses forces \u00bb. L\u2019Examen g\u00e9n\u00e9ral a \u00e9t\u00e9 d\u00e9velopp\u00e9e par Saint Ignace de Loyola, fondateur des J\u00e9suites, pour que l\u2019homme connaisse Dieu. C\u2019est une r\u00e9flexion bien connue et largement pratiqu\u00e9e qui permet \u00e0 tous ceux qui la pratiquent de voir Dieu \u00e0 l\u2019\u0153uvre dans leur journ\u00e9e et de faire l\u2019exp\u00e9rience de la gr\u00e2ce qui abonde dans leur vie.<\/p>\n<\/div><\/div><\/div><div class='card'><div class='card-header' role='tab' id='Profil-des-finissants-des-coles-catholiques-0'><a data-toggle='collapse' data-parent='#accordion0' href='#collapseOneProfil-des-finissants-des-coles-catholiques-0' aria-expanded='false' aria-controls='collapseOneProfil-des-finissants-des-coles-catholiques-0'><h3 class='mb-0'><em class='fas fa-angle-down rotate-icon'><\/em> Profil des finissants des \u00e9coles catholiques<\/h3><\/a><\/div><div id='collapseOneProfil-des-finissants-des-coles-catholiques-0' class='collapse' role='tabpanel' aria-labelledby='collapseOneProfil-des-finissants-des-coles-catholiques-0' data-parent='#accordion0'><div class='card-body'><p>(1c) Un croyant qui vit chaque jour sa foi dans la communaut\u00e9 catholique et qui cherche \u00e0 entrer en communion avec Dieu, avec les autres et avec la cr\u00e9ation tout enti\u00e8re par la pri\u00e8re et les c\u00e9l\u00e9brations liturgiques.<\/p>\n<\/div><\/div><\/div><\/div>\n","protected":false},"excerpt":{"rendered":"<p>D\u00e9velopper la capacit\u00e9 \u00e0 r\u00e9fl\u00e9chir sur les \u00e9l\u00e9ments positifs de notre vie tout en d\u00e9veloppant une compr\u00e9hension personnelle de nos domaines de besoin et de croissance<\/p>\n","protected":false},"author":2,"featured_media":916,"parent":172,"menu_order":0,"comment_status":"closed","ping_status":"closed","template":"practice-template.php","meta":{"_acf_changed":false,"footnotes":""},"categories":[123,117,137,129,115,145],"tags":[],"class_list":["post-554","page","type-page","status-publish","has-post-thumbnail","hentry","category-aucun-materiel-requis","category-comprendre","category-motivation-positive-et-perseverance","category-option-virtuelle","category-promouvoir","category-quotidienne"],"acf":[],"_links":{"self":[{"href":"https:\/\/smho-smso.ca\/fwsecondary\/wp-json\/wp\/v2\/pages\/554","targetHints":{"allow":["GET"]}}],"collection":[{"href":"https:\/\/smho-smso.ca\/fwsecondary\/wp-json\/wp\/v2\/pages"}],"about":[{"href":"https:\/\/smho-smso.ca\/fwsecondary\/wp-json\/wp\/v2\/types\/page"}],"author":[{"embeddable":true,"href":"https:\/\/smho-smso.ca\/fwsecondary\/wp-json\/wp\/v2\/users\/2"}],"replies":[{"embeddable":true,"href":"https:\/\/smho-smso.ca\/fwsecondary\/wp-json\/wp\/v2\/comments?post=554"}],"version-history":[{"count":7,"href":"https:\/\/smho-smso.ca\/fwsecondary\/wp-json\/wp\/v2\/pages\/554\/revisions"}],"predecessor-version":[{"id":1512,"href":"https:\/\/smho-smso.ca\/fwsecondary\/wp-json\/wp\/v2\/pages\/554\/revisions\/1512"}],"up":[{"embeddable":true,"href":"https:\/\/smho-smso.ca\/fwsecondary\/wp-json\/wp\/v2\/pages\/172"}],"wp:featuredmedia":[{"embeddable":true,"href":"https:\/\/smho-smso.ca\/fwsecondary\/wp-json\/wp\/v2\/media\/916"}],"wp:attachment":[{"href":"https:\/\/smho-smso.ca\/fwsecondary\/wp-json\/wp\/v2\/media?parent=554"}],"wp:term":[{"taxonomy":"category","embeddable":true,"href":"https:\/\/smho-smso.ca\/fwsecondary\/wp-json\/wp\/v2\/categories?post=554"},{"taxonomy":"post_tag","embeddable":true,"href":"https:\/\/smho-smso.ca\/fwsecondary\/wp-json\/wp\/v2\/tags?post=554"}],"curies":[{"name":"wp","href":"https:\/\/api.w.org\/{rel}","templated":true}]}}