{"id":496,"date":"2021-02-04T12:43:09","date_gmt":"2021-02-04T17:43:09","guid":{"rendered":"https:\/\/smho-smso.ca\/fwsecondary\/?page_id=496"},"modified":"2022-02-03T00:05:15","modified_gmt":"2022-02-03T05:05:15","slug":"verifie-ta-comprehension","status":"publish","type":"page","link":"https:\/\/smho-smso.ca\/fwsecondary\/pensee-critique-et-creative-fonctions-executives\/la-metacognition\/verifie-ta-comprehension\/","title":{"rendered":"V\u00e9rifie ta compr\u00e9hension"},"content":{"rendered":"\n<div class='accordion md-accordion' id='accordion0' role='tablist' aria-multiselectable='true'><div class='card'><div class='card-header' role='tab' id='Instructions-0'><a data-toggle='collapse' data-parent='#accordion0' href='#collapseOneInstructions-0' aria-expanded='true' aria-controls='collapseOneInstructions-0'><h3 class='mb-0'><em class='fas fa-angle-down rotate-icon'><\/em> Instructions<\/h3><\/a><\/div><div id='collapseOneInstructions-0' class='collapse show' role='tabpanel' aria-labelledby='collapseOneInstructions-0' data-parent='#accordion0'><div class='card-body'><p>Pendant que les \u00e9l\u00e8ves travaillent de fa\u00e7on ind\u00e9pendante, demandez-leur de se poser les 5\u00a0courtes questions suivantes\u00a0:<\/p>\n<ul>\n<li>Sur quoi est-ce que je travaille et pourquoi?<\/li>\n<li>Comment \u00e7a se passe?<\/li>\n<li>Est-ce que j\u2019ai besoin de soutien?<\/li>\n<li>Quelle est la prochaine \u00e9tape?<\/li>\n<li>Comment utiliser mes forces?<\/li>\n<\/ul>\n<\/div><\/div><\/div><div class='card'><div class='card-header' role='tab' id='Adaptations-0'><a data-toggle='collapse' data-parent='#accordion0' href='#collapseOneAdaptations-0' aria-expanded='false' aria-controls='collapseOneAdaptations-0'><h3 class='mb-0'><em class='fas fa-angle-down rotate-icon'><\/em> Adaptations<\/h3><\/a><\/div><div id='collapseOneAdaptations-0' class='collapse' role='tabpanel' aria-labelledby='collapseOneAdaptations-0' data-parent='#accordion0'><div class='card-body'><ul>\n<li>Utilisez des \u00e9chafaudages :\n<ul>\n<li>Invitez les \u00e9l\u00e8ves \u00e0 prendre des notes sur les questions pendant qu\u2019ils travaillent.<\/li>\n<li>Travaillez \u00e0 partager une ou plusieurs r\u00e9ponses avec un partenaire.<\/li>\n<li>Travaillez \u00e0 l\u2019auto-v\u00e9rification ind\u00e9pendante de la compr\u00e9hension.<\/li>\n<\/ul>\n<\/li>\n<\/ul>\n<ul>\n<li style=\"list-style-type: none\"><\/li>\n<\/ul>\n<ul>\n<li>Utilisez les 5 questions comme carte de sortie.<\/li>\n<\/ul>\n<\/div><\/div><\/div><div class='card'><div class='card-header' role='tab' id='Donnes-probantes-0'><a data-toggle='collapse' data-parent='#accordion0' href='#collapseOneDonnes-probantes-0' aria-expanded='false' aria-controls='collapseOneDonnes-probantes-0'><h3 class='mb-0'><em class='fas fa-angle-down rotate-icon'><\/em> Donn\u00e9es probantes<\/h3><\/a><\/div><div id='collapseOneDonnes-probantes-0' class='collapse' role='tabpanel' aria-labelledby='collapseOneDonnes-probantes-0' data-parent='#accordion0'><div class='card-body'><p>Les recherches portent \u00e0 croire que les techniques d\u2019entretien motivationnel (questions encourageantes) peuvent aider \u00e0 am\u00e9liorer le rendement des \u00e9l\u00e8ves \u00e0 l\u2019\u00e9cole. Encourager les \u00e9l\u00e8ves \u00e0 utiliser ces habilet\u00e9s de fa\u00e7on autonome pour v\u00e9rifier leur propre apprentissage peut aider \u00e0 renforcer leur capacit\u00e9 \u00e0 s\u2019autosurveiller, ce qui augmente leur capacit\u00e9 d\u2019atteindre leurs objectifs (Embry et Biglan, 2008).<\/p>\n<\/div><\/div><\/div><div class='card'><div class='card-header' role='tab' id='Rfrences-0'><a data-toggle='collapse' data-parent='#accordion0' href='#collapseOneRfrences-0' aria-expanded='false' aria-controls='collapseOneRfrences-0'><h3 class='mb-0'><em class='fas fa-angle-down rotate-icon'><\/em> R\u00e9f\u00e9rences<\/h3><\/a><\/div><div id='collapseOneRfrences-0' class='collapse' role='tabpanel' aria-labelledby='collapseOneRfrences-0' data-parent='#accordion0'><div class='card-body'><p>Embry, D. D., &amp; Biglan, A. (2008). Evidence-based kernels: fundamental units of behavioral influence. <em>Clinical child and family psychology review, 11<\/em>(3), 75\u2013113. doi:10.1007\/s10567-008-0036-x<\/p>\n<\/div><\/div><\/div><div class='card'><div class='card-header' role='tab' id='Connexions-au-catholicisme-0'><a data-toggle='collapse' data-parent='#accordion0' href='#collapseOneConnexions-au-catholicisme-0' aria-expanded='false' aria-controls='collapseOneConnexions-au-catholicisme-0'><h3 class='mb-0'><em class='fas fa-angle-down rotate-icon'><\/em> Connexions au catholicisme<\/h3><\/a><\/div><div id='collapseOneConnexions-au-catholicisme-0' class='collapse' role='tabpanel' aria-labelledby='collapseOneConnexions-au-catholicisme-0' data-parent='#accordion0'><div class='card-body'><p>Saint-Paul dit : \u00ab\u00a0Examinez-vous vous-m\u00eames, pour savoir si vous \u00eates dans la foi; \u00e9prouvez-vous vous-m\u00eames\u00a0\u00bb (Corinthiens 13:5). Notre d\u00e9veloppement, spirituel ou autre, n\u00e9cessite une r\u00e9flexion personnelle continue et honn\u00eate. C\u2019est le fondement du d\u00e9veloppement de la compassion et de l\u2019empathie et de la r\u00e9alisation de notre potentiel donn\u00e9 par Dieu.<\/p>\n<\/div><\/div><\/div><div class='card'><div class='card-header' role='tab' id='Profil-des-finissants-des-coles-catholiques-0'><a data-toggle='collapse' data-parent='#accordion0' href='#collapseOneProfil-des-finissants-des-coles-catholiques-0' aria-expanded='false' aria-controls='collapseOneProfil-des-finissants-des-coles-catholiques-0'><h3 class='mb-0'><em class='fas fa-angle-down rotate-icon'><\/em> Profil des finissants des \u00e9coles catholiques<\/h3><\/a><\/div><div id='collapseOneProfil-des-finissants-des-coles-catholiques-0' class='collapse' role='tabpanel' aria-labelledby='collapseOneProfil-des-finissants-des-coles-catholiques-0' data-parent='#accordion0'><div class='card-body'><p>(2c) Un penseur r\u00e9fl\u00e9chi et cr\u00e9atif qui r\u00e9fl\u00e9chit de mani\u00e8re cr\u00e9atrice pour \u00e9valuer des situations et r\u00e9soudre des probl\u00e8mes.<\/p>\n<\/div><\/div><\/div><\/div>\n","protected":false},"excerpt":{"rendered":"<p>Aider les \u00e9l\u00e8ves \u00e0 prendre l\u2019habitude d\u2019utiliser leurs habilet\u00e9s d\u2019autor\u00e9flexion de mani\u00e8re \u00e0 pouvoir v\u00e9rifier r\u00e9guli\u00e8rement leur fa\u00e7on de penser<\/p>\n","protected":false},"author":2,"featured_media":883,"parent":229,"menu_order":0,"comment_status":"closed","ping_status":"closed","template":"practice-template.php","meta":{"_acf_changed":false,"footnotes":""},"categories":[123,117,129,131,149,115],"tags":[],"class_list":["post-496","page","type-page","status-publish","has-post-thumbnail","hentry","category-aucun-materiel-requis","category-comprendre","category-option-virtuelle","category-pensee-critique-et-creative-fonction-executive","category-plusieurs-fois-par-jour","category-promouvoir"],"acf":[],"_links":{"self":[{"href":"https:\/\/smho-smso.ca\/fwsecondary\/wp-json\/wp\/v2\/pages\/496","targetHints":{"allow":["GET"]}}],"collection":[{"href":"https:\/\/smho-smso.ca\/fwsecondary\/wp-json\/wp\/v2\/pages"}],"about":[{"href":"https:\/\/smho-smso.ca\/fwsecondary\/wp-json\/wp\/v2\/types\/page"}],"author":[{"embeddable":true,"href":"https:\/\/smho-smso.ca\/fwsecondary\/wp-json\/wp\/v2\/users\/2"}],"replies":[{"embeddable":true,"href":"https:\/\/smho-smso.ca\/fwsecondary\/wp-json\/wp\/v2\/comments?post=496"}],"version-history":[{"count":5,"href":"https:\/\/smho-smso.ca\/fwsecondary\/wp-json\/wp\/v2\/pages\/496\/revisions"}],"predecessor-version":[{"id":1449,"href":"https:\/\/smho-smso.ca\/fwsecondary\/wp-json\/wp\/v2\/pages\/496\/revisions\/1449"}],"up":[{"embeddable":true,"href":"https:\/\/smho-smso.ca\/fwsecondary\/wp-json\/wp\/v2\/pages\/229"}],"wp:featuredmedia":[{"embeddable":true,"href":"https:\/\/smho-smso.ca\/fwsecondary\/wp-json\/wp\/v2\/media\/883"}],"wp:attachment":[{"href":"https:\/\/smho-smso.ca\/fwsecondary\/wp-json\/wp\/v2\/media?parent=496"}],"wp:term":[{"taxonomy":"category","embeddable":true,"href":"https:\/\/smho-smso.ca\/fwsecondary\/wp-json\/wp\/v2\/categories?post=496"},{"taxonomy":"post_tag","embeddable":true,"href":"https:\/\/smho-smso.ca\/fwsecondary\/wp-json\/wp\/v2\/tags?post=496"}],"curies":[{"name":"wp","href":"https:\/\/api.w.org\/{rel}","templated":true}]}}