{"id":242,"date":"2020-12-04T10:38:01","date_gmt":"2020-12-04T15:38:01","guid":{"rendered":"https:\/\/smho-smso.ca\/fwsecondary\/?page_id=242"},"modified":"2021-03-05T17:38:29","modified_gmt":"2021-03-05T22:38:29","slug":"la-memoire-de-travail","status":"publish","type":"page","link":"https:\/\/smho-smso.ca\/fwsecondary\/pensee-critique-et-creative-fonctions-executives\/la-memoire-de-travail\/","title":{"rendered":"La m\u00e9moire de travail"},"content":{"rendered":"","protected":false},"excerpt":{"rendered":"<p>La m\u00e9moire de travail joue un r\u00f4le important dans l\u2019apprentissage. Elle am\u00e9liore la capacit\u00e9 des \u00e9l\u00e8ves \u00e0 retenir et \u00e0 manipuler des informations distinctes sur de courtes p\u00e9riodes. <\/p>\n","protected":false},"author":2,"featured_media":1067,"parent":97,"menu_order":0,"comment_status":"closed","ping_status":"closed","template":"child-template.php","meta":{"_acf_changed":false,"footnotes":""},"categories":[],"tags":[],"class_list":["post-242","page","type-page","status-publish","has-post-thumbnail","hentry"],"acf":[],"_links":{"self":[{"href":"https:\/\/smho-smso.ca\/fwsecondary\/wp-json\/wp\/v2\/pages\/242","targetHints":{"allow":["GET"]}}],"collection":[{"href":"https:\/\/smho-smso.ca\/fwsecondary\/wp-json\/wp\/v2\/pages"}],"about":[{"href":"https:\/\/smho-smso.ca\/fwsecondary\/wp-json\/wp\/v2\/types\/page"}],"author":[{"embeddable":true,"href":"https:\/\/smho-smso.ca\/fwsecondary\/wp-json\/wp\/v2\/users\/2"}],"replies":[{"embeddable":true,"href":"https:\/\/smho-smso.ca\/fwsecondary\/wp-json\/wp\/v2\/comments?post=242"}],"version-history":[{"count":1,"href":"https:\/\/smho-smso.ca\/fwsecondary\/wp-json\/wp\/v2\/pages\/242\/revisions"}],"predecessor-version":[{"id":243,"href":"https:\/\/smho-smso.ca\/fwsecondary\/wp-json\/wp\/v2\/pages\/242\/revisions\/243"}],"up":[{"embeddable":true,"href":"https:\/\/smho-smso.ca\/fwsecondary\/wp-json\/wp\/v2\/pages\/97"}],"wp:featuredmedia":[{"embeddable":true,"href":"https:\/\/smho-smso.ca\/fwsecondary\/wp-json\/wp\/v2\/media\/1067"}],"wp:attachment":[{"href":"https:\/\/smho-smso.ca\/fwsecondary\/wp-json\/wp\/v2\/media?parent=242"}],"wp:term":[{"taxonomy":"category","embeddable":true,"href":"https:\/\/smho-smso.ca\/fwsecondary\/wp-json\/wp\/v2\/categories?post=242"},{"taxonomy":"post_tag","embeddable":true,"href":"https:\/\/smho-smso.ca\/fwsecondary\/wp-json\/wp\/v2\/tags?post=242"}],"curies":[{"name":"wp","href":"https:\/\/api.w.org\/{rel}","templated":true}]}}