{"id":237,"date":"2020-12-04T10:37:09","date_gmt":"2020-12-04T15:37:09","guid":{"rendered":"https:\/\/smho-smso.ca\/fwsecondary\/?page_id=237"},"modified":"2021-03-05T15:50:30","modified_gmt":"2021-03-05T20:50:30","slug":"la-resolution-de-problemes","status":"publish","type":"page","link":"https:\/\/smho-smso.ca\/fwsecondary\/pensee-critique-et-creative-fonctions-executives\/la-resolution-de-problemes\/","title":{"rendered":"La r\u00e9solution de probl\u00e8mes"},"content":{"rendered":"","protected":false},"excerpt":{"rendered":"<p>Savoir r\u00e9soudre les probl\u00e8mes est une comp\u00e9tence qui aide les \u00e9l\u00e8ves \u00e0 assumer la responsabilit\u00e9 de leur propre apprentissage, \u00e0 g\u00e9rer les conflits, \u00e0 explorer des options et \u00e0 \u00e9laborer des plans d\u2019action. Elle permet aux \u00e9l\u00e8ves d\u2019identifier, d\u2019analyser et de trouver des solutions aux obstacles auxquels ils sont confront\u00e9s.<\/p>\n","protected":false},"author":2,"featured_media":1011,"parent":97,"menu_order":0,"comment_status":"closed","ping_status":"closed","template":"child-template.php","meta":{"_acf_changed":false,"footnotes":""},"categories":[],"tags":[],"class_list":["post-237","page","type-page","status-publish","has-post-thumbnail","hentry"],"acf":[],"_links":{"self":[{"href":"https:\/\/smho-smso.ca\/fwsecondary\/wp-json\/wp\/v2\/pages\/237","targetHints":{"allow":["GET"]}}],"collection":[{"href":"https:\/\/smho-smso.ca\/fwsecondary\/wp-json\/wp\/v2\/pages"}],"about":[{"href":"https:\/\/smho-smso.ca\/fwsecondary\/wp-json\/wp\/v2\/types\/page"}],"author":[{"embeddable":true,"href":"https:\/\/smho-smso.ca\/fwsecondary\/wp-json\/wp\/v2\/users\/2"}],"replies":[{"embeddable":true,"href":"https:\/\/smho-smso.ca\/fwsecondary\/wp-json\/wp\/v2\/comments?post=237"}],"version-history":[{"count":1,"href":"https:\/\/smho-smso.ca\/fwsecondary\/wp-json\/wp\/v2\/pages\/237\/revisions"}],"predecessor-version":[{"id":238,"href":"https:\/\/smho-smso.ca\/fwsecondary\/wp-json\/wp\/v2\/pages\/237\/revisions\/238"}],"up":[{"embeddable":true,"href":"https:\/\/smho-smso.ca\/fwsecondary\/wp-json\/wp\/v2\/pages\/97"}],"wp:featuredmedia":[{"embeddable":true,"href":"https:\/\/smho-smso.ca\/fwsecondary\/wp-json\/wp\/v2\/media\/1011"}],"wp:attachment":[{"href":"https:\/\/smho-smso.ca\/fwsecondary\/wp-json\/wp\/v2\/media?parent=237"}],"wp:term":[{"taxonomy":"category","embeddable":true,"href":"https:\/\/smho-smso.ca\/fwsecondary\/wp-json\/wp\/v2\/categories?post=237"},{"taxonomy":"post_tag","embeddable":true,"href":"https:\/\/smho-smso.ca\/fwsecondary\/wp-json\/wp\/v2\/tags?post=237"}],"curies":[{"name":"wp","href":"https:\/\/api.w.org\/{rel}","templated":true}]}}