{"id":229,"date":"2020-12-04T10:34:36","date_gmt":"2020-12-04T15:34:36","guid":{"rendered":"https:\/\/smho-smso.ca\/fwsecondary\/?page_id=229"},"modified":"2021-03-05T11:13:56","modified_gmt":"2021-03-05T16:13:56","slug":"la-metacognition","status":"publish","type":"page","link":"https:\/\/smho-smso.ca\/fwsecondary\/pensee-critique-et-creative-fonctions-executives\/la-metacognition\/","title":{"rendered":"La m\u00e9tacognition"},"content":{"rendered":"","protected":false},"excerpt":{"rendered":"<p>En enseignant aux \u00e9l\u00e8ves la m\u00e9tacognition \u2013 penser \u00e0 notre fa\u00e7on de penser \u2013 le personnel scolaire aide les \u00e9l\u00e8ves \u00e0 prendre conscience de leurs propres fa\u00e7ons d\u2019apprendre. Les \u00e9l\u00e8ves qui appliquent cette strat\u00e9gie ont tendance \u00e0 apprendre plus efficacement.<\/p>\n","protected":false},"author":2,"featured_media":971,"parent":97,"menu_order":0,"comment_status":"closed","ping_status":"closed","template":"child-template.php","meta":{"_acf_changed":false,"footnotes":""},"categories":[],"tags":[],"class_list":["post-229","page","type-page","status-publish","has-post-thumbnail","hentry"],"acf":[],"_links":{"self":[{"href":"https:\/\/smho-smso.ca\/fwsecondary\/wp-json\/wp\/v2\/pages\/229","targetHints":{"allow":["GET"]}}],"collection":[{"href":"https:\/\/smho-smso.ca\/fwsecondary\/wp-json\/wp\/v2\/pages"}],"about":[{"href":"https:\/\/smho-smso.ca\/fwsecondary\/wp-json\/wp\/v2\/types\/page"}],"author":[{"embeddable":true,"href":"https:\/\/smho-smso.ca\/fwsecondary\/wp-json\/wp\/v2\/users\/2"}],"replies":[{"embeddable":true,"href":"https:\/\/smho-smso.ca\/fwsecondary\/wp-json\/wp\/v2\/comments?post=229"}],"version-history":[{"count":1,"href":"https:\/\/smho-smso.ca\/fwsecondary\/wp-json\/wp\/v2\/pages\/229\/revisions"}],"predecessor-version":[{"id":230,"href":"https:\/\/smho-smso.ca\/fwsecondary\/wp-json\/wp\/v2\/pages\/229\/revisions\/230"}],"up":[{"embeddable":true,"href":"https:\/\/smho-smso.ca\/fwsecondary\/wp-json\/wp\/v2\/pages\/97"}],"wp:featuredmedia":[{"embeddable":true,"href":"https:\/\/smho-smso.ca\/fwsecondary\/wp-json\/wp\/v2\/media\/971"}],"wp:attachment":[{"href":"https:\/\/smho-smso.ca\/fwsecondary\/wp-json\/wp\/v2\/media?parent=229"}],"wp:term":[{"taxonomy":"category","embeddable":true,"href":"https:\/\/smho-smso.ca\/fwsecondary\/wp-json\/wp\/v2\/categories?post=229"},{"taxonomy":"post_tag","embeddable":true,"href":"https:\/\/smho-smso.ca\/fwsecondary\/wp-json\/wp\/v2\/tags?post=229"}],"curies":[{"name":"wp","href":"https:\/\/api.w.org\/{rel}","templated":true}]}}