{"id":225,"date":"2020-12-04T10:33:38","date_gmt":"2020-12-04T15:33:38","guid":{"rendered":"https:\/\/smho-smso.ca\/fwsecondary\/?page_id=225"},"modified":"2021-03-05T11:10:53","modified_gmt":"2021-03-05T16:10:53","slug":"compter-pour-les-autres","status":"publish","type":"page","link":"https:\/\/smho-smso.ca\/fwsecondary\/conscience-de-soi-et-sentiment-didentite-personnelle\/compter-pour-les-autres\/","title":{"rendered":"Compter pour les autres"},"content":{"rendered":"","protected":false},"excerpt":{"rendered":"<p>Les pratiques qui renforcent le sentiment de compter peuvent am\u00e9liorer la confiance en soi des \u00e9l\u00e8ves, leur estime de soi et leur perception de pouvoir avoir une influence positive sur les autres et sur le monde qui les entoure. <\/p>\n","protected":false},"author":2,"featured_media":969,"parent":93,"menu_order":0,"comment_status":"closed","ping_status":"closed","template":"child-template.php","meta":{"_acf_changed":false,"footnotes":""},"categories":[],"tags":[],"class_list":["post-225","page","type-page","status-publish","has-post-thumbnail","hentry"],"acf":[],"_links":{"self":[{"href":"https:\/\/smho-smso.ca\/fwsecondary\/wp-json\/wp\/v2\/pages\/225","targetHints":{"allow":["GET"]}}],"collection":[{"href":"https:\/\/smho-smso.ca\/fwsecondary\/wp-json\/wp\/v2\/pages"}],"about":[{"href":"https:\/\/smho-smso.ca\/fwsecondary\/wp-json\/wp\/v2\/types\/page"}],"author":[{"embeddable":true,"href":"https:\/\/smho-smso.ca\/fwsecondary\/wp-json\/wp\/v2\/users\/2"}],"replies":[{"embeddable":true,"href":"https:\/\/smho-smso.ca\/fwsecondary\/wp-json\/wp\/v2\/comments?post=225"}],"version-history":[{"count":3,"href":"https:\/\/smho-smso.ca\/fwsecondary\/wp-json\/wp\/v2\/pages\/225\/revisions"}],"predecessor-version":[{"id":792,"href":"https:\/\/smho-smso.ca\/fwsecondary\/wp-json\/wp\/v2\/pages\/225\/revisions\/792"}],"up":[{"embeddable":true,"href":"https:\/\/smho-smso.ca\/fwsecondary\/wp-json\/wp\/v2\/pages\/93"}],"wp:featuredmedia":[{"embeddable":true,"href":"https:\/\/smho-smso.ca\/fwsecondary\/wp-json\/wp\/v2\/media\/969"}],"wp:attachment":[{"href":"https:\/\/smho-smso.ca\/fwsecondary\/wp-json\/wp\/v2\/media?parent=225"}],"wp:term":[{"taxonomy":"category","embeddable":true,"href":"https:\/\/smho-smso.ca\/fwsecondary\/wp-json\/wp\/v2\/categories?post=225"},{"taxonomy":"post_tag","embeddable":true,"href":"https:\/\/smho-smso.ca\/fwsecondary\/wp-json\/wp\/v2\/tags?post=225"}],"curies":[{"name":"wp","href":"https:\/\/api.w.org\/{rel}","templated":true}]}}