{"id":221,"date":"2020-12-04T10:25:49","date_gmt":"2020-12-04T15:25:49","guid":{"rendered":"https:\/\/smho-smso.ca\/fwsecondary\/?page_id=221"},"modified":"2021-03-05T10:31:57","modified_gmt":"2021-03-05T15:31:57","slug":"se-connaitre","status":"publish","type":"page","link":"https:\/\/smho-smso.ca\/fwsecondary\/conscience-de-soi-et-sentiment-didentite-personnelle\/se-connaitre\/","title":{"rendered":"Se conna\u00eetre"},"content":{"rendered":"","protected":false},"excerpt":{"rendered":"<p>Les \u00e9l\u00e8ves peuvent apprendre \u00e0 identifier des aspects de leur personnalit\u00e9 et de leurs perspectives, et \u00e0 les partager avec leurs camarades de classe. Cela peut aider les \u00e9l\u00e8ves \u00e0 d\u00e9velopper leur conscience de soi et leur sentiment d&#8217;identit\u00e9 personnelle.<\/p>\n","protected":false},"author":2,"featured_media":961,"parent":93,"menu_order":0,"comment_status":"closed","ping_status":"closed","template":"child-template.php","meta":{"_acf_changed":false,"footnotes":""},"categories":[],"tags":[],"class_list":["post-221","page","type-page","status-publish","has-post-thumbnail","hentry"],"acf":[],"_links":{"self":[{"href":"https:\/\/smho-smso.ca\/fwsecondary\/wp-json\/wp\/v2\/pages\/221","targetHints":{"allow":["GET"]}}],"collection":[{"href":"https:\/\/smho-smso.ca\/fwsecondary\/wp-json\/wp\/v2\/pages"}],"about":[{"href":"https:\/\/smho-smso.ca\/fwsecondary\/wp-json\/wp\/v2\/types\/page"}],"author":[{"embeddable":true,"href":"https:\/\/smho-smso.ca\/fwsecondary\/wp-json\/wp\/v2\/users\/2"}],"replies":[{"embeddable":true,"href":"https:\/\/smho-smso.ca\/fwsecondary\/wp-json\/wp\/v2\/comments?post=221"}],"version-history":[{"count":1,"href":"https:\/\/smho-smso.ca\/fwsecondary\/wp-json\/wp\/v2\/pages\/221\/revisions"}],"predecessor-version":[{"id":222,"href":"https:\/\/smho-smso.ca\/fwsecondary\/wp-json\/wp\/v2\/pages\/221\/revisions\/222"}],"up":[{"embeddable":true,"href":"https:\/\/smho-smso.ca\/fwsecondary\/wp-json\/wp\/v2\/pages\/93"}],"wp:featuredmedia":[{"embeddable":true,"href":"https:\/\/smho-smso.ca\/fwsecondary\/wp-json\/wp\/v2\/media\/961"}],"wp:attachment":[{"href":"https:\/\/smho-smso.ca\/fwsecondary\/wp-json\/wp\/v2\/media?parent=221"}],"wp:term":[{"taxonomy":"category","embeddable":true,"href":"https:\/\/smho-smso.ca\/fwsecondary\/wp-json\/wp\/v2\/categories?post=221"},{"taxonomy":"post_tag","embeddable":true,"href":"https:\/\/smho-smso.ca\/fwsecondary\/wp-json\/wp\/v2\/tags?post=221"}],"curies":[{"name":"wp","href":"https:\/\/api.w.org\/{rel}","templated":true}]}}