{"id":205,"date":"2020-12-04T10:14:21","date_gmt":"2020-12-04T15:14:21","guid":{"rendered":"https:\/\/smho-smso.ca\/fwsecondary\/?page_id=205"},"modified":"2021-03-03T14:24:17","modified_gmt":"2021-03-03T19:24:17","slug":"la-resolution-de-conflit","status":"publish","type":"page","link":"https:\/\/smho-smso.ca\/fwsecondary\/relations-saines\/la-resolution-de-conflit\/","title":{"rendered":"La r\u00e9solution de conflit"},"content":{"rendered":"","protected":false},"excerpt":{"rendered":"<p>Les comp\u00e9tences n\u00e9cessaires pour r\u00e9soudre les conflits doivent \u00eatre expliqu\u00e9es et mises en pratique dans un cadre s\u00e9curitaire et encourageant. Apprendre les fa\u00e7ons appropri\u00e9es de r\u00e9soudre les conflits, en utilisant des mots, a une incidence b\u00e9n\u00e9fique pour les \u00e9l\u00e8ves.<\/p>\n","protected":false},"author":2,"featured_media":892,"parent":89,"menu_order":0,"comment_status":"closed","ping_status":"closed","template":"child-template.php","meta":{"_acf_changed":false,"footnotes":""},"categories":[],"tags":[],"class_list":["post-205","page","type-page","status-publish","has-post-thumbnail","hentry"],"acf":[],"_links":{"self":[{"href":"https:\/\/smho-smso.ca\/fwsecondary\/wp-json\/wp\/v2\/pages\/205","targetHints":{"allow":["GET"]}}],"collection":[{"href":"https:\/\/smho-smso.ca\/fwsecondary\/wp-json\/wp\/v2\/pages"}],"about":[{"href":"https:\/\/smho-smso.ca\/fwsecondary\/wp-json\/wp\/v2\/types\/page"}],"author":[{"embeddable":true,"href":"https:\/\/smho-smso.ca\/fwsecondary\/wp-json\/wp\/v2\/users\/2"}],"replies":[{"embeddable":true,"href":"https:\/\/smho-smso.ca\/fwsecondary\/wp-json\/wp\/v2\/comments?post=205"}],"version-history":[{"count":1,"href":"https:\/\/smho-smso.ca\/fwsecondary\/wp-json\/wp\/v2\/pages\/205\/revisions"}],"predecessor-version":[{"id":206,"href":"https:\/\/smho-smso.ca\/fwsecondary\/wp-json\/wp\/v2\/pages\/205\/revisions\/206"}],"up":[{"embeddable":true,"href":"https:\/\/smho-smso.ca\/fwsecondary\/wp-json\/wp\/v2\/pages\/89"}],"wp:featuredmedia":[{"embeddable":true,"href":"https:\/\/smho-smso.ca\/fwsecondary\/wp-json\/wp\/v2\/media\/892"}],"wp:attachment":[{"href":"https:\/\/smho-smso.ca\/fwsecondary\/wp-json\/wp\/v2\/media?parent=205"}],"wp:term":[{"taxonomy":"category","embeddable":true,"href":"https:\/\/smho-smso.ca\/fwsecondary\/wp-json\/wp\/v2\/categories?post=205"},{"taxonomy":"post_tag","embeddable":true,"href":"https:\/\/smho-smso.ca\/fwsecondary\/wp-json\/wp\/v2\/tags?post=205"}],"curies":[{"name":"wp","href":"https:\/\/api.w.org\/{rel}","templated":true}]}}