{"id":184,"date":"2020-12-04T09:54:02","date_gmt":"2020-12-04T14:54:02","guid":{"rendered":"https:\/\/smho-smso.ca\/fwsecondary\/?page_id=184"},"modified":"2022-02-06T22:34:46","modified_gmt":"2022-02-07T03:34:46","slug":"pratiquer-loptimisme","status":"publish","type":"page","link":"https:\/\/smho-smso.ca\/fwsecondary\/motivation-positive-et-perseverance\/pratiquer-loptimisme\/","title":{"rendered":"Pratiquer l\u2019optimisme"},"content":{"rendered":"","protected":false},"excerpt":{"rendered":"<p>Lorsque les \u00e9l\u00e8ves sont optimistes dans leurs interactions avec les autres et dans leur vision du monde, ils sont plus susceptibles d\u2019avoir des relations positives et d\u2019avoir la motivation pour pers\u00e9v\u00e9rer et r\u00e9ussir.<\/p>\n","protected":false},"author":2,"featured_media":1007,"parent":85,"menu_order":0,"comment_status":"closed","ping_status":"closed","template":"child-template.php","meta":{"_acf_changed":false,"footnotes":""},"categories":[],"tags":[],"class_list":["post-184","page","type-page","status-publish","has-post-thumbnail","hentry"],"acf":[],"_links":{"self":[{"href":"https:\/\/smho-smso.ca\/fwsecondary\/wp-json\/wp\/v2\/pages\/184","targetHints":{"allow":["GET"]}}],"collection":[{"href":"https:\/\/smho-smso.ca\/fwsecondary\/wp-json\/wp\/v2\/pages"}],"about":[{"href":"https:\/\/smho-smso.ca\/fwsecondary\/wp-json\/wp\/v2\/types\/page"}],"author":[{"embeddable":true,"href":"https:\/\/smho-smso.ca\/fwsecondary\/wp-json\/wp\/v2\/users\/2"}],"replies":[{"embeddable":true,"href":"https:\/\/smho-smso.ca\/fwsecondary\/wp-json\/wp\/v2\/comments?post=184"}],"version-history":[{"count":1,"href":"https:\/\/smho-smso.ca\/fwsecondary\/wp-json\/wp\/v2\/pages\/184\/revisions"}],"predecessor-version":[{"id":185,"href":"https:\/\/smho-smso.ca\/fwsecondary\/wp-json\/wp\/v2\/pages\/184\/revisions\/185"}],"up":[{"embeddable":true,"href":"https:\/\/smho-smso.ca\/fwsecondary\/wp-json\/wp\/v2\/pages\/85"}],"wp:featuredmedia":[{"embeddable":true,"href":"https:\/\/smho-smso.ca\/fwsecondary\/wp-json\/wp\/v2\/media\/1007"}],"wp:attachment":[{"href":"https:\/\/smho-smso.ca\/fwsecondary\/wp-json\/wp\/v2\/media?parent=184"}],"wp:term":[{"taxonomy":"category","embeddable":true,"href":"https:\/\/smho-smso.ca\/fwsecondary\/wp-json\/wp\/v2\/categories?post=184"},{"taxonomy":"post_tag","embeddable":true,"href":"https:\/\/smho-smso.ca\/fwsecondary\/wp-json\/wp\/v2\/tags?post=184"}],"curies":[{"name":"wp","href":"https:\/\/api.w.org\/{rel}","templated":true}]}}