{"id":159,"date":"2020-12-04T09:24:47","date_gmt":"2020-12-04T14:24:47","guid":{"rendered":"https:\/\/smho-smso.ca\/fwsecondary\/?page_id=159"},"modified":"2021-03-04T16:36:08","modified_gmt":"2021-03-04T21:36:08","slug":"jauger","status":"publish","type":"page","link":"https:\/\/smho-smso.ca\/fwsecondary\/reconnaissance-et-gestion-des-emotions\/jauger\/","title":{"rendered":"Jauger"},"content":{"rendered":"","protected":false},"excerpt":{"rendered":"<p>Jauger l\u2019intensit\u00e9 de nos \u00e9motions et de nos niveaux d\u2019\u00e9nergie est un \u00e9l\u00e9ment fondamental dans le d\u00e9veloppement de l\u2019autor\u00e9gulation. En \u00e9valuant les \u00e9motions au niveau de la classe, l\u2019enseignant peut prendre la temp\u00e9rature \u00e9motionnelle de la salle et introduire des fa\u00e7ons d&#8217;adapter le ton pour aider tous les \u00e9l\u00e8ves \u00e0 se recentrer.<\/p>\n","protected":false},"author":2,"featured_media":923,"parent":81,"menu_order":0,"comment_status":"closed","ping_status":"closed","template":"child-template.php","meta":{"_acf_changed":false,"footnotes":""},"categories":[],"tags":[],"class_list":["post-159","page","type-page","status-publish","has-post-thumbnail","hentry"],"acf":[],"_links":{"self":[{"href":"https:\/\/smho-smso.ca\/fwsecondary\/wp-json\/wp\/v2\/pages\/159","targetHints":{"allow":["GET"]}}],"collection":[{"href":"https:\/\/smho-smso.ca\/fwsecondary\/wp-json\/wp\/v2\/pages"}],"about":[{"href":"https:\/\/smho-smso.ca\/fwsecondary\/wp-json\/wp\/v2\/types\/page"}],"author":[{"embeddable":true,"href":"https:\/\/smho-smso.ca\/fwsecondary\/wp-json\/wp\/v2\/users\/2"}],"replies":[{"embeddable":true,"href":"https:\/\/smho-smso.ca\/fwsecondary\/wp-json\/wp\/v2\/comments?post=159"}],"version-history":[{"count":1,"href":"https:\/\/smho-smso.ca\/fwsecondary\/wp-json\/wp\/v2\/pages\/159\/revisions"}],"predecessor-version":[{"id":160,"href":"https:\/\/smho-smso.ca\/fwsecondary\/wp-json\/wp\/v2\/pages\/159\/revisions\/160"}],"up":[{"embeddable":true,"href":"https:\/\/smho-smso.ca\/fwsecondary\/wp-json\/wp\/v2\/pages\/81"}],"wp:featuredmedia":[{"embeddable":true,"href":"https:\/\/smho-smso.ca\/fwsecondary\/wp-json\/wp\/v2\/media\/923"}],"wp:attachment":[{"href":"https:\/\/smho-smso.ca\/fwsecondary\/wp-json\/wp\/v2\/media?parent=159"}],"wp:term":[{"taxonomy":"category","embeddable":true,"href":"https:\/\/smho-smso.ca\/fwsecondary\/wp-json\/wp\/v2\/categories?post=159"},{"taxonomy":"post_tag","embeddable":true,"href":"https:\/\/smho-smso.ca\/fwsecondary\/wp-json\/wp\/v2\/tags?post=159"}],"curies":[{"name":"wp","href":"https:\/\/api.w.org\/{rel}","templated":true}]}}