{"id":971,"date":"2020-07-26T21:40:22","date_gmt":"2020-07-27T01:40:22","guid":{"rendered":"https:\/\/smho-smso.ca\/fw\/?page_id=971"},"modified":"2021-08-18T16:14:15","modified_gmt":"2021-08-18T20:14:15","slug":"cher-pape-francois","status":"publish","type":"page","link":"https:\/\/smho-smso.ca\/fw\/conscience-de-soi-et-sentiment-didentite-personnelle\/compter-pour-les-autres\/cher-pape-francois\/","title":{"rendered":"Cher pape Fran\u00e7ois"},"content":{"rendered":"\n<div class='accordion md-accordion' id='accordion0' role='tablist' aria-multiselectable='true'><div class='card'><div class='card-header' role='tab' id='Instructions-0'><a data-toggle='collapse' data-parent='#accordion0' href='#collapseOneInstructions-0' aria-expanded='true' aria-controls='collapseOneInstructions-0'><h3 class='mb-0'><em class='fas fa-angle-down rotate-icon'><\/em> Instructions<\/h3><\/a><\/div><div id='collapseOneInstructions-0' class='collapse show' role='tabpanel' aria-labelledby='collapseOneInstructions-0' data-parent='#accordion0'><div class='card-body'><ul>\n<li>Lisez \u00e0 voix haute une ou plusieurs lettres du livre \u00ab Cher Pape Fran\u00e7ois : le Pape r\u00e9pond aux lettres de tous les enfants du monde \u00bb.<\/li>\n<li>Invitez chaque \u00e9l\u00e8ve \u00e0 discuter avec un partenaire et \u00e0 pr\u00e9dire ce que le pape Fran\u00e7ois va r\u00e9pondre.<\/li>\n<li>Discutez et comparez les pr\u00e9dictions apr\u00e8s la lecture.<\/li>\n<li>Invitez les \u00e9l\u00e8ves \u00e0 \u00e9crire une lettre (ou \u00e0 cr\u00e9er une image) au pape Fran\u00e7ois, au pr\u00eatre de leur paroisse, aux autres membres de leur \u00e9glise, etc. pour leur poser des questions essentielles, comprendre leur identit\u00e9 personnelle, leur diversit\u00e9, leur chemin vers la foi, leur communaut\u00e9 et leur interconnexion.<\/li>\n<li>R\u00e9flexion\u00a0: Qu\u2019est-ce qui t\u2019intrigue?<\/li>\n<\/ul>\n<\/div><\/div><\/div><div class='card'><div class='card-header' role='tab' id='Ressources-supplmentaires-0'><a data-toggle='collapse' data-parent='#accordion0' href='#collapseOneRessources-supplmentaires-0' aria-expanded='false' aria-controls='collapseOneRessources-supplmentaires-0'><h3 class='mb-0'><em class='fas fa-angle-down rotate-icon'><\/em> Ressources suppl\u00e9mentaires<\/h3><\/a><\/div><div id='collapseOneRessources-supplmentaires-0' class='collapse' role='tabpanel' aria-labelledby='collapseOneRessources-supplmentaires-0' data-parent='#accordion0'><div class='card-body'><p>Lecture : \u00ab Cher Pape Fran\u00e7ois : le Pape r\u00e9pond aux lettres de tous les enfants du monde \u00bb, Les \u00c9ditions Novalis, 2017<\/p>\n<\/div><\/div><\/div><div class='card'><div class='card-header' role='tab' id='Adaptations-0'><a data-toggle='collapse' data-parent='#accordion0' href='#collapseOneAdaptations-0' aria-expanded='false' aria-controls='collapseOneAdaptations-0'><h3 class='mb-0'><em class='fas fa-angle-down rotate-icon'><\/em> Adaptations<\/h3><\/a><\/div><div id='collapseOneAdaptations-0' class='collapse' role='tabpanel' aria-labelledby='collapseOneAdaptations-0' data-parent='#accordion0'><div class='card-body'><ul>\n<li>Consid\u00e9rez la catholicit\u00e9 du 21<sup>e<\/sup> si\u00e8cle (@Pontifex, Pape Fran\u00e7ois sur Twitter).<\/li>\n<li>\u00c9l\u00e8ves de niveau interm\u00e9diaire\u00a0: Reliez la pratique aux r\u00e9seaux sociaux, \u00e0 la responsabilit\u00e9 num\u00e9rique, \u00e0 la justice sociale, au sacrement de la confirmation.<\/li>\n<\/ul>\n<\/div><\/div><\/div><div class='card'><div class='card-header' role='tab' id='Donnes-probantes-0'><a data-toggle='collapse' data-parent='#accordion0' href='#collapseOneDonnes-probantes-0' aria-expanded='false' aria-controls='collapseOneDonnes-probantes-0'><h3 class='mb-0'><em class='fas fa-angle-down rotate-icon'><\/em> Donn\u00e9es probantes<\/h3><\/a><\/div><div id='collapseOneDonnes-probantes-0' class='collapse' role='tabpanel' aria-labelledby='collapseOneDonnes-probantes-0' data-parent='#accordion0'><div class='card-body'><p>Apprendre la moralit\u00e9 permet aux \u00e9l\u00e8ves de d\u00e9velopper un sens de leur identit\u00e9 et leur signification, et de s&#8217;impliquer dans des interactions et des amiti\u00e9s sinc\u00e8res avec leurs pairs. Donner aux \u00e9l\u00e8ves l\u2019occasion d&#8217;explorer leur identit\u00e9 \u00e0 travers l&#8217;analyse critique et la curiosit\u00e9 d\u00e9veloppe ces comp\u00e9tences et contribue \u00e0 d\u00e9velopper des relations sinc\u00e8res et un bien-\u00eatre g\u00e9n\u00e9ral. (Malti &amp; Ongley, 2014).<\/p>\n<\/div><\/div><\/div><div class='card'><div class='card-header' role='tab' id='Rfrences-0'><a data-toggle='collapse' data-parent='#accordion0' href='#collapseOneRfrences-0' aria-expanded='false' aria-controls='collapseOneRfrences-0'><h3 class='mb-0'><em class='fas fa-angle-down rotate-icon'><\/em> R\u00e9f\u00e9rences<\/h3><\/a><\/div><div id='collapseOneRfrences-0' class='collapse' role='tabpanel' aria-labelledby='collapseOneRfrences-0' data-parent='#accordion0'><div class='card-body'><p>Malti, T., &amp; Ongley, S. F. (2014). <em>The development of moral emotions and moral reasoning Handbook of moral development, 2nd ed.<\/em> (pp. 163-183). New York, NY, US: Psychology Press.<\/p>\n<\/div><\/div><\/div><div class='card'><div class='card-header' role='tab' id='Connexions-au-catholicisme-0'><a data-toggle='collapse' data-parent='#accordion0' href='#collapseOneConnexions-au-catholicisme-0' aria-expanded='false' aria-controls='collapseOneConnexions-au-catholicisme-0'><h3 class='mb-0'><em class='fas fa-angle-down rotate-icon'><\/em> Connexions au catholicisme<\/h3><\/a><\/div><div id='collapseOneConnexions-au-catholicisme-0' class='collapse' role='tabpanel' aria-labelledby='collapseOneConnexions-au-catholicisme-0' data-parent='#accordion0'><div class='card-body'><p>Donner aux \u00e9l\u00e8ves des occasions de d\u00e9velopper leur foi de diff\u00e9rentes fa\u00e7ons, aide \u00e0 en approfondir la compr\u00e9hension et soutient une vision catholique du monde.<\/p>\n<\/div><\/div><\/div><div class='card'><div class='card-header' role='tab' id='Profil-des-finissants-des-coles-catholiques-0'><a data-toggle='collapse' data-parent='#accordion0' href='#collapseOneProfil-des-finissants-des-coles-catholiques-0' aria-expanded='false' aria-controls='collapseOneProfil-des-finissants-des-coles-catholiques-0'><h3 class='mb-0'><em class='fas fa-angle-down rotate-icon'><\/em> Profil des finissants des \u00e9coles catholiques<\/h3><\/a><\/div><div id='collapseOneProfil-des-finissants-des-coles-catholiques-0' class='collapse' role='tabpanel' aria-labelledby='collapseOneProfil-des-finissants-des-coles-catholiques-0' data-parent='#accordion0'><div class='card-body'><p>(3a) Un communicateur efficace qui fait preuve d\u2019une \u00e9coute active et critique, et ce, afin de comprendre et d\u2019apprendre, \u00e0 la lumi\u00e8re des valeurs \u00e9vang\u00e9liques.<\/p>\n<\/div><\/div><\/div><div class='card'><div class='card-header' role='tab' id='Les-quatre-domaines-du-programme-de-la-maternelle-et-du-jardin-denfants-0'><a data-toggle='collapse' data-parent='#accordion0' href='#collapseOneLes-quatre-domaines-du-programme-de-la-maternelle-et-du-jardin-denfants-0' aria-expanded='false' aria-controls='collapseOneLes-quatre-domaines-du-programme-de-la-maternelle-et-du-jardin-denfants-0'><h3 class='mb-0'><em class='fas fa-angle-down rotate-icon'><\/em> Les quatre domaines du programme de la maternelle et du jardin d\u2019enfants<\/h3><\/a><\/div><div id='collapseOneLes-quatre-domaines-du-programme-de-la-maternelle-et-du-jardin-denfants-0' class='collapse' role='tabpanel' aria-labelledby='collapseOneLes-quatre-domaines-du-programme-de-la-maternelle-et-du-jardin-denfants-0' data-parent='#accordion0'><div class='card-body'><p>Les quatre domaines du programme de la maternelle et du jardin d\u2019enfants<\/p>\n<\/div><\/div><\/div><\/div>\n","protected":false},"excerpt":{"rendered":"<p>Acqu\u00e9rir une plus grande compr\u00e9hension et appr\u00e9ciation de sa propre identit\u00e9, unicit\u00e9 et connexion avec la communaut\u00e9 catholique en provoquant la curiosit\u00e9 et la pens\u00e9e critique \u00e0 partir d&#8217;une vision catholique du monde<\/p>\n","protected":false},"author":2,"featured_media":1991,"parent":323,"menu_order":0,"comment_status":"closed","ping_status":"closed","template":"practice-template.php","meta":{"_acf_changed":false,"footnotes":""},"categories":[220,84,214,36,40,44,218],"tags":[],"class_list":["post-971","page","type-page","status-publish","has-post-thumbnail","hentry","category-comprendre","category-conscience-de-soi-et-sentiment-didentite-personnelle","category-inclure","category-intermediaire","category-moyen","category-primaire","category-promouvoir"],"acf":[],"_links":{"self":[{"href":"https:\/\/smho-smso.ca\/fw\/wp-json\/wp\/v2\/pages\/971","targetHints":{"allow":["GET"]}}],"collection":[{"href":"https:\/\/smho-smso.ca\/fw\/wp-json\/wp\/v2\/pages"}],"about":[{"href":"https:\/\/smho-smso.ca\/fw\/wp-json\/wp\/v2\/types\/page"}],"author":[{"embeddable":true,"href":"https:\/\/smho-smso.ca\/fw\/wp-json\/wp\/v2\/users\/2"}],"replies":[{"embeddable":true,"href":"https:\/\/smho-smso.ca\/fw\/wp-json\/wp\/v2\/comments?post=971"}],"version-history":[{"count":7,"href":"https:\/\/smho-smso.ca\/fw\/wp-json\/wp\/v2\/pages\/971\/revisions"}],"predecessor-version":[{"id":2731,"href":"https:\/\/smho-smso.ca\/fw\/wp-json\/wp\/v2\/pages\/971\/revisions\/2731"}],"up":[{"embeddable":true,"href":"https:\/\/smho-smso.ca\/fw\/wp-json\/wp\/v2\/pages\/323"}],"wp:featuredmedia":[{"embeddable":true,"href":"https:\/\/smho-smso.ca\/fw\/wp-json\/wp\/v2\/media\/1991"}],"wp:attachment":[{"href":"https:\/\/smho-smso.ca\/fw\/wp-json\/wp\/v2\/media?parent=971"}],"wp:term":[{"taxonomy":"category","embeddable":true,"href":"https:\/\/smho-smso.ca\/fw\/wp-json\/wp\/v2\/categories?post=971"},{"taxonomy":"post_tag","embeddable":true,"href":"https:\/\/smho-smso.ca\/fw\/wp-json\/wp\/v2\/tags?post=971"}],"curies":[{"name":"wp","href":"https:\/\/api.w.org\/{rel}","templated":true}]}}