{"id":946,"date":"2020-07-26T21:17:20","date_gmt":"2020-07-27T01:17:20","guid":{"rendered":"https:\/\/smho-smso.ca\/fw\/?page_id=946"},"modified":"2021-08-17T14:51:55","modified_gmt":"2021-08-17T18:51:55","slug":"whats-new","status":"publish","type":"page","link":"https:\/\/smho-smso.ca\/fw\/self-awareness-and-sense-of-identity\/knowing-oneself\/whats-new\/","title":{"rendered":"What\u2019s new?"},"content":{"rendered":"\n<div class='accordion md-accordion' id='accordion0' role='tablist' aria-multiselectable='true'><div class='card'><div class='card-header' role='tab' id='Instructions-0'><a data-toggle='collapse' data-parent='#accordion0' href='#collapseOneInstructions-0' aria-expanded='true' aria-controls='collapseOneInstructions-0'><h3 class='mb-0'><em class='fas fa-angle-down rotate-icon'><\/em> Instructions<\/h3><\/a><\/div><div id='collapseOneInstructions-0' class='collapse show' role='tabpanel' aria-labelledby='collapseOneInstructions-0' data-parent='#accordion0'><div class='card-body'><ul>\n<li>Introduce the bulletin board (alternative: binder, media wall, blog).<\/li>\n<li>Brainstorm with students what are appropriate things to share, contribute and celebrate (e.g., Sarah has a hockey tournament on the weekend, Mohitt passed a piano exam, Ari\u2019s family got a dog, Caleb finally finished the \u201cHarry Potter\u201d series, Trish shares her family holiday tradition,).<\/li>\n<li>Highlight any new item on the board to the class or follow up individually with a student about an event that happened (e.g., Anthony, did you win your basketball tournament?).<\/li>\n<\/ul>\n<\/div><\/div><\/div><div class='card'><div class='card-header' role='tab' id='Adaptations-0'><a data-toggle='collapse' data-parent='#accordion0' href='#collapseOneAdaptations-0' aria-expanded='false' aria-controls='collapseOneAdaptations-0'><h3 class='mb-0'><em class='fas fa-angle-down rotate-icon'><\/em> Adaptations<\/h3><\/a><\/div><div id='collapseOneAdaptations-0' class='collapse' role='tabpanel' aria-labelledby='collapseOneAdaptations-0' data-parent='#accordion0'><div class='card-body'><ul>\n<li>Instead of creating a bulletin board, a class journal of \u201cexciting news\u201d could be used, where students can write in whenever they have exciting or new news to share. The students have access to the journal to write in or to read.<\/li>\n<\/ul>\n<\/div><\/div><\/div><div class='card'><div class='card-header' role='tab' id='Evidence-0'><a data-toggle='collapse' data-parent='#accordion0' href='#collapseOneEvidence-0' aria-expanded='false' aria-controls='collapseOneEvidence-0'><h3 class='mb-0'><em class='fas fa-angle-down rotate-icon'><\/em> Evidence<\/h3><\/a><\/div><div id='collapseOneEvidence-0' class='collapse' role='tabpanel' aria-labelledby='collapseOneEvidence-0' data-parent='#accordion0'><div class='card-body'><p>Early in their education children form their own perceptions of themselves as individuals, learners, and classmates.\u00a0They develop a perspective of values and success for themselves and others. It is beneficial to allow students an opportunity to socially share experiences of value to them and their successes, supporting a chance to receive positive feedback on them, thus supporting positive self-perception (M\u00e4\u00e4tt\u00e4, et al., 2016). This opportunity is also aimed at allowing students to find new common ground with other peers, therefore encouraging the development of peer relationships based on shared interest (Wentzel, 2003).<\/p>\n<\/div><\/div><\/div><div class='card'><div class='card-header' role='tab' id='References-0'><a data-toggle='collapse' data-parent='#accordion0' href='#collapseOneReferences-0' aria-expanded='false' aria-controls='collapseOneReferences-0'><h3 class='mb-0'><em class='fas fa-angle-down rotate-icon'><\/em> References<\/h3><\/a><\/div><div id='collapseOneReferences-0' class='collapse' role='tabpanel' aria-labelledby='collapseOneReferences-0' data-parent='#accordion0'><div class='card-body'><p>M\u00e4\u00e4tt\u00e4, E., Mykk\u00e4nen, A., &amp; J\u00e4rvel\u00e4, S. (2016). Elementary Schoolchildren\u2019s Self-and Social Perceptions of Success. <em>Journal of Research in Childhood Education, 30<\/em>(2), 170-184.<\/p>\n<p>Wentzel, K. R. (2003). <em>Motivating students to behave in socially competent ways<\/em>. Theory Into Practice, 42(4), 319-326.<\/p>\n<\/div><\/div><\/div><div class='card'><div class='card-header' role='tab' id='Catholic-connection-0'><a data-toggle='collapse' data-parent='#accordion0' href='#collapseOneCatholic-connection-0' aria-expanded='false' aria-controls='collapseOneCatholic-connection-0'><h3 class='mb-0'><em class='fas fa-angle-down rotate-icon'><\/em> Catholic connection<\/h3><\/a><\/div><div id='collapseOneCatholic-connection-0' class='collapse' role='tabpanel' aria-labelledby='collapseOneCatholic-connection-0' data-parent='#accordion0'><div class='card-body'><p>Catholic social teaching calls us to be responsive and fully present, in the presence of others, to feel a sense of belonging, to notice, to support, to listen and to understand.<\/p>\n<\/div><\/div><\/div><div class='card'><div class='card-header' role='tab' id='Catholic-graduation-expectations-0'><a data-toggle='collapse' data-parent='#accordion0' href='#collapseOneCatholic-graduation-expectations-0' aria-expanded='false' aria-controls='collapseOneCatholic-graduation-expectations-0'><h3 class='mb-0'><em class='fas fa-angle-down rotate-icon'><\/em> Catholic graduation expectations<\/h3><\/a><\/div><div id='collapseOneCatholic-graduation-expectations-0' class='collapse' role='tabpanel' aria-labelledby='collapseOneCatholic-graduation-expectations-0' data-parent='#accordion0'><div class='card-body'><p>(1i) A discerning believer\u00a0formed in the Catholic Faith Community who integrates faith with life.<\/p>\n<\/div><\/div><\/div><div class='card'><div class='card-header' role='tab' id='Kindergarten-four-frames-0'><a data-toggle='collapse' data-parent='#accordion0' href='#collapseOneKindergarten-four-frames-0' aria-expanded='false' aria-controls='collapseOneKindergarten-four-frames-0'><h3 class='mb-0'><em class='fas fa-angle-down rotate-icon'><\/em> Kindergarten four frames<\/h3><\/a><\/div><div id='collapseOneKindergarten-four-frames-0' class='collapse' role='tabpanel' aria-labelledby='collapseOneKindergarten-four-frames-0' data-parent='#accordion0'><div class='card-body'><p>Belonging and contributing:\u00a0to understand relationships and community, and of the ways in which people contribute to the world around them<\/p>\n<\/div><\/div><\/div><\/div>\n","protected":false},"excerpt":{"rendered":"<p>To celebrate and acknowledge things going on in each of our lives<\/p>\n","protected":false},"author":2,"featured_media":1937,"parent":316,"menu_order":0,"comment_status":"closed","ping_status":"closed","template":"practice-template.php","meta":{"_acf_changed":false,"footnotes":""},"categories":[34,38,42,82,132,224,134],"tags":[],"class_list":["post-946","page","type-page","status-publish","has-post-thumbnail","hentry","category-intermediate","category-junior","category-primary","category-self-awareness-and-sense-of-identity","category-understand","category-virtual-option","category-welcome"],"acf":[],"_links":{"self":[{"href":"https:\/\/smho-smso.ca\/fw\/wp-json\/wp\/v2\/pages\/946","targetHints":{"allow":["GET"]}}],"collection":[{"href":"https:\/\/smho-smso.ca\/fw\/wp-json\/wp\/v2\/pages"}],"about":[{"href":"https:\/\/smho-smso.ca\/fw\/wp-json\/wp\/v2\/types\/page"}],"author":[{"embeddable":true,"href":"https:\/\/smho-smso.ca\/fw\/wp-json\/wp\/v2\/users\/2"}],"replies":[{"embeddable":true,"href":"https:\/\/smho-smso.ca\/fw\/wp-json\/wp\/v2\/comments?post=946"}],"version-history":[{"count":4,"href":"https:\/\/smho-smso.ca\/fw\/wp-json\/wp\/v2\/pages\/946\/revisions"}],"predecessor-version":[{"id":2704,"href":"https:\/\/smho-smso.ca\/fw\/wp-json\/wp\/v2\/pages\/946\/revisions\/2704"}],"up":[{"embeddable":true,"href":"https:\/\/smho-smso.ca\/fw\/wp-json\/wp\/v2\/pages\/316"}],"wp:featuredmedia":[{"embeddable":true,"href":"https:\/\/smho-smso.ca\/fw\/wp-json\/wp\/v2\/media\/1937"}],"wp:attachment":[{"href":"https:\/\/smho-smso.ca\/fw\/wp-json\/wp\/v2\/media?parent=946"}],"wp:term":[{"taxonomy":"category","embeddable":true,"href":"https:\/\/smho-smso.ca\/fw\/wp-json\/wp\/v2\/categories?post=946"},{"taxonomy":"post_tag","embeddable":true,"href":"https:\/\/smho-smso.ca\/fw\/wp-json\/wp\/v2\/tags?post=946"}],"curies":[{"name":"wp","href":"https:\/\/api.w.org\/{rel}","templated":true}]}}