{"id":925,"date":"2020-07-26T20:56:55","date_gmt":"2020-07-27T00:56:55","guid":{"rendered":"https:\/\/smho-smso.ca\/fw\/?page_id=925"},"modified":"2021-08-22T21:20:00","modified_gmt":"2021-08-23T01:20:00","slug":"inspirational-outdoor-graffiti","status":"publish","type":"page","link":"https:\/\/smho-smso.ca\/fw\/self-awareness-and-sense-of-identity\/assertive-communication\/inspirational-outdoor-graffiti\/","title":{"rendered":"Inspirational outdoor graffiti"},"content":{"rendered":"\n<div class='accordion md-accordion' id='accordion0' role='tablist' aria-multiselectable='true'><div class='card'><div class='card-header' role='tab' id='Instructions-0'><a data-toggle='collapse' data-parent='#accordion0' href='#collapseOneInstructions-0' aria-expanded='true' aria-controls='collapseOneInstructions-0'><h3 class='mb-0'><em class='fas fa-angle-down rotate-icon'><\/em> Instructions<\/h3><\/a><\/div><div id='collapseOneInstructions-0' class='collapse show' role='tabpanel' aria-labelledby='collapseOneInstructions-0' data-parent='#accordion0'><div class='card-body'><ul>\n<li><span class=\"TrackChangeTextInsertion TrackedChange SCXW42653065 BCX0\"><span class=\"TextRun SCXW42653065 BCX0\" lang=\"EN-US\" xml:lang=\"EN-US\" data-contrast=\"none\"><span class=\"NormalTextRun SCXW42653065 BCX0\" data-ccp-parastyle=\"List Text - SMH-ON\" data-ccp-parastyle-defn=\"{&quot;ObjectId&quot;:&quot;20e9b3be-0d87-42cf-9397-d5d34562796d|193&quot;,&quot;ClassId&quot;:1073872969,&quot;Properties&quot;:[134233117,&quot;false&quot;,134233118,&quot;false&quot;,134233614,&quot;true&quot;,134234082,&quot;true&quot;,201340122,&quot;2&quot;,201341983,&quot;0&quot;,268442635,&quot;24&quot;,335551547,&quot;1033&quot;,335559685,&quot;720&quot;,335559740,&quot;259&quot;,335559991,&quot;360&quot;,469769226,&quot;Arial,Times New Roman&quot;,469775450,&quot;List Text - SMH-ON&quot;,469777462,&quot;720&quot;,469777841,&quot;Arial&quot;,469777842,&quot;Arial&quot;,469777843,&quot;Times New Roman&quot;,469777844,&quot;Arial&quot;,469777927,&quot;0&quot;,469777928,&quot;8&quot;,469777929,&quot;List Text - SMH-ON Char&quot;,469778129,&quot;ListText-SMH-ON&quot;,469778324,&quot;Normal&quot;]}\" data-ccp-parastyle-linked-defn=\"{&quot;ObjectId&quot;:&quot;20e9b3be-0d87-42cf-9397-d5d34562796d|194&quot;,&quot;ClassId&quot;:1073872969,&quot;Properties&quot;:[134231262,&quot;true&quot;,134233614,&quot;true&quot;,201340122,&quot;1&quot;,268442635,&quot;24&quot;,335551547,&quot;1033&quot;,335559705,&quot;4105&quot;,469769226,&quot;Arial,Times New Roman&quot;,469775450,&quot;List Text - SMH-ON Char&quot;,469777841,&quot;Arial&quot;,469777842,&quot;Arial&quot;,469777843,&quot;Times New Roman&quot;,469777844,&quot;Arial&quot;,469777929,&quot;List Text - SMH-ON&quot;,469778129,&quot;ListText-SMH-ONChar&quot;,469778324,&quot;Default Paragraph Font&quot;]}\">Prepare for this practice by selecting messages and images that are diverse and inclusive so that all students feel included, welcomed and represented.<\/span><\/span><\/span><span class=\"EOP TrackedChange SCXW42653065 BCX0\" data-ccp-props=\"{&quot;134233117&quot;:false,&quot;134233118&quot;:false,&quot;201341983&quot;:0,&quot;335559685&quot;:720,&quot;335559740&quot;:240,&quot;335559991&quot;:360,&quot;469777462&quot;:[720],&quot;469777927&quot;:[0],&quot;469777928&quot;:[8]}\">\u00a0<\/span><\/li>\n<li>Students generate ideas for the graffiti (e.g., using quotes, keywords, translations).<\/li>\n<li>Reflection: How do positive spaces and messages demonstrate virtues?<\/li>\n<li>Students use sidewalk chalk to create the messages.<\/li>\n<li>Take photos\/share.<\/li>\n<\/ul>\n<\/div><\/div><\/div><div class='card'><div class='card-header' role='tab' id='Adaptations-0'><a data-toggle='collapse' data-parent='#accordion0' href='#collapseOneAdaptations-0' aria-expanded='false' aria-controls='collapseOneAdaptations-0'><h3 class='mb-0'><em class='fas fa-angle-down rotate-icon'><\/em> Adaptations<\/h3><\/a><\/div><div id='collapseOneAdaptations-0' class='collapse' role='tabpanel' aria-labelledby='collapseOneAdaptations-0' data-parent='#accordion0'><div class='card-body'><ul>\n<li>The graffiti may be done on posters.<\/li>\n<li>Images can be hashtagged and tweeted.<\/li>\n<\/ul>\n<\/div><\/div><\/div><div class='card'><div class='card-header' role='tab' id='Evidence-0'><a data-toggle='collapse' data-parent='#accordion0' href='#collapseOneEvidence-0' aria-expanded='false' aria-controls='collapseOneEvidence-0'><h3 class='mb-0'><em class='fas fa-angle-down rotate-icon'><\/em> Evidence<\/h3><\/a><\/div><div id='collapseOneEvidence-0' class='collapse' role='tabpanel' aria-labelledby='collapseOneEvidence-0' data-parent='#accordion0'><div class='card-body'><p>This practice links together the protective factor of school belonging\/mattering and the benefits of expression through arts.\u00a0Activities, as such, also develop student decision-making skills, and allow a student to create as an individual or alongside a peer \u2013 creating potential reasons for increased social relationships (Roorda, et al., 2011; Ronkko &amp; Lepisto, 2016; LaPorte, 2016).<\/p>\n<\/div><\/div><\/div><div class='card'><div class='card-header' role='tab' id='References-0'><a data-toggle='collapse' data-parent='#accordion0' href='#collapseOneReferences-0' aria-expanded='false' aria-controls='collapseOneReferences-0'><h3 class='mb-0'><em class='fas fa-angle-down rotate-icon'><\/em> References<\/h3><\/a><\/div><div id='collapseOneReferences-0' class='collapse' role='tabpanel' aria-labelledby='collapseOneReferences-0' data-parent='#accordion0'><div class='card-body'><p>La Porte, A. M. (2016). Efficacy of the arts in a transdisciplinary learning experience for culturally diverse fourth graders. <em>International Electronic Journal of Elementary Education, 8<\/em>(3), 467.<\/p>\n<p>R\u00f6nkk\u00f6, M. L., &amp; Lepist\u00f6, J. (2016). <em>The craft process developing student decision making<\/em>. Techne Series-Research in Sloyd Education and Craft Science A, 23(1).<\/p>\n<p>Roorda, D. L., Koomen, H. M., Spilt, J. L., &amp; Oort, F. J. (2011). The influence of affective teacher\u2013student relationships on students\u2019 school engagement and achievement: A meta-analytic approach. <em>Review of educational research, 81<\/em>(4), 493-529.<\/p>\n<\/div><\/div><\/div><div class='card'><div class='card-header' role='tab' id='Catholic-connection-0'><a data-toggle='collapse' data-parent='#accordion0' href='#collapseOneCatholic-connection-0' aria-expanded='false' aria-controls='collapseOneCatholic-connection-0'><h3 class='mb-0'><em class='fas fa-angle-down rotate-icon'><\/em> Catholic connection<\/h3><\/a><\/div><div id='collapseOneCatholic-connection-0' class='collapse' role='tabpanel' aria-labelledby='collapseOneCatholic-connection-0' data-parent='#accordion0'><div class='card-body'><p>Our faith journey reflects who we are and who we strive\u00a0to become. Engaging in art literacy experiences nurtures positivity and builds a sense of community as it brings us closer to God.<\/p>\n<\/div><\/div><\/div><div class='card'><div class='card-header' role='tab' id='Catholic-graduation-expectations-0'><a data-toggle='collapse' data-parent='#accordion0' href='#collapseOneCatholic-graduation-expectations-0' aria-expanded='false' aria-controls='collapseOneCatholic-graduation-expectations-0'><h3 class='mb-0'><em class='fas fa-angle-down rotate-icon'><\/em> Catholic graduation expectations<\/h3><\/a><\/div><div id='collapseOneCatholic-graduation-expectations-0' class='collapse' role='tabpanel' aria-labelledby='collapseOneCatholic-graduation-expectations-0' data-parent='#accordion0'><div class='card-body'><p>(5d) A collaborative contributor\u00a0who finds meaning, dignity, fulfillment and vocation in work which contributes to the common good.<\/p>\n<\/div><\/div><\/div><div class='card'><div class='card-header' role='tab' id='Kindergarten-four-frames-0'><a data-toggle='collapse' data-parent='#accordion0' href='#collapseOneKindergarten-four-frames-0' aria-expanded='false' aria-controls='collapseOneKindergarten-four-frames-0'><h3 class='mb-0'><em class='fas fa-angle-down rotate-icon'><\/em> Kindergarten four frames<\/h3><\/a><\/div><div id='collapseOneKindergarten-four-frames-0' class='collapse' role='tabpanel' aria-labelledby='collapseOneKindergarten-four-frames-0' data-parent='#accordion0'><div class='card-body'><p>Belonging and contributing:\u00a0to develop with relationships with others, and contributions as part of a group, a community, and the natural world<\/p>\n<\/div><\/div><\/div><\/div>\n","protected":false},"excerpt":{"rendered":"<p>To welcome others to the school and to allow students to share ideas<\/p>\n","protected":false},"author":2,"featured_media":1842,"parent":312,"menu_order":0,"comment_status":"closed","ping_status":"closed","template":"practice-template.php","meta":{"_acf_changed":false,"footnotes":""},"categories":[126,34,38,54,42,130,82,58],"tags":[],"class_list":["post-925","page","type-page","status-publish","has-post-thumbnail","hentry","category-include","category-intermediate","category-junior","category-occasional-teacher","category-primary","category-promote","category-self-awareness-and-sense-of-identity","category-use-outside"],"acf":[],"_links":{"self":[{"href":"https:\/\/smho-smso.ca\/fw\/wp-json\/wp\/v2\/pages\/925","targetHints":{"allow":["GET"]}}],"collection":[{"href":"https:\/\/smho-smso.ca\/fw\/wp-json\/wp\/v2\/pages"}],"about":[{"href":"https:\/\/smho-smso.ca\/fw\/wp-json\/wp\/v2\/types\/page"}],"author":[{"embeddable":true,"href":"https:\/\/smho-smso.ca\/fw\/wp-json\/wp\/v2\/users\/2"}],"replies":[{"embeddable":true,"href":"https:\/\/smho-smso.ca\/fw\/wp-json\/wp\/v2\/comments?post=925"}],"version-history":[{"count":5,"href":"https:\/\/smho-smso.ca\/fw\/wp-json\/wp\/v2\/pages\/925\/revisions"}],"predecessor-version":[{"id":2822,"href":"https:\/\/smho-smso.ca\/fw\/wp-json\/wp\/v2\/pages\/925\/revisions\/2822"}],"up":[{"embeddable":true,"href":"https:\/\/smho-smso.ca\/fw\/wp-json\/wp\/v2\/pages\/312"}],"wp:featuredmedia":[{"embeddable":true,"href":"https:\/\/smho-smso.ca\/fw\/wp-json\/wp\/v2\/media\/1842"}],"wp:attachment":[{"href":"https:\/\/smho-smso.ca\/fw\/wp-json\/wp\/v2\/media?parent=925"}],"wp:term":[{"taxonomy":"category","embeddable":true,"href":"https:\/\/smho-smso.ca\/fw\/wp-json\/wp\/v2\/categories?post=925"},{"taxonomy":"post_tag","embeddable":true,"href":"https:\/\/smho-smso.ca\/fw\/wp-json\/wp\/v2\/tags?post=925"}],"curies":[{"name":"wp","href":"https:\/\/api.w.org\/{rel}","templated":true}]}}