{"id":923,"date":"2020-07-26T18:09:11","date_gmt":"2020-07-26T22:09:11","guid":{"rendered":"https:\/\/smho-smso.ca\/fw\/?page_id=923"},"modified":"2021-08-18T16:16:10","modified_gmt":"2021-08-18T20:16:10","slug":"fiches-pour-la-defense-de-ses-interets","status":"publish","type":"page","link":"https:\/\/smho-smso.ca\/fw\/conscience-de-soi-et-sentiment-didentite-personnelle\/saffirmer\/fiches-pour-la-defense-de-ses-interets\/","title":{"rendered":"Fiches pour la d\u00e9fense de ses int\u00e9r\u00eats"},"content":{"rendered":"\n<div class='accordion md-accordion' id='accordion0' role='tablist' aria-multiselectable='true'><div class='card'><div class='card-header' role='tab' id='Instructions-0'><a data-toggle='collapse' data-parent='#accordion0' href='#collapseOneInstructions-0' aria-expanded='true' aria-controls='collapseOneInstructions-0'><h3 class='mb-0'><em class='fas fa-angle-down rotate-icon'><\/em> Instructions<\/h3><\/a><\/div><div id='collapseOneInstructions-0' class='collapse show' role='tabpanel' aria-labelledby='collapseOneInstructions-0' data-parent='#accordion0'><div class='card-body'><p>Les \u00e9l\u00e8ves r\u00e9fl\u00e9chissent aux questions suivantes et partagent avec leur enseignant.<\/p>\n<ul>\n<li>Comment est-ce que je sais si je ne vais pas bien (ce que je fais\/ce que je ressens)?<\/li>\n<li>Comment quelqu\u2019un d\u2019autre pourrait-il savoir si je ne vais pas bien?<\/li>\n<li>Que puis-je faire pour m\u2019aider \u00e0 faire face aux moments de stress \u00e0 l\u2019\u00e9cole?\n<ul>\n<li>\u00c9couter de la musique<\/li>\n<li>Prendre une marche<\/li>\n<li>Affirmations\/mantra<\/li>\n<li>Respiration profonde<\/li>\n<li>N\u0153uds\/mastic rebondissant<\/li>\n<li>Journal\/griffonner\/mandalas<\/li>\n<li>Discours int\u00e9rieur\/pri\u00e8re<\/li>\n<li>Lecture<\/li>\n<li>Autre\u00a0: ________<\/li>\n<\/ul>\n<\/li>\n<li>Si les strat\u00e9gies d\u2019adaptation \u00e9num\u00e9r\u00e9es ci-dessus ne m\u2019aident pas, ma prochaine \u00e9tape serait : _______<\/li>\n<li>Ce que je souhaite que mon enseignant sache sur moi.<\/li>\n<\/ul>\n<p>REMARQUE : En cas de divulgations personnelles, assurez-vous de conna\u00eetre les voies <a href=\"https:\/\/smho-smso.ca\/personnel-scolaire\/aller-de-lavant\/observer-et-nommer\/\">d\u2019acc\u00e8s aux services de soutien appropri\u00e9s<\/a>.<\/p>\n<p>Revisitez minimalement tous les trois mois.<\/p>\n<\/div><\/div><\/div><div class='card'><div class='card-header' role='tab' id='Donnes-probantes-0'><a data-toggle='collapse' data-parent='#accordion0' href='#collapseOneDonnes-probantes-0' aria-expanded='false' aria-controls='collapseOneDonnes-probantes-0'><h3 class='mb-0'><em class='fas fa-angle-down rotate-icon'><\/em> Donn\u00e9es probantes<\/h3><\/a><\/div><div id='collapseOneDonnes-probantes-0' class='collapse' role='tabpanel' aria-labelledby='collapseOneDonnes-probantes-0' data-parent='#accordion0'><div class='card-body'><p>La recherche d\u2019aide en salle de classe \u00ab permet aux \u00e9l\u00e8ves de reprendre de mani\u00e8re constructive les activit\u00e9s acad\u00e9miques lorsqu\u2019ils rencontrent des difficult\u00e9s. \u00bb (Marchand &amp; Skinner, 2007). Les \u00e9l\u00e8ves tr\u00e8s motiv\u00e9s sont plus susceptibles de chercher de l\u2019aide, ce qui leur offre des possibilit\u00e9s d\u2019apprentissage de plus en plus stimulantes. Les \u00e9l\u00e8ves qui ne cherchent pas d\u2019aide risquent alors de cacher leurs difficult\u00e9s. Cela a une incidence, non seulement sur l\u2019apprentissage en classe, mais aussi sur leur sentiment d\u2019appartenance \u00e0 l\u2019\u00e9cole\/leur engagement. La motivation pour la recherche d\u2019aide en salle de classe peut \u00eatre attribu\u00e9e \u00e0 la motivation interne de l\u2019\u00e9l\u00e8ve, \u00e0 son anxi\u00e9t\u00e9 (\u00e0 la fois erreur ou connaissance publique de la difficult\u00e9) ou au soutien de l\u2019enseignant (Marchand &amp; Skinner, 2007).<\/p>\n<\/div><\/div><\/div><div class='card'><div class='card-header' role='tab' id='Rfrences-0'><a data-toggle='collapse' data-parent='#accordion0' href='#collapseOneRfrences-0' aria-expanded='false' aria-controls='collapseOneRfrences-0'><h3 class='mb-0'><em class='fas fa-angle-down rotate-icon'><\/em> R\u00e9f\u00e9rences<\/h3><\/a><\/div><div id='collapseOneRfrences-0' class='collapse' role='tabpanel' aria-labelledby='collapseOneRfrences-0' data-parent='#accordion0'><div class='card-body'><p>Marchand, G., &amp; Skinner, E.A. (2007). Motivational Dynamics of Children\u2019s Academic Help-Seeking and Concealment. <em>Journal of Educational Psychology, 99<\/em>(1), 65-82.<\/p>\n<\/div><\/div><\/div><div class='card'><div class='card-header' role='tab' id='Connexions-au-catholicisme-0'><a data-toggle='collapse' data-parent='#accordion0' href='#collapseOneConnexions-au-catholicisme-0' aria-expanded='false' aria-controls='collapseOneConnexions-au-catholicisme-0'><h3 class='mb-0'><em class='fas fa-angle-down rotate-icon'><\/em> Connexions au catholicisme<\/h3><\/a><\/div><div id='collapseOneConnexions-au-catholicisme-0' class='collapse' role='tabpanel' aria-labelledby='collapseOneConnexions-au-catholicisme-0' data-parent='#accordion0'><div class='card-body'><p>En tant que Catholiques, nous reconnaissons que nos luttes personnelles et nos conflits internes font partie de la condition humaine. \u00c0 travers la r\u00e9flexion personnelle et avec l&#8217;aide des autres, nous apprenons \u00e0 agir de fa\u00e7on significative pour se soutenir de fa\u00e7on holistique. Nous continuons \u00e0 faire face \u00e0 chaque exp\u00e9rience avec espoir. Notre foi est la confirmation que nous ne sommes jamais vraiment seuls.<\/p>\n<\/div><\/div><\/div><div class='card'><div class='card-header' role='tab' id='Profil-des-finissants-des-coles-catholiques-0'><a data-toggle='collapse' data-parent='#accordion0' href='#collapseOneProfil-des-finissants-des-coles-catholiques-0' aria-expanded='false' aria-controls='collapseOneProfil-des-finissants-des-coles-catholiques-0'><h3 class='mb-0'><em class='fas fa-angle-down rotate-icon'><\/em> Profil des finissants des \u00e9coles catholiques<\/h3><\/a><\/div><div id='collapseOneProfil-des-finissants-des-coles-catholiques-0' class='collapse' role='tabpanel' aria-labelledby='collapseOneProfil-des-finissants-des-coles-catholiques-0' data-parent='#accordion0'><div class='card-body'><p>(3c) Un communicateur efficace qui pr\u00e9sente de l\u2019information et des id\u00e9es avec clart\u00e9, honn\u00eatet\u00e9 et en tenant compte du bien commun.<\/p>\n<\/div><\/div><\/div><\/div>\n","protected":false},"excerpt":{"rendered":"<p>Aider les \u00e9l\u00e8ves \u00e0 prendre conscience de leurs propres besoins et pr\u00e9f\u00e9rences, \u00e0 d\u00e9fendre leurs int\u00e9r\u00eats et \u00e0 d\u00e9velopper leurs habitudes de recherche d\u2019aide<\/p>\n","protected":false},"author":2,"featured_media":1885,"parent":314,"menu_order":0,"comment_status":"closed","ping_status":"closed","template":"practice-template.php","meta":{"_acf_changed":false,"footnotes":""},"categories":[220,84,36,226],"tags":[],"class_list":["post-923","page","type-page","status-publish","has-post-thumbnail","hentry","category-comprendre","category-conscience-de-soi-et-sentiment-didentite-personnelle","category-intermediaire","category-option-virtuelle"],"acf":[],"_links":{"self":[{"href":"https:\/\/smho-smso.ca\/fw\/wp-json\/wp\/v2\/pages\/923","targetHints":{"allow":["GET"]}}],"collection":[{"href":"https:\/\/smho-smso.ca\/fw\/wp-json\/wp\/v2\/pages"}],"about":[{"href":"https:\/\/smho-smso.ca\/fw\/wp-json\/wp\/v2\/types\/page"}],"author":[{"embeddable":true,"href":"https:\/\/smho-smso.ca\/fw\/wp-json\/wp\/v2\/users\/2"}],"replies":[{"embeddable":true,"href":"https:\/\/smho-smso.ca\/fw\/wp-json\/wp\/v2\/comments?post=923"}],"version-history":[{"count":9,"href":"https:\/\/smho-smso.ca\/fw\/wp-json\/wp\/v2\/pages\/923\/revisions"}],"predecessor-version":[{"id":2734,"href":"https:\/\/smho-smso.ca\/fw\/wp-json\/wp\/v2\/pages\/923\/revisions\/2734"}],"up":[{"embeddable":true,"href":"https:\/\/smho-smso.ca\/fw\/wp-json\/wp\/v2\/pages\/314"}],"wp:featuredmedia":[{"embeddable":true,"href":"https:\/\/smho-smso.ca\/fw\/wp-json\/wp\/v2\/media\/1885"}],"wp:attachment":[{"href":"https:\/\/smho-smso.ca\/fw\/wp-json\/wp\/v2\/media?parent=923"}],"wp:term":[{"taxonomy":"category","embeddable":true,"href":"https:\/\/smho-smso.ca\/fw\/wp-json\/wp\/v2\/categories?post=923"},{"taxonomy":"post_tag","embeddable":true,"href":"https:\/\/smho-smso.ca\/fw\/wp-json\/wp\/v2\/tags?post=923"}],"curies":[{"name":"wp","href":"https:\/\/api.w.org\/{rel}","templated":true}]}}