{"id":881,"date":"2020-07-26T06:26:36","date_gmt":"2020-07-26T10:26:36","guid":{"rendered":"https:\/\/smho-smso.ca\/fw\/?page_id=881"},"modified":"2021-09-01T21:25:34","modified_gmt":"2021-09-02T01:25:34","slug":"cest-comme-moi","status":"publish","type":"page","link":"https:\/\/smho-smso.ca\/fw\/relations-saines\/etre-respectueux\/cest-comme-moi\/","title":{"rendered":"C\u2019est comme moi!"},"content":{"rendered":"\n<div class='accordion md-accordion' id='accordion0' role='tablist' aria-multiselectable='true'><div class='card'><div class='card-header' role='tab' id='Instructions-0'><a data-toggle='collapse' data-parent='#accordion0' href='#collapseOneInstructions-0' aria-expanded='true' aria-controls='collapseOneInstructions-0'><h3 class='mb-0'><em class='fas fa-angle-down rotate-icon'><\/em> Instructions<\/h3><\/a><\/div><div id='collapseOneInstructions-0' class='collapse show' role='tabpanel' aria-labelledby='collapseOneInstructions-0' data-parent='#accordion0'><div class='card-body'><p><strong>Expliquez\u00a0:<\/strong><\/p>\n<ul>\n<li>Un \u00e9l\u00e8ve commence par \u00e9noncer quelque chose \u00e0 son sujet (p. ex., ce qu\u2019il aime manger, son passe-temps favori, une \u00e9mission ou un livre qu\u2019il aime, etc. (voir les \u00ab\u00a0Ressources suppl\u00e9mentaires\u00a0\u00bb)).<\/li>\n<li>Si l\u2019\u00e9nonc\u00e9 est aussi vrai pour quelqu\u2019un d\u2019autre, il se l\u00e8ve et dit : \u00ab C\u2019est comme moi! \u00bb.<\/li>\n<li>R\u00e9p\u00e9tez jusqu\u2019\u00e0 ce que tout le monde ait eu l\u2019occasion de participer et de partager un \u00e9nonc\u00e9.<\/li>\n<\/ul>\n<p><strong>Discutez\u00a0:<\/strong><\/p>\n<ul>\n<li>Avez-vous appris quelque chose de nouveau \u00e0 propos des autres \u00e9l\u00e8ves de la classe?<\/li>\n<li>Comment vous sentiez-vous en \u00e9tant debout en m\u00eame temps que les autres?<\/li>\n<li>Comment vous sentiez-vous en \u00e9tant debout tout seul ou avec seulement quelques \u00e9l\u00e8ves?<\/li>\n<li>Parfois, nous aimons faire partie d\u2019un groupe, mais il y a toujours de la valeur \u00e0 \u00eatre unique.<\/li>\n<\/ul>\n<p>REMARQUE\u00a0: Dans le cas peu probable d\u2019une divulgation, soyez conscient de votre processus interne pour acc\u00e9der aux services \u00e0 l\u2019\u00e9l\u00e8ve.<\/p>\n<\/div><\/div><\/div><div class='card'><div class='card-header' role='tab' id='Ressources-supplmentaires-0'><a data-toggle='collapse' data-parent='#accordion0' href='#collapseOneRessources-supplmentaires-0' aria-expanded='false' aria-controls='collapseOneRessources-supplmentaires-0'><h3 class='mb-0'><em class='fas fa-angle-down rotate-icon'><\/em> Ressources suppl\u00e9mentaires<\/h3><\/a><\/div><div id='collapseOneRessources-supplmentaires-0' class='collapse' role='tabpanel' aria-labelledby='collapseOneRessources-supplmentaires-0' data-parent='#accordion0'><div class='card-body'><p>Id\u00e9es :<\/p>\n<table>\n<tbody>\n<tr>\n<td>\n<ul>\n<li>J\u2019aime manger de la pizza<\/li>\n<li>Je mangerais un ver pour un million de dollars<\/li>\n<li>J\u2019ai un animal de compagnie<\/li>\n<\/ul>\n<\/td>\n<td>\n<ul>\n<li>Ma couleur pr\u00e9f\u00e9r\u00e9e est le bleu<\/li>\n<li>Je suis la plus jeune de la famille<\/li>\n<li>Je veux avoir une superpuissance<\/li>\n<\/ul>\n<\/td>\n<td>\n<ul>\n<li>Je suis enfant unique<\/li>\n<li>J\u2019aime les plats \u00e9pic\u00e9s<\/li>\n<li>Je parle une autre langue<\/li>\n<\/ul>\n<\/td>\n<\/tr>\n<\/tbody>\n<\/table>\n<\/div><\/div><\/div><div class='card'><div class='card-header' role='tab' id='Adaptations-0'><a data-toggle='collapse' data-parent='#accordion0' href='#collapseOneAdaptations-0' aria-expanded='false' aria-controls='collapseOneAdaptations-0'><h3 class='mb-0'><em class='fas fa-angle-down rotate-icon'><\/em> Adaptations<\/h3><\/a><\/div><div id='collapseOneAdaptations-0' class='collapse' role='tabpanel' aria-labelledby='collapseOneAdaptations-0' data-parent='#accordion0'><div class='card-body'><ul>\n<li>Explorer des fa\u00e7ons d&#8217;apprendre, de comprendre et de c\u00e9l\u00e9brer nos diff\u00e9rences comme des \u00e9l\u00e9ments uniques, nos int\u00e9r\u00eats, nos familles, nos cultures, nos religions, etc.<\/li>\n<li>Les \u00e9l\u00e8ves peuvent faire des suggestions pour l\u2019activit\u00e9 suivante. L\u2019enseignant doit examiner les d\u00e9clarations avant l\u2019activit\u00e9 pour s\u2019assurer de leur pertinence.<\/li>\n<li><span class=\"TrackChangeTextInsertion TrackedChange SCXW191446528 BCX0\"><span class=\"TextRun SCXW191446528 BCX0\" lang=\"FR-FR\" xml:lang=\"FR-FR\" data-contrast=\"none\"><span class=\"NormalTextRun SCXW191446528 BCX0\">Consid\u00e9rez laisser les \u00e9l\u00e8ves passer leur tour ou donner un exemple pour aider les \u00e9l\u00e8ves qui ont du mal \u00e0 trouver un \u00e9nonc\u00e9.<\/span><\/span><\/span><span class=\"EOP SCXW191446528 BCX0\" data-ccp-props=\"{&quot;201341983&quot;:0,&quot;335559685&quot;:178,&quot;335559739&quot;:160,&quot;335559740&quot;:240,&quot;335559991&quot;:218}\">\u00a0<\/span><\/li>\n<\/ul>\n<\/div><\/div><\/div><div class='card'><div class='card-header' role='tab' id='Donnes-probantes-0'><a data-toggle='collapse' data-parent='#accordion0' href='#collapseOneDonnes-probantes-0' aria-expanded='false' aria-controls='collapseOneDonnes-probantes-0'><h3 class='mb-0'><em class='fas fa-angle-down rotate-icon'><\/em> Donn\u00e9es probantes<\/h3><\/a><\/div><div id='collapseOneDonnes-probantes-0' class='collapse' role='tabpanel' aria-labelledby='collapseOneDonnes-probantes-0' data-parent='#accordion0'><div class='card-body'><p>Les \u00e9l\u00e8ves sont naturellement motiv\u00e9s \u00e0 comprendre et \u00e0 s\u2019engager avec ceux qu\u2019ils per\u00e7oivent comme \u00e9tant semblables \u00e0 eux (McLoughlin &amp; Over, 2017). Attirer l\u2019attention sur les similitudes entre les personnes de diff\u00e9rents groupes d\u2019amiti\u00e9, races ou cultures att\u00e9nue cette tendance en mod\u00e9lisant explicitement l\u2019inclusion (Qian et al. 2017).<\/p>\n<\/div><\/div><\/div><div class='card'><div class='card-header' role='tab' id='Rfrences-0'><a data-toggle='collapse' data-parent='#accordion0' href='#collapseOneRfrences-0' aria-expanded='false' aria-controls='collapseOneRfrences-0'><h3 class='mb-0'><em class='fas fa-angle-down rotate-icon'><\/em> R\u00e9f\u00e9rences<\/h3><\/a><\/div><div id='collapseOneRfrences-0' class='collapse' role='tabpanel' aria-labelledby='collapseOneRfrences-0' data-parent='#accordion0'><div class='card-body'><p>McLoughlin, N., &amp; Over, H. (2017). Young Children Are More Likely to Spontaneously Attribute Mental States to Members of Their Own Group. <em>Psychological Science, 28<\/em>(10), 1503-1509. doi:10.1177\/0956797617710724<\/p>\n<p>Qian, M. K., Quinn, P. C., Heyman, G. D., Pascalis, O., Fu, G., &amp; Lee, K. (2017). <em>A Long-Term Effect of Perceptual Individuation Training on Reducing Implicit Racial Bias in Preschool Children.<\/em> Child Development, n\/a-n\/a. doi:10.1111\/cdev.12971<\/p>\n<\/div><\/div><\/div><div class='card'><div class='card-header' role='tab' id='Connexions-au-catholicisme-0'><a data-toggle='collapse' data-parent='#accordion0' href='#collapseOneConnexions-au-catholicisme-0' aria-expanded='false' aria-controls='collapseOneConnexions-au-catholicisme-0'><h3 class='mb-0'><em class='fas fa-angle-down rotate-icon'><\/em> Connexions au catholicisme<\/h3><\/a><\/div><div id='collapseOneConnexions-au-catholicisme-0' class='collapse' role='tabpanel' aria-labelledby='collapseOneConnexions-au-catholicisme-0' data-parent='#accordion0'><div class='card-body'><p>La vie et le minist\u00e8re de J\u00e9sus nous rappellent de faire preuve de tol\u00e9rance et d&#8217;acceptation envers les autres, sans discrimination. Nous sommes appel\u00e9s \u00e0 consid\u00e9rer les autres de la m\u00eame mani\u00e8re que le ferait J\u00e9sus.<\/p>\n<\/div><\/div><\/div><div class='card'><div class='card-header' role='tab' id='Profil-des-finissants-des-coles-catholiques-0'><a data-toggle='collapse' data-parent='#accordion0' href='#collapseOneProfil-des-finissants-des-coles-catholiques-0' aria-expanded='false' aria-controls='collapseOneProfil-des-finissants-des-coles-catholiques-0'><h3 class='mb-0'><em class='fas fa-angle-down rotate-icon'><\/em> Profil des finissants des \u00e9coles catholiques<\/h3><\/a><\/div><div id='collapseOneProfil-des-finissants-des-coles-catholiques-0' class='collapse' role='tabpanel' aria-labelledby='collapseOneProfil-des-finissants-des-coles-catholiques-0' data-parent='#accordion0'><div class='card-body'><p>(4a) Un apprenant \u00e0 vie qui fait preuve de confiance en soi tout en respectant les autres.<\/p>\n<\/div><\/div><\/div><div class='card'><div class='card-header' role='tab' id='Les-quatre-domaines-du-programme-de-la-maternelle-et-du-jardin-denfants-0'><a data-toggle='collapse' data-parent='#accordion0' href='#collapseOneLes-quatre-domaines-du-programme-de-la-maternelle-et-du-jardin-denfants-0' aria-expanded='false' aria-controls='collapseOneLes-quatre-domaines-du-programme-de-la-maternelle-et-du-jardin-denfants-0'><h3 class='mb-0'><em class='fas fa-angle-down rotate-icon'><\/em> Les quatre domaines du programme de la maternelle et du jardin d\u2019enfants<\/h3><\/a><\/div><div id='collapseOneLes-quatre-domaines-du-programme-de-la-maternelle-et-du-jardin-denfants-0' class='collapse' role='tabpanel' aria-labelledby='collapseOneLes-quatre-domaines-du-programme-de-la-maternelle-et-du-jardin-denfants-0' data-parent='#accordion0'><div class='card-body'><p>Autor\u00e9gulation et bien-\u00eatre :\u00a0d\u00e9velopper l\u2019habilet\u00e9 \u00e0 comprendre ses propres pens\u00e9es et sentiments, et aussi la reconnaissance et le respect de ceux d\u2019autrui<\/p>\n<\/div><\/div><\/div><\/div>\n","protected":false},"excerpt":{"rendered":"<p>Aider \u00e0 am\u00e9liorer la coh\u00e9sion du groupe en salle de classe<\/p>\n","protected":false},"author":2,"featured_media":1940,"parent":298,"menu_order":0,"comment_status":"closed","ping_status":"closed","template":"practice-template.php","meta":{"_acf_changed":false,"footnotes":""},"categories":[36,226,60,218,72],"tags":[],"class_list":["post-881","page","type-page","status-publish","has-post-thumbnail","hentry","category-intermediaire","category-option-virtuelle","category-peut-se-faire-a-lexterieur","category-promouvoir","category-relations-saines"],"acf":[],"_links":{"self":[{"href":"https:\/\/smho-smso.ca\/fw\/wp-json\/wp\/v2\/pages\/881","targetHints":{"allow":["GET"]}}],"collection":[{"href":"https:\/\/smho-smso.ca\/fw\/wp-json\/wp\/v2\/pages"}],"about":[{"href":"https:\/\/smho-smso.ca\/fw\/wp-json\/wp\/v2\/types\/page"}],"author":[{"embeddable":true,"href":"https:\/\/smho-smso.ca\/fw\/wp-json\/wp\/v2\/users\/2"}],"replies":[{"embeddable":true,"href":"https:\/\/smho-smso.ca\/fw\/wp-json\/wp\/v2\/comments?post=881"}],"version-history":[{"count":9,"href":"https:\/\/smho-smso.ca\/fw\/wp-json\/wp\/v2\/pages\/881\/revisions"}],"predecessor-version":[{"id":2880,"href":"https:\/\/smho-smso.ca\/fw\/wp-json\/wp\/v2\/pages\/881\/revisions\/2880"}],"up":[{"embeddable":true,"href":"https:\/\/smho-smso.ca\/fw\/wp-json\/wp\/v2\/pages\/298"}],"wp:featuredmedia":[{"embeddable":true,"href":"https:\/\/smho-smso.ca\/fw\/wp-json\/wp\/v2\/media\/1940"}],"wp:attachment":[{"href":"https:\/\/smho-smso.ca\/fw\/wp-json\/wp\/v2\/media?parent=881"}],"wp:term":[{"taxonomy":"category","embeddable":true,"href":"https:\/\/smho-smso.ca\/fw\/wp-json\/wp\/v2\/categories?post=881"},{"taxonomy":"post_tag","embeddable":true,"href":"https:\/\/smho-smso.ca\/fw\/wp-json\/wp\/v2\/tags?post=881"}],"curies":[{"name":"wp","href":"https:\/\/api.w.org\/{rel}","templated":true}]}}