{"id":865,"date":"2020-07-26T06:06:32","date_gmt":"2020-07-26T10:06:32","guid":{"rendered":"https:\/\/smho-smso.ca\/fw\/?page_id=865"},"modified":"2021-08-18T17:19:59","modified_gmt":"2021-08-18T21:19:59","slug":"tape-la-dedans-pour-lamitie","status":"publish","type":"page","link":"https:\/\/smho-smso.ca\/fw\/relations-saines\/etre-un-bon-ami\/tape-la-dedans-pour-lamitie\/","title":{"rendered":"Tape l\u00e0-dedans pour l\u2019amiti\u00e9"},"content":{"rendered":"\n<div class='accordion md-accordion' id='accordion0' role='tablist' aria-multiselectable='true'><div class='card'><div class='card-header' role='tab' id='Instructions-0'><a data-toggle='collapse' data-parent='#accordion0' href='#collapseOneInstructions-0' aria-expanded='true' aria-controls='collapseOneInstructions-0'><h3 class='mb-0'><em class='fas fa-angle-down rotate-icon'><\/em> Instructions<\/h3><\/a><\/div><div id='collapseOneInstructions-0' class='collapse show' role='tabpanel' aria-labelledby='collapseOneInstructions-0' data-parent='#accordion0'><div class='card-body'><ul>\n<li>Faites un remue-m\u00e9ninges avec la classe sur les caract\u00e9ristiques d\u2019un bon ami (p. ex., partage, gentillesse, honn\u00eatet\u00e9, etc.).<\/li>\n<li>Demandez-leur de prendre deux feuilles de papier et de tracer leur main droite et leur main gauche.<\/li>\n<li>Sur une main, demandez d\u2019\u00e9crire 5 caract\u00e9ristiques qui font d\u2019eux de bons amis.<\/li>\n<li>Sur l\u2019autre main, demandez d\u2019\u00e9crire cinq domaines qu\u2019ils pourraient am\u00e9liorer afin de devenir un bon ami.<\/li>\n<li>Demandez-leur de s\u00e9lectionner un seul item par main et de le mettre en pratique au cours de la semaine (\u00e9tablir un petit objectif).<\/li>\n<li>Partagez\/r\u00e9fl\u00e9chissez \u00e0 cela hebdomadairement (en groupes ou dans un journal).<\/li>\n<li>R\u00e9p\u00e9tez.<\/li>\n<\/ul>\n<\/div><\/div><\/div><div class='card'><div class='card-header' role='tab' id='Ressources-supplmentaires-0'><a data-toggle='collapse' data-parent='#accordion0' href='#collapseOneRessources-supplmentaires-0' aria-expanded='false' aria-controls='collapseOneRessources-supplmentaires-0'><h3 class='mb-0'><em class='fas fa-angle-down rotate-icon'><\/em> Ressources suppl\u00e9mentaires<\/h3><\/a><\/div><div id='collapseOneRessources-supplmentaires-0' class='collapse' role='tabpanel' aria-labelledby='collapseOneRessources-supplmentaires-0' data-parent='#accordion0'><div class='card-body'><p>Lecture : Arc-en-ciel: le plus beau poisson des oc\u00e9ans (Marcus Pfister)<\/p>\n<\/div><\/div><\/div><div class='card'><div class='card-header' role='tab' id='Adaptations-0'><a data-toggle='collapse' data-parent='#accordion0' href='#collapseOneAdaptations-0' aria-expanded='false' aria-controls='collapseOneAdaptations-0'><h3 class='mb-0'><em class='fas fa-angle-down rotate-icon'><\/em> Adaptations<\/h3><\/a><\/div><div id='collapseOneAdaptations-0' class='collapse' role='tabpanel' aria-labelledby='collapseOneAdaptations-0' data-parent='#accordion0'><div class='card-body'><ul>\n<li>Demandez aux autres d\u2019identifier ce qui fait de vous un bon ami.<\/li>\n<li>Cr\u00e9ez des intentions de pri\u00e8res centr\u00e9es sur l&#8217;amiti\u00e9, qui peuvent \u00eatre int\u00e9gr\u00e9es aux exercices et aux pri\u00e8res du matin.<\/li>\n<li>Demandez aux \u00e9l\u00e8ves de cr\u00e9er un acrostiche en utilisant toutes les lettres de leur nom pour se d\u00e9crire en tant que bon ami, ou faites-les travailler en dyade et demandez\u00a0\u00e0 chacun de d\u00e9crire l&#8217;autre en tant qu&#8217;ami, toujours sous un format d&#8217;acrostiche.<\/li>\n<\/ul>\n<\/div><\/div><\/div><div class='card'><div class='card-header' role='tab' id='Donnes-probantes-0'><a data-toggle='collapse' data-parent='#accordion0' href='#collapseOneDonnes-probantes-0' aria-expanded='false' aria-controls='collapseOneDonnes-probantes-0'><h3 class='mb-0'><em class='fas fa-angle-down rotate-icon'><\/em> Donn\u00e9es probantes<\/h3><\/a><\/div><div id='collapseOneDonnes-probantes-0' class='collapse' role='tabpanel' aria-labelledby='collapseOneDonnes-probantes-0' data-parent='#accordion0'><div class='card-body'><p>Les \u00e9l\u00e8ves qui ont des amiti\u00e9s de qualit\u00e9 sont moins susceptibles d\u2019intimider les autres et d\u2019\u00eatre eux-m\u00eames victimes d\u2019intimidation, m\u00eame s\u2019ils ont tendance \u00e0 se comporter de mani\u00e8re antisociale ou \u00e0 se retirer socialement (Bollmer, Milich, Harris, &amp; Maras, 2005). Ceci s\u2019explique par le fait que les \u00e9l\u00e8ves peuvent utiliser des amiti\u00e9s de qualit\u00e9 pour apprendre \u00e0 r\u00e9guler leurs \u00e9motions et leur comportement d\u2019une mani\u00e8re socialement appropri\u00e9e (Caspi, Henry, McGee, Moffitt, &amp; Silva, 1995; Eisenberg, Fabes, Guthrie, &amp; Reiser, 2000). Encourager les \u00e9l\u00e8ves \u00e0 s\u2019engager davantage dans des amiti\u00e9s de qualit\u00e9 favorisera le comportement prosocial en classe.<\/p>\n<\/div><\/div><\/div><div class='card'><div class='card-header' role='tab' id='Rfrences-0'><a data-toggle='collapse' data-parent='#accordion0' href='#collapseOneRfrences-0' aria-expanded='false' aria-controls='collapseOneRfrences-0'><h3 class='mb-0'><em class='fas fa-angle-down rotate-icon'><\/em> R\u00e9f\u00e9rences<\/h3><\/a><\/div><div id='collapseOneRfrences-0' class='collapse' role='tabpanel' aria-labelledby='collapseOneRfrences-0' data-parent='#accordion0'><div class='card-body'><p>Bollmer, J., Milich, R., Harris, M., &amp; Maras, M. (2005). A Friend in Need: The Role of Friendship Quality as a Protective Factor in Peer Victimization and Bullying. <em>Journal of Interpersonal Violence, 20<\/em>(6), 701-712. doi:10.1177\/0886260504272897<\/p>\n<p>Caspi, A., Henry, B., McGee, R. O., Moffitt, T. E., &amp; Silva, P. A. (1995). Temperamental Origins of Child and Adolescent Behavior Problems: From Age Three to Age Fifteen. <em>Child Development, 66<\/em>(1), 55-68. doi:10.2307\/1131190<\/p>\n<p>Eisenberg, N., Fabes, R. A., Guthrie, I. K., &amp; Reiser, M. (2000). Dispositional Emotionality and Regulation: Their Role in Predicting Quality of Social Functioning. <em>Journal of Personality and Social Psychology, 78<\/em>(1), 136-157. doi:10.1037\/0022-3514.78.1.136<\/p>\n<\/div><\/div><\/div><div class='card'><div class='card-header' role='tab' id='Connexions-au-catholicisme-0'><a data-toggle='collapse' data-parent='#accordion0' href='#collapseOneConnexions-au-catholicisme-0' aria-expanded='false' aria-controls='collapseOneConnexions-au-catholicisme-0'><h3 class='mb-0'><em class='fas fa-angle-down rotate-icon'><\/em> Connexions au catholicisme<\/h3><\/a><\/div><div id='collapseOneConnexions-au-catholicisme-0' class='collapse' role='tabpanel' aria-labelledby='collapseOneConnexions-au-catholicisme-0' data-parent='#accordion0'><div class='card-body'><p>Traiter les autres avec gentillesse, compassion et amiti\u00e9 est une fa\u00e7on de vivre \u00e0 l&#8217;image de Dieu et de vivre les enseignements de l&#8217;\u00e9vangile selon lesquels nous traitons les autres comme nous aimerions \u00eatre trait\u00e9s.<\/p>\n<\/div><\/div><\/div><div class='card'><div class='card-header' role='tab' id='Profil-des-finissants-des-coles-catholiques-0'><a data-toggle='collapse' data-parent='#accordion0' href='#collapseOneProfil-des-finissants-des-coles-catholiques-0' aria-expanded='false' aria-controls='collapseOneProfil-des-finissants-des-coles-catholiques-0'><h3 class='mb-0'><em class='fas fa-angle-down rotate-icon'><\/em> Profil des finissants des \u00e9coles catholiques<\/h3><\/a><\/div><div id='collapseOneProfil-des-finissants-des-coles-catholiques-0' class='collapse' role='tabpanel' aria-labelledby='collapseOneProfil-des-finissants-des-coles-catholiques-0' data-parent='#accordion0'><div class='card-body'><p>(4a) Un apprenant \u00e0 vie qui fait preuve de confiance en soi tout en respectant les autres.<\/p>\n<\/div><\/div><\/div><div class='card'><div class='card-header' role='tab' id='Les-quatre-domaines-du-programme-de-la-maternelle-et-du-jardin-denfants-0'><a data-toggle='collapse' data-parent='#accordion0' href='#collapseOneLes-quatre-domaines-du-programme-de-la-maternelle-et-du-jardin-denfants-0' aria-expanded='false' aria-controls='collapseOneLes-quatre-domaines-du-programme-de-la-maternelle-et-du-jardin-denfants-0'><h3 class='mb-0'><em class='fas fa-angle-down rotate-icon'><\/em> Les quatre domaines du programme de la maternelle et du jardin d\u2019enfants<\/h3><\/a><\/div><div id='collapseOneLes-quatre-domaines-du-programme-de-la-maternelle-et-du-jardin-denfants-0' class='collapse' role='tabpanel' aria-labelledby='collapseOneLes-quatre-domaines-du-programme-de-la-maternelle-et-du-jardin-denfants-0' data-parent='#accordion0'><div class='card-body'><p>Appartenance et contribution\u00a0: d\u00e9velopper ses relations avec les autres et ses contributions comme partie int\u00e9grante d\u2019un groupe, d\u2019une communaut\u00e9 et du monde<\/p>\n<\/div><\/div><\/div><\/div>\n","protected":false},"excerpt":{"rendered":"<p>Aider les \u00e9l\u00e8ves \u00e0 identifier des fa\u00e7ons de devenir un meilleur ami<\/p>\n","protected":false},"author":2,"featured_media":1832,"parent":294,"menu_order":0,"comment_status":"closed","ping_status":"closed","template":"practice-template.php","meta":{"_acf_changed":false,"footnotes":""},"categories":[56,226,44,218,72],"tags":[],"class_list":["post-865","page","type-page","status-publish","has-post-thumbnail","hentry","category-enseignants-suppleants","category-option-virtuelle","category-primaire","category-promouvoir","category-relations-saines"],"acf":[],"_links":{"self":[{"href":"https:\/\/smho-smso.ca\/fw\/wp-json\/wp\/v2\/pages\/865","targetHints":{"allow":["GET"]}}],"collection":[{"href":"https:\/\/smho-smso.ca\/fw\/wp-json\/wp\/v2\/pages"}],"about":[{"href":"https:\/\/smho-smso.ca\/fw\/wp-json\/wp\/v2\/types\/page"}],"author":[{"embeddable":true,"href":"https:\/\/smho-smso.ca\/fw\/wp-json\/wp\/v2\/users\/2"}],"replies":[{"embeddable":true,"href":"https:\/\/smho-smso.ca\/fw\/wp-json\/wp\/v2\/comments?post=865"}],"version-history":[{"count":9,"href":"https:\/\/smho-smso.ca\/fw\/wp-json\/wp\/v2\/pages\/865\/revisions"}],"predecessor-version":[{"id":2798,"href":"https:\/\/smho-smso.ca\/fw\/wp-json\/wp\/v2\/pages\/865\/revisions\/2798"}],"up":[{"embeddable":true,"href":"https:\/\/smho-smso.ca\/fw\/wp-json\/wp\/v2\/pages\/294"}],"wp:featuredmedia":[{"embeddable":true,"href":"https:\/\/smho-smso.ca\/fw\/wp-json\/wp\/v2\/media\/1832"}],"wp:attachment":[{"href":"https:\/\/smho-smso.ca\/fw\/wp-json\/wp\/v2\/media?parent=865"}],"wp:term":[{"taxonomy":"category","embeddable":true,"href":"https:\/\/smho-smso.ca\/fw\/wp-json\/wp\/v2\/categories?post=865"},{"taxonomy":"post_tag","embeddable":true,"href":"https:\/\/smho-smso.ca\/fw\/wp-json\/wp\/v2\/tags?post=865"}],"curies":[{"name":"wp","href":"https:\/\/api.w.org\/{rel}","templated":true}]}}