{"id":780,"date":"2020-07-25T13:15:17","date_gmt":"2020-07-25T17:15:17","guid":{"rendered":"https:\/\/smho-smso.ca\/fw\/?page_id=780"},"modified":"2021-09-01T21:04:42","modified_gmt":"2021-09-02T01:04:42","slug":"essayez-encore-et-encore","status":"publish","type":"page","link":"https:\/\/smho-smso.ca\/fw\/motivation-positive-et-perseverance\/la-perseverance\/essayez-encore-et-encore\/","title":{"rendered":"Essayez encore et encore"},"content":{"rendered":"\n<div class='accordion md-accordion' id='accordion0' role='tablist' aria-multiselectable='true'><div class='card'><div class='card-header' role='tab' id='Instructions-0'><a data-toggle='collapse' data-parent='#accordion0' href='#collapseOneInstructions-0' aria-expanded='true' aria-controls='collapseOneInstructions-0'><h3 class='mb-0'><em class='fas fa-angle-down rotate-icon'><\/em> Instructions<\/h3><\/a><\/div><div id='collapseOneInstructions-0' class='collapse show' role='tabpanel' aria-labelledby='collapseOneInstructions-0' data-parent='#accordion0'><div class='card-body'><p>Faites un remue-m\u00e9ninges avec les \u00e9l\u00e8ves :\u00a0 \u00ab Que signifie avoir de la pers\u00e9v\u00e9rance ou une attitude de \u00ab ne pas abandonner \u00bb?<\/p>\n<p>Pr\u00e9sentez-leur une citation <span class=\"TrackChangeTextInsertion TrackedChange  BCX0 SCXW33385098\"><span class=\"TextRun  BCX0 SCXW33385098\" lang=\"FR-CA\" xml:lang=\"FR-CA\" data-contrast=\"none\"><span class=\"NormalTextRun  BCX0 SCXW33385098\">qui\u00a0<\/span><\/span><\/span><span class=\"TrackChangeTextInsertion TrackedChange  BCX0 SCXW33385098\"><span class=\"TextRun  BCX0 SCXW33385098\" lang=\"FR-FR\" xml:lang=\"FR-FR\" data-contrast=\"auto\"><span class=\"NormalTextRun  BCX0 SCXW33385098\">refl\u00e8te de la pers\u00e9v\u00e9rance, par exemple celle de\u00a0<\/span><\/span><\/span> Thomas Edison <span class=\"TextRun  BCX0 SCXW33385098\" lang=\"FR-CA\" xml:lang=\"FR-CA\" data-contrast=\"none\"><span class=\"NormalTextRun  BCX0 SCXW33385098\">qui dit <\/span><\/span> \u00e0 propos de son travail sur l&#8217;ampoule \u00e9lectrique :\u00a0 \u00a0\u00ab Je n&#8217;ai pas \u00e9chou\u00e9. J&#8217;ai tout simplement trouv\u00e9 10 000 solutions qui ne fonctionnent pas. \u00bb. <span class=\"TextRun SCXW1099850 BCX0\" lang=\"FR-FR\" xml:lang=\"FR-FR\" data-contrast=\"auto\"><span class=\"NormalTextRun SCXW1099850 BCX0\">Consid\u00e9rez utiliser des citations additionnelles qui refl\u00e8tent la diversit\u00e9 culturelle.<\/span><\/span> Demandez ensuite :<\/p>\n<ul>\n<li>Penser, \u00e0 l\u2019aide de la strat\u00e9gie \u00ab pense-parle-partage \u00bb, au fait que la vie pourrait \u00eatre tr\u00e8s diff\u00e9rente si M. Edison avait abandonn\u00e9 apr\u00e8s ses premi\u00e8res tentatives d\u2019inventer l\u2019ampoule.<\/li>\n<li>Faire les liens entre l\u2019\u00c9vangile et la citation d\u2019Edison.<\/li>\n<li>R\u00e9diger leur propre citation qui les aidera \u00e0 pers\u00e9v\u00e9rer.<\/li>\n<li>Partager les citations avec toute la classe et les afficher.<\/li>\n<\/ul>\n<\/div><\/div><\/div><div class='card'><div class='card-header' role='tab' id='Adaptations-0'><a data-toggle='collapse' data-parent='#accordion0' href='#collapseOneAdaptations-0' aria-expanded='false' aria-controls='collapseOneAdaptations-0'><h3 class='mb-0'><em class='fas fa-angle-down rotate-icon'><\/em> Adaptations<\/h3><\/a><\/div><div id='collapseOneAdaptations-0' class='collapse' role='tabpanel' aria-labelledby='collapseOneAdaptations-0' data-parent='#accordion0'><div class='card-body'><ul>\n<li>Suggestions tir\u00e9es des \u00c9vangiles\u00a0:\n<ul>\n<li>Bien plus, nous nous glorifions m\u00eame des afflictions, sachant que l&#8217;affliction produit la pers\u00e9v\u00e9rance, la pers\u00e9v\u00e9rance la victoire dans l&#8217;\u00e9preuve, et cette victoire l&#8217;esp\u00e9rance\u2026 (Romains 5\u00a0: 3-4)<\/li>\n<li>En toute occasion, l\u2019amour pardonne, il fait confiance, il esp\u00e8re, il pers\u00e9v\u00e8re. (1 Corinthians 13 : 7)<\/li>\n<li>Car ce n\u2019est pas un esprit de crainte que Dieu nous a donn\u00e9, mais un Esprit de force, d\u2019amour et de ma\u00eetrise de soi. (2 Timoth\u00e9e 1 : 7)<\/li>\n<\/ul>\n<\/li>\n<li>Pour les \u00e9l\u00e8ves plus \u00e2g\u00e9s :\n<ul>\n<li>Demandez-leur de discuter de ce qu\u2019ils font de bien. Est-ce que ces choses n\u00e9cessitent de la pratique? Combien de temps?<\/li>\n<li>Demandez-leur s\u2019ils r\u00eavent de bien ma\u00eetriser quelque chose. Que faut-il pour devenir expert? Quel r\u00f4le la pers\u00e9v\u00e9rance joue-t-elle dans le processus de devenir expert?<\/li>\n<li>Demandez-leur de d\u00e9velopper des moyens d\u2019encourager les autres \u00e0 essayer encore. Discutez des fa\u00e7ons dont ils peuvent s\u2019encourager eux-m\u00eames gr\u00e2ce \u00e0 un discours interne positif.<\/li>\n<li>Demandez-leur d\u2019\u00e9crire un message positif pour eux-m\u00eames qui leur servira de rappel tout au long de la journ\u00e9e.<\/li>\n<li>Cr\u00e9ez un babillard qui affiche des affirmations positives auxquelles les \u00e9l\u00e8ves peuvent se r\u00e9f\u00e9rer.<\/li>\n<\/ul>\n<\/li>\n<\/ul>\n<\/div><\/div><\/div><div class='card'><div class='card-header' role='tab' id='Considration-0'><a data-toggle='collapse' data-parent='#accordion0' href='#collapseOneConsidration-0' aria-expanded='false' aria-controls='collapseOneConsidration-0'><h3 class='mb-0'><em class='fas fa-angle-down rotate-icon'><\/em> Consid\u00e9ration<\/h3><\/a><\/div><div id='collapseOneConsidration-0' class='collapse' role='tabpanel' aria-labelledby='collapseOneConsidration-0' data-parent='#accordion0'><div class='card-body'><p>Entamez une discussion sur la n\u00e9cessit\u00e9 de modifier votre objectif de temps en temps. Changer de cap ne devrait pas toujours \u00eatre consid\u00e9r\u00e9 comme un abandon, mais plut\u00f4t comme un moyen de pers\u00e9v\u00e9rer de mani\u00e8re cr\u00e9ative ou plus appropri\u00e9e.<\/p>\n<\/div><\/div><\/div><div class='card'><div class='card-header' role='tab' id='Donnes-probantes-0'><a data-toggle='collapse' data-parent='#accordion0' href='#collapseOneDonnes-probantes-0' aria-expanded='false' aria-controls='collapseOneDonnes-probantes-0'><h3 class='mb-0'><em class='fas fa-angle-down rotate-icon'><\/em> Donn\u00e9es probantes<\/h3><\/a><\/div><div id='collapseOneDonnes-probantes-0' class='collapse' role='tabpanel' aria-labelledby='collapseOneDonnes-probantes-0' data-parent='#accordion0'><div class='card-body'><p>L\u2019aptitude \u00e0 r\u00e9essayer, \u00e0 \u00ab s\u2019y tenir \u00bb et \u00e0 pers\u00e9v\u00e9rer exige une autodiscipline. Il a \u00e9t\u00e9 d\u00e9montr\u00e9 qu\u2019un \u00e9l\u00e8ve ayant une forte autodiscipline a un rendement acad\u00e9mique plus important que ceux dont le QI est plus \u00e9lev\u00e9 (Duckworth &amp; Seligman, 2005). En outre, la r\u00e9silience de l\u2019\u00e9l\u00e8ve est essentielle (Yeager &amp; Dweck, 2012).<\/p>\n<\/div><\/div><\/div><div class='card'><div class='card-header' role='tab' id='Rfrences-0'><a data-toggle='collapse' data-parent='#accordion0' href='#collapseOneRfrences-0' aria-expanded='false' aria-controls='collapseOneRfrences-0'><h3 class='mb-0'><em class='fas fa-angle-down rotate-icon'><\/em> R\u00e9f\u00e9rences<\/h3><\/a><\/div><div id='collapseOneRfrences-0' class='collapse' role='tabpanel' aria-labelledby='collapseOneRfrences-0' data-parent='#accordion0'><div class='card-body'><p>Duckworth, A. L., &amp; Seligman, M. E. (2005). Self-discipline outdoes IQ in predicting academic performance of adolescents. <em>Psychological science, 16<\/em>(12), 939-944.<\/p>\n<p>Yeager, D. S., &amp; Dweck, C. S. (2012). Mindsets that promote resilience: When students believe that personal characteristics can be developed. <em>Educational Psychologist, 47<\/em>(4), 302-314.<\/p>\n<\/div><\/div><\/div><div class='card'><div class='card-header' role='tab' id='Connexions-au-catholicisme-0'><a data-toggle='collapse' data-parent='#accordion0' href='#collapseOneConnexions-au-catholicisme-0' aria-expanded='false' aria-controls='collapseOneConnexions-au-catholicisme-0'><h3 class='mb-0'><em class='fas fa-angle-down rotate-icon'><\/em> Connexions au catholicisme<\/h3><\/a><\/div><div id='collapseOneConnexions-au-catholicisme-0' class='collapse' role='tabpanel' aria-labelledby='collapseOneConnexions-au-catholicisme-0' data-parent='#accordion0'><div class='card-body'><p>En utilisant des exemples des \u00c9critures, nous pouvons observer comment, \u00e0 travers les \u00e9vangiles, les peuples ont d\u00fb pers\u00e9v\u00e9rer face aux d\u00e9fis. Nous sommes appel\u00e9s \u00e0 savoir que Dieu est avec nous dans nos luttes, et qu\u2019il travaille \u00e0 nos c\u00f4t\u00e9s pour les surpasser.<\/p>\n<\/div><\/div><\/div><div class='card'><div class='card-header' role='tab' id='Profil-des-finissants-des-coles-catholiques-0'><a data-toggle='collapse' data-parent='#accordion0' href='#collapseOneProfil-des-finissants-des-coles-catholiques-0' aria-expanded='false' aria-controls='collapseOneProfil-des-finissants-des-coles-catholiques-0'><h3 class='mb-0'><em class='fas fa-angle-down rotate-icon'><\/em> Profil des finissants des \u00e9coles catholiques<\/h3><\/a><\/div><div id='collapseOneProfil-des-finissants-des-coles-catholiques-0' class='collapse' role='tabpanel' aria-labelledby='collapseOneProfil-des-finissants-des-coles-catholiques-0' data-parent='#accordion0'><div class='card-body'><p>(5d) Un collaborateur empathique qui est conscient de ses droits et devoirs, de ses responsabilit\u00e9s et contributions, ainsi que de ceux d\u2019autrui.<\/p>\n<\/div><\/div><\/div><div class='card'><div class='card-header' role='tab' id='Les-quatre-domaines-du-programme-de-la-maternelle-et-du-jardin-denfants-0'><a data-toggle='collapse' data-parent='#accordion0' href='#collapseOneLes-quatre-domaines-du-programme-de-la-maternelle-et-du-jardin-denfants-0' aria-expanded='false' aria-controls='collapseOneLes-quatre-domaines-du-programme-de-la-maternelle-et-du-jardin-denfants-0'><h3 class='mb-0'><em class='fas fa-angle-down rotate-icon'><\/em> Les quatre domaines du programme de la maternelle et du jardin d\u2019enfants<\/h3><\/a><\/div><div id='collapseOneLes-quatre-domaines-du-programme-de-la-maternelle-et-du-jardin-denfants-0' class='collapse' role='tabpanel' aria-labelledby='collapseOneLes-quatre-domaines-du-programme-de-la-maternelle-et-du-jardin-denfants-0' data-parent='#accordion0'><div class='card-body'><p>R\u00e9solution de probl\u00e8mes et innovation\u00a0: d\u00e9velopper l\u2019envie de donner un sens \u00e0 son monde en posant des questions, en mettant des th\u00e9ories \u00e0 l\u2019essai, en r\u00e9solvant des probl\u00e8mes et en se livrant \u00e0 des pens\u00e9es cr\u00e9atives et analytiques<\/p>\n<\/div><\/div><\/div><\/div>\n","protected":false},"excerpt":{"rendered":"<p>Enseigner aux \u00e9l\u00e8ves le concept de la pers\u00e9v\u00e9rance, de continuer et de ne pas abandonner, m\u00eame lorsque les choses sont difficiles<\/p>\n","protected":false},"author":2,"featured_media":1916,"parent":278,"menu_order":0,"comment_status":"closed","ping_status":"closed","template":"practice-template.php","meta":{"_acf_changed":false,"footnotes":""},"categories":[52,36,80,40,226,44,218],"tags":[],"class_list":["post-780","page","type-page","status-publish","has-post-thumbnail","hentry","category-aucun-materiel-requis","category-intermediaire","category-motivation-positive-et-perseverance","category-moyen","category-option-virtuelle","category-primaire","category-promouvoir"],"acf":[],"_links":{"self":[{"href":"https:\/\/smho-smso.ca\/fw\/wp-json\/wp\/v2\/pages\/780","targetHints":{"allow":["GET"]}}],"collection":[{"href":"https:\/\/smho-smso.ca\/fw\/wp-json\/wp\/v2\/pages"}],"about":[{"href":"https:\/\/smho-smso.ca\/fw\/wp-json\/wp\/v2\/types\/page"}],"author":[{"embeddable":true,"href":"https:\/\/smho-smso.ca\/fw\/wp-json\/wp\/v2\/users\/2"}],"replies":[{"embeddable":true,"href":"https:\/\/smho-smso.ca\/fw\/wp-json\/wp\/v2\/comments?post=780"}],"version-history":[{"count":9,"href":"https:\/\/smho-smso.ca\/fw\/wp-json\/wp\/v2\/pages\/780\/revisions"}],"predecessor-version":[{"id":2873,"href":"https:\/\/smho-smso.ca\/fw\/wp-json\/wp\/v2\/pages\/780\/revisions\/2873"}],"up":[{"embeddable":true,"href":"https:\/\/smho-smso.ca\/fw\/wp-json\/wp\/v2\/pages\/278"}],"wp:featuredmedia":[{"embeddable":true,"href":"https:\/\/smho-smso.ca\/fw\/wp-json\/wp\/v2\/media\/1916"}],"wp:attachment":[{"href":"https:\/\/smho-smso.ca\/fw\/wp-json\/wp\/v2\/media?parent=780"}],"wp:term":[{"taxonomy":"category","embeddable":true,"href":"https:\/\/smho-smso.ca\/fw\/wp-json\/wp\/v2\/categories?post=780"},{"taxonomy":"post_tag","embeddable":true,"href":"https:\/\/smho-smso.ca\/fw\/wp-json\/wp\/v2\/tags?post=780"}],"curies":[{"name":"wp","href":"https:\/\/api.w.org\/{rel}","templated":true}]}}