{"id":770,"date":"2020-07-25T12:49:23","date_gmt":"2020-07-25T16:49:23","guid":{"rendered":"https:\/\/smho-smso.ca\/fw\/?page_id=770"},"modified":"2021-09-01T21:15:22","modified_gmt":"2021-09-02T01:15:22","slug":"le-pouvoir-du-pas-encore","status":"publish","type":"page","link":"https:\/\/smho-smso.ca\/fw\/motivation-positive-et-perseverance\/la-perseverance\/le-pouvoir-du-pas-encore\/","title":{"rendered":"Le pouvoir du \u00ab pas encore \u00bb"},"content":{"rendered":"\n<div class='accordion md-accordion' id='accordion0' role='tablist' aria-multiselectable='true'><div class='card'><div class='card-header' role='tab' id='Instructions-0'><a data-toggle='collapse' data-parent='#accordion0' href='#collapseOneInstructions-0' aria-expanded='true' aria-controls='collapseOneInstructions-0'><h3 class='mb-0'><em class='fas fa-angle-down rotate-icon'><\/em> Instructions<\/h3><\/a><\/div><div id='collapseOneInstructions-0' class='collapse show' role='tabpanel' aria-labelledby='collapseOneInstructions-0' data-parent='#accordion0'><div class='card-body'><ul>\n<li>Chaque fois que les \u00e9l\u00e8ves rencontrent des difficult\u00e9s, rappelez-leur le pouvoir du \u00ab pas encore \u00bb! Recadrez les conversations n\u00e9gatives que vous entendez et remplacez les d\u00e9clarations des \u00e9l\u00e8ves par celles qui refl\u00e8tent une perspective plus optimiste.\n<ul>\n<li>Je ne peux pas encore faire \u00e7a, mais\u2026<\/li>\n<li>Je ne comprends pas encore, mais\u2026<\/li>\n<\/ul>\n<\/li>\n<li>Vous devez tendre l\u2019oreille pour saisir les moments o\u00f9 les \u00e9l\u00e8ves emploient le langage du \u00ab pas encore \u00bb et les f\u00e9liciter d\u2019avoir adopter cette position d\u2019apprentissage.<\/li>\n<\/ul>\n<\/div><\/div><\/div><div class='card'><div class='card-header' role='tab' id='Ressources-supplmentaires-0'><a data-toggle='collapse' data-parent='#accordion0' href='#collapseOneRessources-supplmentaires-0' aria-expanded='false' aria-controls='collapseOneRessources-supplmentaires-0'><h3 class='mb-0'><em class='fas fa-angle-down rotate-icon'><\/em> Ressources suppl\u00e9mentaires<\/h3><\/a><\/div><div id='collapseOneRessources-supplmentaires-0' class='collapse' role='tabpanel' aria-labelledby='collapseOneRessources-supplmentaires-0' data-parent='#accordion0'><div class='card-body'><p>Vid\u00e9o : Carol Dweck \u2013 Power of Yet TEDxNorrk\u00f6ping; version disponible avec sous-titres en fran\u00e7ais : Le pouvoir de croire que vous pouvez vous am\u00e9liorer (traduction par Morgane Quilfen)<\/p>\n<p><iframe loading=\"lazy\" title=\"Carol Dweck: Le pouvoir de croire que vous pouvez vous am\u00e9liorer\" src=\"https:\/\/embed.ted.com\/talks\/lang\/fr\/carol_dweck_the_power_of_believing_that_you_can_improve\" width=\"500\" height=\"282\" frameborder=\"0\" scrolling=\"no\" webkitAllowFullScreen mozallowfullscreen allowFullScreen><\/iframe><\/p>\n<p><a href=\"https:\/\/www.ted.com\/talks\/carol_dweck_the_power_of_believing_that_you_can_improve?utm_campaign=tedspread&amp;utm_medium=referral&amp;utm_source=tedcomshare\" target=\"_blank\" rel=\"noopener\">Vid\u00e9o\u00a0: Carol Dweck &#8211; Power of Yet, TEDxNorrk\u00f6ping<\/a><\/p>\n<\/div><\/div><\/div><div class='card'><div class='card-header' role='tab' id='Adaptations-0'><a data-toggle='collapse' data-parent='#accordion0' href='#collapseOneAdaptations-0' aria-expanded='false' aria-controls='collapseOneAdaptations-0'><h3 class='mb-0'><em class='fas fa-angle-down rotate-icon'><\/em> Adaptations<\/h3><\/a><\/div><div id='collapseOneAdaptations-0' class='collapse' role='tabpanel' aria-labelledby='collapseOneAdaptations-0' data-parent='#accordion0'><div class='card-body'><ul>\n<li>Envisagez de placer des affiches ou d\u2019autres \u00e9l\u00e9ments visuels li\u00e9s au th\u00e8me du \u00ab pas encore \u00bb.<\/li>\n<li>Ce th\u00e8me peut \u00eatre utilis\u00e9 pour encourager la collaboration et l\u2019empathie en ce qui concerne les diff\u00e9rences individuelles.<\/li>\n<li>Cette pratique peut s\u2019av\u00e9rer utile lors de l\u2019introduction de nouvelles comp\u00e9tences et de nouveaux concepts.<\/li>\n<li>Il est conseill\u00e9 d\u2019enseigner le concept de la mentalit\u00e9 de croissance en classe avant de pr\u00e9senter cette pratique.<\/li>\n<\/ul>\n<\/div><\/div><\/div><div class='card'><div class='card-header' role='tab' id='Donnes-probantes-0'><a data-toggle='collapse' data-parent='#accordion0' href='#collapseOneDonnes-probantes-0' aria-expanded='false' aria-controls='collapseOneDonnes-probantes-0'><h3 class='mb-0'><em class='fas fa-angle-down rotate-icon'><\/em> Donn\u00e9es probantes<\/h3><\/a><\/div><div id='collapseOneDonnes-probantes-0' class='collapse' role='tabpanel' aria-labelledby='collapseOneDonnes-probantes-0' data-parent='#accordion0'><div class='card-body'><p>L\u2019adoption d\u2019une mentalit\u00e9 de croissance semble \u00eatre un outil utile pour faire face aux d\u00e9fis. Elle favorise l\u2019apprentissage lors des moments difficiles, et la r\u00e9ussite malgr\u00e9 les obstacles (Dweck 2006; Dweck, 2008). Bien que les donn\u00e9es probantes soient limit\u00e9es dans ce domaine, encourager une mentalit\u00e9 de croissance semble prometteur pour recadrer les \u00e9v\u00e9nements n\u00e9gatifs de la vie et susciter des actions positives.<\/p>\n<\/div><\/div><\/div><div class='card'><div class='card-header' role='tab' id='Rfrences-0'><a data-toggle='collapse' data-parent='#accordion0' href='#collapseOneRfrences-0' aria-expanded='false' aria-controls='collapseOneRfrences-0'><h3 class='mb-0'><em class='fas fa-angle-down rotate-icon'><\/em> R\u00e9f\u00e9rences<\/h3><\/a><\/div><div id='collapseOneRfrences-0' class='collapse' role='tabpanel' aria-labelledby='collapseOneRfrences-0' data-parent='#accordion0'><div class='card-body'><p>Dweck, C. S. (2006). <em>Mindset: The new psychology of success<\/em>. Random House Incorporated.<\/p>\n<p>Dweck, C. S. (2008). <em>Mindsets and Math<\/em>. Science Achievement, 2, 1-1.<\/p>\n<\/div><\/div><\/div><div class='card'><div class='card-header' role='tab' id='Connexions-au-catholicisme-0'><a data-toggle='collapse' data-parent='#accordion0' href='#collapseOneConnexions-au-catholicisme-0' aria-expanded='false' aria-controls='collapseOneConnexions-au-catholicisme-0'><h3 class='mb-0'><em class='fas fa-angle-down rotate-icon'><\/em> Connexions au catholicisme<\/h3><\/a><\/div><div id='collapseOneConnexions-au-catholicisme-0' class='collapse' role='tabpanel' aria-labelledby='collapseOneConnexions-au-catholicisme-0' data-parent='#accordion0'><div class='card-body'><p>En utilisant des exemples des \u00c9critures, nous pouvons observer comment, \u00e0 travers les \u00e9vangiles, les peuples ont d\u00fb pers\u00e9v\u00e9rer face aux d\u00e9fis. Nous sommes appel\u00e9s \u00e0 savoir que Dieu est avec nous dans nos luttes, et qu\u2019il travaille \u00e0 nos c\u00f4t\u00e9s pour les surpasser.<\/p>\n<\/div><\/div><\/div><div class='card'><div class='card-header' role='tab' id='Profil-des-finissants-des-coles-catholiques-0'><a data-toggle='collapse' data-parent='#accordion0' href='#collapseOneProfil-des-finissants-des-coles-catholiques-0' aria-expanded='false' aria-controls='collapseOneProfil-des-finissants-des-coles-catholiques-0'><h3 class='mb-0'><em class='fas fa-angle-down rotate-icon'><\/em> Profil des finissants des \u00e9coles catholiques<\/h3><\/a><\/div><div id='collapseOneProfil-des-finissants-des-coles-catholiques-0' class='collapse' role='tabpanel' aria-labelledby='collapseOneProfil-des-finissants-des-coles-catholiques-0' data-parent='#accordion0'><div class='card-body'><p>(2b) Un penseur r\u00e9fl\u00e9chi et cr\u00e9atif qui, dans une approche holistique, \u00e9value des id\u00e9es nouvelles \u00e0 la lumi\u00e8re du bien commun.<\/p>\n<\/div><\/div><\/div><div class='card'><div class='card-header' role='tab' id='Les-quatre-domaines-du-programme-de-la-maternelle-et-du-jardin-denfants-0'><a data-toggle='collapse' data-parent='#accordion0' href='#collapseOneLes-quatre-domaines-du-programme-de-la-maternelle-et-du-jardin-denfants-0' aria-expanded='false' aria-controls='collapseOneLes-quatre-domaines-du-programme-de-la-maternelle-et-du-jardin-denfants-0'><h3 class='mb-0'><em class='fas fa-angle-down rotate-icon'><\/em> Les quatre domaines du programme de la maternelle et du jardin d\u2019enfants<\/h3><\/a><\/div><div id='collapseOneLes-quatre-domaines-du-programme-de-la-maternelle-et-du-jardin-denfants-0' class='collapse' role='tabpanel' aria-labelledby='collapseOneLes-quatre-domaines-du-programme-de-la-maternelle-et-du-jardin-denfants-0' data-parent='#accordion0'><div class='card-body'><p>R\u00e9solution de probl\u00e8mes et innovation\u00a0: d\u00e9velopper l\u2019exploration du monde par la curiosit\u00e9 naturelle en faisant travailler le cerveau, les sens et le corps<\/p>\n<\/div><\/div><\/div><\/div>\n","protected":false},"excerpt":{"rendered":"<p>Aider les \u00e9l\u00e8ves \u00e0 adopter une mentalit\u00e9 de croissance lorsqu&#8217;ils sont confront\u00e9s \u00e0 des difficult\u00e9s<\/p>\n","protected":false},"author":2,"featured_media":1914,"parent":278,"menu_order":0,"comment_status":"closed","ping_status":"closed","template":"practice-template.php","meta":{"_acf_changed":false,"footnotes":""},"categories":[52,36,80,40,226,60,44,218],"tags":[],"class_list":["post-770","page","type-page","status-publish","has-post-thumbnail","hentry","category-aucun-materiel-requis","category-intermediaire","category-motivation-positive-et-perseverance","category-moyen","category-option-virtuelle","category-peut-se-faire-a-lexterieur","category-primaire","category-promouvoir"],"acf":[],"_links":{"self":[{"href":"https:\/\/smho-smso.ca\/fw\/wp-json\/wp\/v2\/pages\/770","targetHints":{"allow":["GET"]}}],"collection":[{"href":"https:\/\/smho-smso.ca\/fw\/wp-json\/wp\/v2\/pages"}],"about":[{"href":"https:\/\/smho-smso.ca\/fw\/wp-json\/wp\/v2\/types\/page"}],"author":[{"embeddable":true,"href":"https:\/\/smho-smso.ca\/fw\/wp-json\/wp\/v2\/users\/2"}],"replies":[{"embeddable":true,"href":"https:\/\/smho-smso.ca\/fw\/wp-json\/wp\/v2\/comments?post=770"}],"version-history":[{"count":9,"href":"https:\/\/smho-smso.ca\/fw\/wp-json\/wp\/v2\/pages\/770\/revisions"}],"predecessor-version":[{"id":2876,"href":"https:\/\/smho-smso.ca\/fw\/wp-json\/wp\/v2\/pages\/770\/revisions\/2876"}],"up":[{"embeddable":true,"href":"https:\/\/smho-smso.ca\/fw\/wp-json\/wp\/v2\/pages\/278"}],"wp:featuredmedia":[{"embeddable":true,"href":"https:\/\/smho-smso.ca\/fw\/wp-json\/wp\/v2\/media\/1914"}],"wp:attachment":[{"href":"https:\/\/smho-smso.ca\/fw\/wp-json\/wp\/v2\/media?parent=770"}],"wp:term":[{"taxonomy":"category","embeddable":true,"href":"https:\/\/smho-smso.ca\/fw\/wp-json\/wp\/v2\/categories?post=770"},{"taxonomy":"post_tag","embeddable":true,"href":"https:\/\/smho-smso.ca\/fw\/wp-json\/wp\/v2\/tags?post=770"}],"curies":[{"name":"wp","href":"https:\/\/api.w.org\/{rel}","templated":true}]}}