{"id":760,"date":"2020-07-25T12:35:55","date_gmt":"2020-07-25T16:35:55","guid":{"rendered":"https:\/\/smho-smso.ca\/fw\/?page_id=760"},"modified":"2023-05-18T09:54:19","modified_gmt":"2023-05-18T13:54:19","slug":"la-priere-a-cinq-doigts-du-pape-francois","status":"publish","type":"page","link":"https:\/\/smho-smso.ca\/fw\/motivation-positive-et-perseverance\/la-gratitude\/la-priere-a-cinq-doigts-du-pape-francois\/","title":{"rendered":"La pri\u00e8re \u00e0 cinq doigts du pape Fran\u00e7ois"},"content":{"rendered":"\n<div class='accordion md-accordion' id='accordion0' role='tablist' aria-multiselectable='true'><div class='card'><div class='card-header' role='tab' id='Instructions-0'><a data-toggle='collapse' data-parent='#accordion0' href='#collapseOneInstructions-0' aria-expanded='true' aria-controls='collapseOneInstructions-0'><h3 class='mb-0'><em class='fas fa-angle-down rotate-icon'><\/em> Instructions<\/h3><\/a><\/div><div id='collapseOneInstructions-0' class='collapse show' role='tabpanel' aria-labelledby='collapseOneInstructions-0' data-parent='#accordion0'><div class='card-body'><ul>\n<li>Le pouce est le doigt le plus proche de vous. Alors, commencez \u00e0 prier pour ceux qui sont les plus proches de vous.<\/li>\n<li>Le doigt suivant est l&#8217;index. Priez pour ceux qui vous enseignent des choses, qui vous instruisent et qui vous soignent.<\/li>\n<li>Le doigt suivant est le plus grand. Il nous rappelle nos dirigeants et ceux qui ont du pouvoir.<\/li>\n<li>Le quatri\u00e8me doigt, celui qui porte l\u2019anneau, est le plus faible. Il doit nous rappeler de prier pour les plus vuln\u00e9rables, les malades et ceux dans le besoin.<\/li>\n<li>Et finalement, votre petit doigt vous rappelle d\u2019\u00eatre reconnaissant et de prier pour vous-m\u00eame.<\/li>\n<\/ul>\n<\/div><\/div><\/div><div class='card'><div class='card-header' role='tab' id='Adaptations-0'><a data-toggle='collapse' data-parent='#accordion0' href='#collapseOneAdaptations-0' aria-expanded='false' aria-controls='collapseOneAdaptations-0'><h3 class='mb-0'><em class='fas fa-angle-down rotate-icon'><\/em> Adaptations<\/h3><\/a><\/div><div id='collapseOneAdaptations-0' class='collapse' role='tabpanel' aria-labelledby='collapseOneAdaptations-0' data-parent='#accordion0'><div class='card-body'><ul>\n<li>Une gigantesque pri\u00e8re d\u2019intentions peut \u00eatre cr\u00e9\u00e9e par la classe.<\/li>\n<\/ul>\n<\/div><\/div><\/div><div class='card'><div class='card-header' role='tab' id='Donnes-probantes-0'><a data-toggle='collapse' data-parent='#accordion0' href='#collapseOneDonnes-probantes-0' aria-expanded='false' aria-controls='collapseOneDonnes-probantes-0'><h3 class='mb-0'><em class='fas fa-angle-down rotate-icon'><\/em> Donn\u00e9es probantes<\/h3><\/a><\/div><div id='collapseOneDonnes-probantes-0' class='collapse' role='tabpanel' aria-labelledby='collapseOneDonnes-probantes-0' data-parent='#accordion0'><div class='card-body'><p>Le concept de la gratitude est li\u00e9 au mouvement de la psychologie positive et refl\u00e8te les b\u00e9n\u00e9fices d\u00e9coulant d\u2019une vision optimiste du monde. De nombreux programmes fond\u00e9s sur des donn\u00e9es probantes, con\u00e7us pour am\u00e9liorer l\u2019optimisme et r\u00e9duire les sympt\u00f4mes d\u00e9pressifs, incluent des activit\u00e9s qui aident les \u00e9l\u00e8ves \u00e0 \u00ab voir le c\u00f4t\u00e9 positif \u00bb.<\/p>\n<p>Identifier la gratitude et la partager avec un autre a \u00e9t\u00e9 jug\u00e9 comme \u00e9tant b\u00e9n\u00e9fique, non seulement pour l\u2019individu, mais aussi pour l\u2019interlocuteur (Kleinman et al, 2013). L\u2019exp\u00e9rience de la gratitude rend une personne plus susceptible d\u2019aider les autres, cr\u00e9ant peut-\u00eatre davantage de possibilit\u00e9s pour les autres d\u2019en faire l\u2019exp\u00e9rience (Bartlett &amp; DeSteno, 2006).<\/p>\n<\/div><\/div><\/div><div class='card'><div class='card-header' role='tab' id='Rfrences-0'><a data-toggle='collapse' data-parent='#accordion0' href='#collapseOneRfrences-0' aria-expanded='false' aria-controls='collapseOneRfrences-0'><h3 class='mb-0'><em class='fas fa-angle-down rotate-icon'><\/em> R\u00e9f\u00e9rences<\/h3><\/a><\/div><div id='collapseOneRfrences-0' class='collapse' role='tabpanel' aria-labelledby='collapseOneRfrences-0' data-parent='#accordion0'><div class='card-body'><p>Bartlett, M. Y., &amp; DeSteno, D. (2006). Gratitude and prosocial behavior: Helping when it costs you. <em>Psychological science, 17<\/em>(4), 319-325.<\/p>\n<p>Kleiman, E. M., Adams, L. M., Kashdan, T. B., &amp; Riskind, J. H. (2013). Gratitude and grit indirectly reduce risk of suicidal ideations by enhancing meaning in life: Evidence for a mediated moderation model. <em>Journal of Research in Personality, 47<\/em>(5), 539-546.<\/p>\n<\/div><\/div><\/div><div class='card'><div class='card-header' role='tab' id='Connexions-au-catholicisme-0'><a data-toggle='collapse' data-parent='#accordion0' href='#collapseOneConnexions-au-catholicisme-0' aria-expanded='false' aria-controls='collapseOneConnexions-au-catholicisme-0'><h3 class='mb-0'><em class='fas fa-angle-down rotate-icon'><\/em> Connexions au catholicisme<\/h3><\/a><\/div><div id='collapseOneConnexions-au-catholicisme-0' class='collapse' role='tabpanel' aria-labelledby='collapseOneConnexions-au-catholicisme-0' data-parent='#accordion0'><div class='card-body'><p>La pri\u00e8re est un acte de vertu morale et une partie importante du d\u00e9veloppement de la foi. Engager les \u00e9l\u00e8ves dans des pri\u00e8res de supplication leur donne une occasion de communiquer avec Dieu dans la pri\u00e8re.<\/p>\n<\/div><\/div><\/div><div class='card'><div class='card-header' role='tab' id='Profil-des-finissants-des-coles-catholiques-0'><a data-toggle='collapse' data-parent='#accordion0' href='#collapseOneProfil-des-finissants-des-coles-catholiques-0' aria-expanded='false' aria-controls='collapseOneProfil-des-finissants-des-coles-catholiques-0'><h3 class='mb-0'><em class='fas fa-angle-down rotate-icon'><\/em> Profil des finissants des \u00e9coles catholiques<\/h3><\/a><\/div><div id='collapseOneProfil-des-finissants-des-coles-catholiques-0' class='collapse' role='tabpanel' aria-labelledby='collapseOneProfil-des-finissants-des-coles-catholiques-0' data-parent='#accordion0'><div class='card-body'><p>(6c,d) Un membre soucieux du bien-\u00eatre de sa famille qui valorise l\u2019importance du r\u00f4le de la famille dans la soci\u00e9t\u00e9 et dans l\u2019\u00c9glise, et qui valorise et cultive les occasions de pri\u00e8re en famille.<\/p>\n<\/div><\/div><\/div><div class='card'><div class='card-header' role='tab' id='Les-quatre-domaines-du-programme-de-la-maternelle-et-du-jardin-denfants-0'><a data-toggle='collapse' data-parent='#accordion0' href='#collapseOneLes-quatre-domaines-du-programme-de-la-maternelle-et-du-jardin-denfants-0' aria-expanded='false' aria-controls='collapseOneLes-quatre-domaines-du-programme-de-la-maternelle-et-du-jardin-denfants-0'><h3 class='mb-0'><em class='fas fa-angle-down rotate-icon'><\/em> Les quatre domaines du programme de la maternelle et du jardin d\u2019enfants<\/h3><\/a><\/div><div id='collapseOneLes-quatre-domaines-du-programme-de-la-maternelle-et-du-jardin-denfants-0' class='collapse' role='tabpanel' aria-labelledby='collapseOneLes-quatre-domaines-du-programme-de-la-maternelle-et-du-jardin-denfants-0' data-parent='#accordion0'><div class='card-body'><p>Autor\u00e9gulation et bien-\u00eatre\u00a0: d\u00e9velopper l\u2019habilet\u00e9 \u00e0 comprendre et \u00e0 r\u00e9guler ses \u00e9motions et inhiber son impulsivit\u00e9, \u00e0 s\u2019adapter face aux distractions et \u00e0 \u00e9valuer les cons\u00e9quences de ses actions<\/p>\n<\/div><\/div><\/div><\/div>\n","protected":false},"excerpt":{"rendered":"<p>Aider les \u00e9l\u00e8ves \u00e0 remarquer, avec intention, les \u00e9l\u00e9ments positifs de la journ\u00e9e et \u00e0 tendre vers l&#8217;optimisme<\/p>\n","protected":false},"author":2,"featured_media":2950,"parent":274,"menu_order":0,"comment_status":"closed","ping_status":"closed","template":"practice-template.php","meta":{"_acf_changed":false,"footnotes":""},"categories":[36,80,40,226,60,44,218],"tags":[],"class_list":["post-760","page","type-page","status-publish","has-post-thumbnail","hentry","category-intermediaire","category-motivation-positive-et-perseverance","category-moyen","category-option-virtuelle","category-peut-se-faire-a-lexterieur","category-primaire","category-promouvoir"],"acf":[],"_links":{"self":[{"href":"https:\/\/smho-smso.ca\/fw\/wp-json\/wp\/v2\/pages\/760","targetHints":{"allow":["GET"]}}],"collection":[{"href":"https:\/\/smho-smso.ca\/fw\/wp-json\/wp\/v2\/pages"}],"about":[{"href":"https:\/\/smho-smso.ca\/fw\/wp-json\/wp\/v2\/types\/page"}],"author":[{"embeddable":true,"href":"https:\/\/smho-smso.ca\/fw\/wp-json\/wp\/v2\/users\/2"}],"replies":[{"embeddable":true,"href":"https:\/\/smho-smso.ca\/fw\/wp-json\/wp\/v2\/comments?post=760"}],"version-history":[{"count":8,"href":"https:\/\/smho-smso.ca\/fw\/wp-json\/wp\/v2\/pages\/760\/revisions"}],"predecessor-version":[{"id":2757,"href":"https:\/\/smho-smso.ca\/fw\/wp-json\/wp\/v2\/pages\/760\/revisions\/2757"}],"up":[{"embeddable":true,"href":"https:\/\/smho-smso.ca\/fw\/wp-json\/wp\/v2\/pages\/274"}],"wp:featuredmedia":[{"embeddable":true,"href":"https:\/\/smho-smso.ca\/fw\/wp-json\/wp\/v2\/media\/2950"}],"wp:attachment":[{"href":"https:\/\/smho-smso.ca\/fw\/wp-json\/wp\/v2\/media?parent=760"}],"wp:term":[{"taxonomy":"category","embeddable":true,"href":"https:\/\/smho-smso.ca\/fw\/wp-json\/wp\/v2\/categories?post=760"},{"taxonomy":"post_tag","embeddable":true,"href":"https:\/\/smho-smso.ca\/fw\/wp-json\/wp\/v2\/tags?post=760"}],"curies":[{"name":"wp","href":"https:\/\/api.w.org\/{rel}","templated":true}]}}