{"id":726,"date":"2020-07-24T20:59:39","date_gmt":"2020-07-25T00:59:39","guid":{"rendered":"https:\/\/smho-smso.ca\/fw\/?page_id=726"},"modified":"2021-09-01T20:56:20","modified_gmt":"2021-09-02T00:56:20","slug":"emotions-et-emojis","status":"publish","type":"page","link":"https:\/\/smho-smso.ca\/fw\/reconnaissance-et-gestion-des-emotions\/reconnaitre\/emotions-et-emojis\/","title":{"rendered":"\u00c9motions et \u00e9mojis"},"content":{"rendered":"\n<div class='accordion md-accordion' id='accordion0' role='tablist' aria-multiselectable='true'><div class='card'><div class='card-header' role='tab' id='Instructions-0'><a data-toggle='collapse' data-parent='#accordion0' href='#collapseOneInstructions-0' aria-expanded='true' aria-controls='collapseOneInstructions-0'><h3 class='mb-0'><em class='fas fa-angle-down rotate-icon'><\/em> Instructions<\/h3><\/a><\/div><div id='collapseOneInstructions-0' class='collapse show' role='tabpanel' aria-labelledby='collapseOneInstructions-0' data-parent='#accordion0'><div class='card-body'><ul>\n<li>Passez en revue avec les \u00e9l\u00e8ves comment les \u00e9mojis peuvent repr\u00e9senter les \u00e9motions.<\/li>\n<li>Demandez aux \u00e9l\u00e8ves d\u2019imaginer qu\u2019ils sont des d\u00e9veloppeurs d\u2019\u00e9mojis. Leur entreprise est \u00e0 la recherche d\u2019un nouvel \u00e9moji pour repr\u00e9senter une certaine \u00e9motion.<\/li>\n<li><span class=\"TrackChangeTextInsertion TrackedChange SCXW12407241 BCX0\"><span class=\"TextRun SCXW12407241 BCX0\" lang=\"FR-FR\" xml:lang=\"FR-FR\" data-contrast=\"none\"><span class=\"NormalTextRun SCXW12407241 BCX0\">Assurez-vous que les\u00a0<\/span><\/span><\/span><span class=\"TrackChangeTextInsertion TrackedChange SCXW12407241 BCX0\"><span class=\"TextRun SCXW12407241 BCX0\" lang=\"FR-FR\" xml:lang=\"FR-FR\" data-contrast=\"none\"><span class=\"NormalTextRun SCXW12407241 BCX0\">\u00e9mojis<\/span><\/span><\/span><span class=\"TrackChangeTextInsertion TrackedChange SCXW12407241 BCX0\"><span class=\"TextRun SCXW12407241 BCX0\" lang=\"FR-FR\" xml:lang=\"FR-FR\" data-contrast=\"none\"><span class=\"NormalTextRun SCXW12407241 BCX0\">\u00a0disponibles sont inclusifs des\u00a0<\/span><\/span><\/span><span class=\"TrackChangeTextInsertion TrackedChange SCXW12407241 BCX0\"><span class=\"TextRun SCXW12407241 BCX0\" lang=\"FR-FR\" xml:lang=\"FR-FR\" data-contrast=\"none\"><span class=\"NormalTextRun SCXW12407241 BCX0\">diff\u00e9rentes identit\u00e9s et repr\u00e9sentent une diversit\u00e9 raciale.<\/span><\/span><\/span><span class=\"EOP SCXW12407241 BCX0\" data-ccp-props=\"{&quot;201341983&quot;:0,&quot;335559739&quot;:160,&quot;335559740&quot;:240}\">\u00a0<\/span><\/li>\n<li>Les \u00e9l\u00e8ves cr\u00e9ent une illustration de l\u2019\u00e9moji, incluant une \u00e9tiquette d\u00e9crivant l\u2019\u00e9motion.<\/li>\n<li>Les \u00e9l\u00e8ves partagent leur \u00e9moji ainsi que l\u2019\u00e9motion qu\u2019il repr\u00e9sente.<\/li>\n<li>Affichez les \u00e9mojis dans la salle de classe.<\/li>\n<li>Les \u00e9l\u00e8ves utilisent ensuite les \u00e9mojis dans le cadre de r\u00e9flexions quotidiennes et pour communiquer leurs sentiments aux autres.<\/li>\n<\/ul>\n<\/div><\/div><\/div><div class='card'><div class='card-header' role='tab' id='Adaptations-0'><a data-toggle='collapse' data-parent='#accordion0' href='#collapseOneAdaptations-0' aria-expanded='false' aria-controls='collapseOneAdaptations-0'><h3 class='mb-0'><em class='fas fa-angle-down rotate-icon'><\/em> Adaptations<\/h3><\/a><\/div><div id='collapseOneAdaptations-0' class='collapse' role='tabpanel' aria-labelledby='collapseOneAdaptations-0' data-parent='#accordion0'><div class='card-body'><ul>\n<li>Chaque \u00e9l\u00e8ve re\u00e7oit un b\u00e2ton de popsicle portant son nom. Les \u00e9mojis peuvent \u00eatre mis dans un organisateur \u00e0 pochettes. \u00c0 tour de r\u00f4le, les \u00e9l\u00e8ves mettent leur b\u00e2ton devant le visage qui correspond \u00e0 ce qu\u2019ils ressentent.<\/li>\n<li>Jouez \u00e0 \u00ab Devinez l\u2019\u00e9motion \u00bb : demandez aux \u00e9l\u00e8ves de deviner l\u2019\u00e9motion en se basant uniquement sur l\u2019image.<\/li>\n<li>Utilisez les \u00e9mojis pour faire le point avec les \u00e9l\u00e8ves \u00e0 propos de leurs sentiments dans le cadre d\u2019un \u00ab laissez passer de sortie \u00bb (apr\u00e8s la le\u00e7on, la classe ou la journ\u00e9e scolaire).<\/li>\n<\/ul>\n<\/div><\/div><\/div><div class='card'><div class='card-header' role='tab' id='Donnes-probantes-0'><a data-toggle='collapse' data-parent='#accordion0' href='#collapseOneDonnes-probantes-0' aria-expanded='false' aria-controls='collapseOneDonnes-probantes-0'><h3 class='mb-0'><em class='fas fa-angle-down rotate-icon'><\/em> Donn\u00e9es probantes<\/h3><\/a><\/div><div id='collapseOneDonnes-probantes-0' class='collapse' role='tabpanel' aria-labelledby='collapseOneDonnes-probantes-0' data-parent='#accordion0'><div class='card-body'><p>La mesure dans laquelle les \u00e9l\u00e8ves comprennent les \u00e9motions en eux-m\u00eames et chez les autres est \u00e9troitement li\u00e9e \u00e0 la qualit\u00e9 de leurs interactions avec les pairs et \u00e0 leur tendance \u00e0 adopter des comportements prosociaux (Caputi, Lecce, Pagnin &amp; Banerjee, 2012). Utiliser les activit\u00e9s de groupe pour reconna\u00eetre et g\u00e9rer les \u00e9motions favorise la participation des \u00e9l\u00e8ves aux interactions sociales b\u00e9n\u00e9fiques, normalise les exp\u00e9riences des \u00e9motions et offre aux \u00e9l\u00e8ves une occasion structur\u00e9e de partager et de travailler avec d\u2019autres \u00e9l\u00e8ves pour am\u00e9liorer leurs capacit\u00e9s d\u2019autor\u00e9gulation (Domitrovich, Cortes &amp; Greenberg, 2007; Slavin, 1995; Success for all Foundation, 2010).<\/p>\n<\/div><\/div><\/div><div class='card'><div class='card-header' role='tab' id='Rfrences-0'><a data-toggle='collapse' data-parent='#accordion0' href='#collapseOneRfrences-0' aria-expanded='false' aria-controls='collapseOneRfrences-0'><h3 class='mb-0'><em class='fas fa-angle-down rotate-icon'><\/em> R\u00e9f\u00e9rences<\/h3><\/a><\/div><div id='collapseOneRfrences-0' class='collapse' role='tabpanel' aria-labelledby='collapseOneRfrences-0' data-parent='#accordion0'><div class='card-body'><p>Caputi, M., Lecce, S., Pagnin, A., &amp; Banerjee, R. (2012). Longitudinal effects of theory of mind on later peer relations: The role of prosocial behavior. <em>Developmental Psychology, 48<\/em>(1), 257.<\/p>\n<p>Domitrovich, C. E., Cortes, R. C., &amp; Greenberg, M. T. (2007). Improving Young Children\u2019s Social and Emotional Competence: A Randomized Trial of the Preschool \u201cPATHS\u201d Curriculum. <em>The Journal of Primary Prevention, 28<\/em>(2), 67-91. doi:10.1007\/s10935-007-0081-0<\/p>\n<p>Slavin, R. (1995). <em>Cooperative Learning: Theory, Research, and Practice (2nd ed.).<\/em> Boston: Allyn &amp; Bacon<\/p>\n<p>Success for all Foundation. (2010). <em>PowerTeaching Cooperative Learning Handbook<\/em>. Retrieved from <a href=\"http:\/\/www.successforall.org\" target=\"_blank\" rel=\"noopener\">www.successforall.org<\/a><\/p>\n<\/div><\/div><\/div><div class='card'><div class='card-header' role='tab' id='Connexions-au-catholicisme-0'><a data-toggle='collapse' data-parent='#accordion0' href='#collapseOneConnexions-au-catholicisme-0' aria-expanded='false' aria-controls='collapseOneConnexions-au-catholicisme-0'><h3 class='mb-0'><em class='fas fa-angle-down rotate-icon'><\/em> Connexions au catholicisme<\/h3><\/a><\/div><div id='collapseOneConnexions-au-catholicisme-0' class='collapse' role='tabpanel' aria-labelledby='collapseOneConnexions-au-catholicisme-0' data-parent='#accordion0'><div class='card-body'><p>Relier les exp\u00e9riences d&#8217;apprentissage aux comp\u00e9tences du 21<sup>e<\/sup> si\u00e8cle refl\u00e8te un paysage social en changement permanent, enracin\u00e9 dans la foi. La vie de J\u00e9sus nous rappelle notre imp\u00e9ratif moral. La fa\u00e7on, virtuelle ou r\u00e9elle, dont nous communiquons nos pens\u00e9es, nos sentiments et nos actions, refl\u00e8te notre identit\u00e9 de citoyens catholiques.<\/p>\n<\/div><\/div><\/div><div class='card'><div class='card-header' role='tab' id='Profil-des-finissants-des-coles-catholiques-0'><a data-toggle='collapse' data-parent='#accordion0' href='#collapseOneProfil-des-finissants-des-coles-catholiques-0' aria-expanded='false' aria-controls='collapseOneProfil-des-finissants-des-coles-catholiques-0'><h3 class='mb-0'><em class='fas fa-angle-down rotate-icon'><\/em> Profil des finissants des \u00e9coles catholiques<\/h3><\/a><\/div><div id='collapseOneProfil-des-finissants-des-coles-catholiques-0' class='collapse' role='tabpanel' aria-labelledby='collapseOneProfil-des-finissants-des-coles-catholiques-0' data-parent='#accordion0'><div class='card-body'><p>(2b) Un penseur r\u00e9fl\u00e9chi et cr\u00e9atif qui, dans une approche holistique, \u00e9value des id\u00e9es nouvelles \u00e0 la lumi\u00e8re du bien commun.<\/p>\n<\/div><\/div><\/div><div class='card'><div class='card-header' role='tab' id='Les-quatre-domaines-du-programme-de-la-maternelle-et-du-jardin-denfants-0'><a data-toggle='collapse' data-parent='#accordion0' href='#collapseOneLes-quatre-domaines-du-programme-de-la-maternelle-et-du-jardin-denfants-0' aria-expanded='false' aria-controls='collapseOneLes-quatre-domaines-du-programme-de-la-maternelle-et-du-jardin-denfants-0'><h3 class='mb-0'><em class='fas fa-angle-down rotate-icon'><\/em> Les quatre domaines du programme de la maternelle et du jardin d\u2019enfants<\/h3><\/a><\/div><div id='collapseOneLes-quatre-domaines-du-programme-de-la-maternelle-et-du-jardin-denfants-0' class='collapse' role='tabpanel' aria-labelledby='collapseOneLes-quatre-domaines-du-programme-de-la-maternelle-et-du-jardin-denfants-0' data-parent='#accordion0'><div class='card-body'><p>Manifestation des apprentissages en litt\u00e9ratie et en math\u00e9matiques : d\u00e9velopper l\u2019apprentissage de la litt\u00e9ratie, qui se manifeste par les diverses mani\u00e8res dont l\u2019enfant utilise le langage, les images et les mat\u00e9riaux pour s\u2019exprimer et faire preuve de pens\u00e9e critique face aux id\u00e9es et \u00e9motions, en \u00e9coutant et en parlant, en visualisant et en repr\u00e9sentant, et en \u00e9tant des lectrices et des lecteurs, et des scriptrices et des scripteurs \u00e9mergents<\/p>\n<\/div><\/div><\/div><\/div>\n","protected":false},"excerpt":{"rendered":"<p>Aider les \u00e9l\u00e8ves \u00e0 reconna\u00eetre leurs sentiments et \u00e0 en discuter<\/p>\n","protected":false},"author":2,"featured_media":1987,"parent":266,"menu_order":0,"comment_status":"closed","ping_status":"closed","template":"practice-template.php","meta":{"_acf_changed":false,"footnotes":""},"categories":[220,36,40,44,218,76],"tags":[],"class_list":["post-726","page","type-page","status-publish","has-post-thumbnail","hentry","category-comprendre","category-intermediaire","category-moyen","category-primaire","category-promouvoir","category-reconnaissance-et-gestion-des-emotions"],"acf":[],"_links":{"self":[{"href":"https:\/\/smho-smso.ca\/fw\/wp-json\/wp\/v2\/pages\/726","targetHints":{"allow":["GET"]}}],"collection":[{"href":"https:\/\/smho-smso.ca\/fw\/wp-json\/wp\/v2\/pages"}],"about":[{"href":"https:\/\/smho-smso.ca\/fw\/wp-json\/wp\/v2\/types\/page"}],"author":[{"embeddable":true,"href":"https:\/\/smho-smso.ca\/fw\/wp-json\/wp\/v2\/users\/2"}],"replies":[{"embeddable":true,"href":"https:\/\/smho-smso.ca\/fw\/wp-json\/wp\/v2\/comments?post=726"}],"version-history":[{"count":9,"href":"https:\/\/smho-smso.ca\/fw\/wp-json\/wp\/v2\/pages\/726\/revisions"}],"predecessor-version":[{"id":2868,"href":"https:\/\/smho-smso.ca\/fw\/wp-json\/wp\/v2\/pages\/726\/revisions\/2868"}],"up":[{"embeddable":true,"href":"https:\/\/smho-smso.ca\/fw\/wp-json\/wp\/v2\/pages\/266"}],"wp:featuredmedia":[{"embeddable":true,"href":"https:\/\/smho-smso.ca\/fw\/wp-json\/wp\/v2\/media\/1987"}],"wp:attachment":[{"href":"https:\/\/smho-smso.ca\/fw\/wp-json\/wp\/v2\/media?parent=726"}],"wp:term":[{"taxonomy":"category","embeddable":true,"href":"https:\/\/smho-smso.ca\/fw\/wp-json\/wp\/v2\/categories?post=726"},{"taxonomy":"post_tag","embeddable":true,"href":"https:\/\/smho-smso.ca\/fw\/wp-json\/wp\/v2\/tags?post=726"}],"curies":[{"name":"wp","href":"https:\/\/api.w.org\/{rel}","templated":true}]}}