{"id":718,"date":"2020-07-24T20:51:36","date_gmt":"2020-07-25T00:51:36","guid":{"rendered":"https:\/\/smho-smso.ca\/fw\/?page_id=718"},"modified":"2021-08-18T17:13:54","modified_gmt":"2021-08-18T21:13:54","slug":"les-charades-des-emotions","status":"publish","type":"page","link":"https:\/\/smho-smso.ca\/fw\/reconnaissance-et-gestion-des-emotions\/reconnaitre\/les-charades-des-emotions\/","title":{"rendered":"Les charades des \u00e9motions"},"content":{"rendered":"\n<div class='accordion md-accordion' id='accordion0' role='tablist' aria-multiselectable='true'><div class='card'><div class='card-header' role='tab' id='Instructions-0'><a data-toggle='collapse' data-parent='#accordion0' href='#collapseOneInstructions-0' aria-expanded='true' aria-controls='collapseOneInstructions-0'><h3 class='mb-0'><em class='fas fa-angle-down rotate-icon'><\/em> Instructions<\/h3><\/a><\/div><div id='collapseOneInstructions-0' class='collapse show' role='tabpanel' aria-labelledby='collapseOneInstructions-0' data-parent='#accordion0'><div class='card-body'><p>Introduire le concept du jeu de charades.<\/p>\n<ul>\n<li>Les \u00e9l\u00e8ves jouent le r\u00f4le de com\u00e9dien \u00e0 tour de r\u00f4le en pigeant une id\u00e9e de charade dans un bol (commencez avec des \u00e9motions de base, puis augmentez le niveau de difficult\u00e9 tout au long de l\u2019ann\u00e9e).<\/li>\n<li>Une fois que le com\u00e9dien a choisi un bout de papier, il doit lire ce qui est \u00e9crit sans le dire \u00e0 personne. Si l\u2019\u00e9l\u00e8ve a de la difficult\u00e9 \u00e0 lire ou ne comprend pas la carte, expliquez-lui ou demandez-lui de choisir un nouveau papier.<\/li>\n<li>Le com\u00e9dien doit alors interpr\u00e9ter l\u2019\u00e9motion de la charade sans utiliser de mots. Vous pouvez imposer une limite de temps s\u2019il faut beaucoup de temps pour deviner les id\u00e9es.<\/li>\n<li>Apr\u00e8s chaque tour, discutez bri\u00e8vement des indices qui ont amen\u00e9 les \u00e9l\u00e8ves \u00e0 deviner cette \u00e9motion.<\/li>\n<\/ul>\n<p>REMARQUE\u00a0: Il est important de reconna\u00eetre qu\u2019il existe de nombreuses fa\u00e7ons d\u2019interpr\u00e9ter la m\u00eame \u00e9motion, car chacun ressent des \u00e9motions diff\u00e9remment. Certaines personnes peuvent \u00eatre plus r\u00e9serv\u00e9es, alors que d\u2019autres sont plus expressives.<\/p>\n<\/div><\/div><\/div><div class='card'><div class='card-header' role='tab' id='Adaptations-0'><a data-toggle='collapse' data-parent='#accordion0' href='#collapseOneAdaptations-0' aria-expanded='false' aria-controls='collapseOneAdaptations-0'><h3 class='mb-0'><em class='fas fa-angle-down rotate-icon'><\/em> Adaptations<\/h3><\/a><\/div><div id='collapseOneAdaptations-0' class='collapse' role='tabpanel' aria-labelledby='collapseOneAdaptations-0' data-parent='#accordion0'><div class='card-body'><ul>\n<li>Pour prolonger la pratique, envisagez de mener une discussion sur la mani\u00e8re dont les \u00e9l\u00e8ves feraient face \u00e0 chaque \u00e9motion.\n<ul>\n<li>\u00ab Qu\u2019est-ce qui vous fait vous sentir mieux quand vous \u00eates triste? \u00bb<\/li>\n<li>\u00ab Que diriez-vous \u00e0 quelqu\u2019un qui vous a mis en col\u00e8re? \u00bb, etc.<\/li>\n<\/ul>\n<\/li>\n<li>Version diff\u00e9rente : \u00ab Comment vous sentez-vous quand&#8230;? \u00bb\n<ul>\n<li>Au lieu d\u2019\u00e9motions, demandez aux \u00e9l\u00e8ves d\u2019\u00e9crire des situations qui susciteraient une \u00e9motion (p. ex., un anniversaire, regarder un film d\u2019horreur) et d\u2019interpr\u00e9ter les \u00e9motions qu\u2019ils ressentiraient dans ces situations.<\/li>\n<\/ul>\n<\/li>\n<\/ul>\n<\/div><\/div><\/div><div class='card'><div class='card-header' role='tab' id='Donnes-probantes-0'><a data-toggle='collapse' data-parent='#accordion0' href='#collapseOneDonnes-probantes-0' aria-expanded='false' aria-controls='collapseOneDonnes-probantes-0'><h3 class='mb-0'><em class='fas fa-angle-down rotate-icon'><\/em> Donn\u00e9es probantes<\/h3><\/a><\/div><div id='collapseOneDonnes-probantes-0' class='collapse' role='tabpanel' aria-labelledby='collapseOneDonnes-probantes-0' data-parent='#accordion0'><div class='card-body'><p>Les enfants reconnaissent avec comp\u00e9tence les expressions \u00e9motionnelles et, au fur et \u00e0 mesure qu\u2019ils vieillissent, ils utilisent de plus en plus les informations \u00e9motionnelles pour comprendre leur environnement et naviguer dans les interactions sociales avec leurs pairs (Batty &amp; Taylor, 2006). La mesure dans laquelle les \u00e9l\u00e8ves comprennent les \u00e9motions en eux-m\u00eames et chez les autres est \u00e9troitement li\u00e9e \u00e0 la qualit\u00e9 de leurs interactions avec les pairs et \u00e0 leur tendance \u00e0 adopter des comportements prosociaux (Caputi, Lecce, Pagnin, &amp; Banerjee, 2012). Quand les \u00e9l\u00e8ves ont des occasions de pratiquer cette comp\u00e9tence, elle a tendance \u00e0 s\u2019am\u00e9liorer avec le temps (Pons, Harris, &amp; Doudin 2002).<\/p>\n<\/div><\/div><\/div><div class='card'><div class='card-header' role='tab' id='Rfrences-0'><a data-toggle='collapse' data-parent='#accordion0' href='#collapseOneRfrences-0' aria-expanded='false' aria-controls='collapseOneRfrences-0'><h3 class='mb-0'><em class='fas fa-angle-down rotate-icon'><\/em> R\u00e9f\u00e9rences<\/h3><\/a><\/div><div id='collapseOneRfrences-0' class='collapse' role='tabpanel' aria-labelledby='collapseOneRfrences-0' data-parent='#accordion0'><div class='card-body'><p>Batty M., &amp; Taylor, M. J. (2006). The development of emotional face processing during childhood. <em>Developmental Science, 9<\/em>(2), 207-220. doi:10.1111\/j.1467-7687.2006.00480.x<\/p>\n<p>Caputi, M., Lecce, S., Pagnin, A., &amp; Banerjee, R. (2012). Longitudinal effects of theory of mind on later peer relations: The role of prosocial behavior. <em>Developmental Psychology, 48<\/em>(1), 257.<\/p>\n<p>Pons, F., Harris, P. L., &amp; Doudin, P.-A. (2002). Teaching emotion understanding. <em>European Journal of Psychology of Education, 17<\/em>(3), 293-304.<\/p>\n<\/div><\/div><\/div><div class='card'><div class='card-header' role='tab' id='Connexions-au-catholicisme-0'><a data-toggle='collapse' data-parent='#accordion0' href='#collapseOneConnexions-au-catholicisme-0' aria-expanded='false' aria-controls='collapseOneConnexions-au-catholicisme-0'><h3 class='mb-0'><em class='fas fa-angle-down rotate-icon'><\/em> Connexions au catholicisme<\/h3><\/a><\/div><div id='collapseOneConnexions-au-catholicisme-0' class='collapse' role='tabpanel' aria-labelledby='collapseOneConnexions-au-catholicisme-0' data-parent='#accordion0'><div class='card-body'><p>J\u00e9sus nous demande d&#8217;\u00e9couter. \u00c0 travers l&#8217;\u00e9coute implicite et explicite, nous acqu\u00e9rons un plus grand sens de l&#8217;empathie et des moyens vari\u00e9s d&#8217;exprimer nos pens\u00e9es, nos sentiments et nos \u00e9motions.<\/p>\n<\/div><\/div><\/div><div class='card'><div class='card-header' role='tab' id='Profil-des-finissants-des-coles-catholiques-0'><a data-toggle='collapse' data-parent='#accordion0' href='#collapseOneProfil-des-finissants-des-coles-catholiques-0' aria-expanded='false' aria-controls='collapseOneProfil-des-finissants-des-coles-catholiques-0'><h3 class='mb-0'><em class='fas fa-angle-down rotate-icon'><\/em> Profil des finissants des \u00e9coles catholiques<\/h3><\/a><\/div><div id='collapseOneProfil-des-finissants-des-coles-catholiques-0' class='collapse' role='tabpanel' aria-labelledby='collapseOneProfil-des-finissants-des-coles-catholiques-0' data-parent='#accordion0'><div class='card-body'><p>(3c) Un communicateur efficace qui pr\u00e9sente de l\u2019information et des id\u00e9es avec clart\u00e9, honn\u00eatet\u00e9 et en tenant compte du bien commun.<\/p>\n<\/div><\/div><\/div><div class='card'><div class='card-header' role='tab' id='Les-quatre-domaines-du-programme-de-la-maternelle-et-du-jardin-denfants-0'><a data-toggle='collapse' data-parent='#accordion0' href='#collapseOneLes-quatre-domaines-du-programme-de-la-maternelle-et-du-jardin-denfants-0' aria-expanded='false' aria-controls='collapseOneLes-quatre-domaines-du-programme-de-la-maternelle-et-du-jardin-denfants-0'><h3 class='mb-0'><em class='fas fa-angle-down rotate-icon'><\/em> Les quatre domaines du programme de la maternelle et du jardin d\u2019enfants<\/h3><\/a><\/div><div id='collapseOneLes-quatre-domaines-du-programme-de-la-maternelle-et-du-jardin-denfants-0' class='collapse' role='tabpanel' aria-labelledby='collapseOneLes-quatre-domaines-du-programme-de-la-maternelle-et-du-jardin-denfants-0' data-parent='#accordion0'><div class='card-body'><p>Manifestation des apprentissages en litt\u00e9ratie et en math\u00e9matiques\u00a0: apprendre \u00e0 communiquer ses pens\u00e9es et ses sentiments de diverses fa\u00e7ons \u2013 par des gestes, des mots, des symboles, des repr\u00e9sentations et autres formes d\u2019expression, ainsi qu\u2019\u00e0 l\u2019aide de divers mat\u00e9riaux<\/p>\n<\/div><\/div><\/div><\/div>\n","protected":false},"excerpt":{"rendered":"<p>Aider les \u00e9l\u00e8ves \u00e0 s\u2019exprimer avec tout leur corps, et \u00e0 reconna\u00eetre le langage corporel et les expressions faciales chez autrui<\/p>\n","protected":false},"author":2,"featured_media":1814,"parent":266,"menu_order":0,"comment_status":"closed","ping_status":"closed","template":"practice-template.php","meta":{"_acf_changed":false,"footnotes":""},"categories":[36,40,226,44,218],"tags":[],"class_list":["post-718","page","type-page","status-publish","has-post-thumbnail","hentry","category-intermediaire","category-moyen","category-option-virtuelle","category-primaire","category-promouvoir"],"acf":[],"_links":{"self":[{"href":"https:\/\/smho-smso.ca\/fw\/wp-json\/wp\/v2\/pages\/718","targetHints":{"allow":["GET"]}}],"collection":[{"href":"https:\/\/smho-smso.ca\/fw\/wp-json\/wp\/v2\/pages"}],"about":[{"href":"https:\/\/smho-smso.ca\/fw\/wp-json\/wp\/v2\/types\/page"}],"author":[{"embeddable":true,"href":"https:\/\/smho-smso.ca\/fw\/wp-json\/wp\/v2\/users\/2"}],"replies":[{"embeddable":true,"href":"https:\/\/smho-smso.ca\/fw\/wp-json\/wp\/v2\/comments?post=718"}],"version-history":[{"count":9,"href":"https:\/\/smho-smso.ca\/fw\/wp-json\/wp\/v2\/pages\/718\/revisions"}],"predecessor-version":[{"id":2787,"href":"https:\/\/smho-smso.ca\/fw\/wp-json\/wp\/v2\/pages\/718\/revisions\/2787"}],"up":[{"embeddable":true,"href":"https:\/\/smho-smso.ca\/fw\/wp-json\/wp\/v2\/pages\/266"}],"wp:featuredmedia":[{"embeddable":true,"href":"https:\/\/smho-smso.ca\/fw\/wp-json\/wp\/v2\/media\/1814"}],"wp:attachment":[{"href":"https:\/\/smho-smso.ca\/fw\/wp-json\/wp\/v2\/media?parent=718"}],"wp:term":[{"taxonomy":"category","embeddable":true,"href":"https:\/\/smho-smso.ca\/fw\/wp-json\/wp\/v2\/categories?post=718"},{"taxonomy":"post_tag","embeddable":true,"href":"https:\/\/smho-smso.ca\/fw\/wp-json\/wp\/v2\/tags?post=718"}],"curies":[{"name":"wp","href":"https:\/\/api.w.org\/{rel}","templated":true}]}}