{"id":665,"date":"2020-07-23T22:06:48","date_gmt":"2020-07-24T02:06:48","guid":{"rendered":"https:\/\/smho-smso.ca\/fw\/?page_id=665"},"modified":"2021-08-18T17:13:33","modified_gmt":"2021-08-18T21:13:33","slug":"faire-pousser-les-sentiments-de-bonheur","status":"publish","type":"page","link":"https:\/\/smho-smso.ca\/fw\/reconnaissance-et-gestion-des-emotions\/reconnaitre\/faire-pousser-les-sentiments-de-bonheur\/","title":{"rendered":"Faire pousser les sentiments de bonheur"},"content":{"rendered":"\n<div class='accordion md-accordion' id='accordion0' role='tablist' aria-multiselectable='true'><div class='card'><div class='card-header' role='tab' id='Instructions-0'><a data-toggle='collapse' data-parent='#accordion0' href='#collapseOneInstructions-0' aria-expanded='true' aria-controls='collapseOneInstructions-0'><h3 class='mb-0'><em class='fas fa-angle-down rotate-icon'><\/em> Instructions<\/h3><\/a><\/div><div id='collapseOneInstructions-0' class='collapse show' role='tabpanel' aria-labelledby='collapseOneInstructions-0' data-parent='#accordion0'><div class='card-body'><p>Vous pouvez pr\u00e9senter cette pratique au printemps avec les jeunes \u00e9l\u00e8ves, ou en apprenant \u00e0 planter des graines et \u00e0 les aider \u00e0 pousser.<\/p>\n<ul>\n<li>Cr\u00e9ez une ou plusieurs grandes formes de fleurs avec cinq \u00e0 dix p\u00e9tales s\u00e9par\u00e9s, dans une vari\u00e9t\u00e9 de couleurs.<\/li>\n<li>Pr\u00e9sentez l\u2019id\u00e9e fondamentale de nourrir des sentiments de bonheur en nous-m\u00eames et chez les autres, pour les aider \u00e0 grandir.<\/li>\n<li>Invitez les \u00e9l\u00e8ves \u00e0 nommer une chose qui aide les gens \u00e0 faire pousser des sentiments de bonheur (p. ex., lorsque quelqu\u2019un est gentil avec moi, mes amis, chanter, offrir des cadeaux, jouer avec mon chien).<\/li>\n<li>\u00c9crivez chaque id\u00e9e sur un p\u00e9tale, collez le p\u00e9tale sur la fleur et les \u00e9l\u00e8ves peuvent d\u00e9corer la fleur.<\/li>\n<li>Vous pouvez afficher la fleur de la classe pour servir de rappel qu\u2019il faut chercher des occasions de nourrir des sentiments de bonheur en nous-m\u00eames et chez les autres.<\/li>\n<\/ul>\n<\/div><\/div><\/div><div class='card'><div class='card-header' role='tab' id='Adaptations-0'><a data-toggle='collapse' data-parent='#accordion0' href='#collapseOneAdaptations-0' aria-expanded='false' aria-controls='collapseOneAdaptations-0'><h3 class='mb-0'><em class='fas fa-angle-down rotate-icon'><\/em> Adaptations<\/h3><\/a><\/div><div id='collapseOneAdaptations-0' class='collapse' role='tabpanel' aria-labelledby='collapseOneAdaptations-0' data-parent='#accordion0'><div class='card-body'><ul>\n<li>Pr\u00e9parez des fleurs individuelles et d\u00e9corez-les. Tous les \u00e9l\u00e8ves accrochent leurs fleurs au mur avec leurs noms pour se rappeler qu\u2019ils peuvent aussi aider leurs camarades \u00e0 cultiver des sentiments de bonheur.<\/li>\n<\/ul>\n<\/div><\/div><\/div><div class='card'><div class='card-header' role='tab' id='Donnes-probantes-0'><a data-toggle='collapse' data-parent='#accordion0' href='#collapseOneDonnes-probantes-0' aria-expanded='false' aria-controls='collapseOneDonnes-probantes-0'><h3 class='mb-0'><em class='fas fa-angle-down rotate-icon'><\/em> Donn\u00e9es probantes<\/h3><\/a><\/div><div id='collapseOneDonnes-probantes-0' class='collapse' role='tabpanel' aria-labelledby='collapseOneDonnes-probantes-0' data-parent='#accordion0'><div class='card-body'><p>Les \u00e9tats \u00e9motionnels des \u00e9l\u00e8ves en salle de classe constituent un \u00e9l\u00e9ment important de leur apprentissage. Lorsque les \u00e9l\u00e8ves associent leur climat d\u2019apprentissage \u00e0 des sentiments positifs, ils participent plus \u00e0 l\u2019apprentissage, car le bonheur \u00e9largit notre champ d\u2019attention (Huntsinger, 2013). De plus, \u00eatre d\u2019humeur optimiste est associ\u00e9 \u00e0 la pens\u00e9e cr\u00e9atrice en ce qui concerne les t\u00e2ches fond\u00e9es sur la connaissance (Fredrickson, 2001).<\/p>\n<\/div><\/div><\/div><div class='card'><div class='card-header' role='tab' id='Rfrences-0'><a data-toggle='collapse' data-parent='#accordion0' href='#collapseOneRfrences-0' aria-expanded='false' aria-controls='collapseOneRfrences-0'><h3 class='mb-0'><em class='fas fa-angle-down rotate-icon'><\/em> R\u00e9f\u00e9rences<\/h3><\/a><\/div><div id='collapseOneRfrences-0' class='collapse' role='tabpanel' aria-labelledby='collapseOneRfrences-0' data-parent='#accordion0'><div class='card-body'><p>Fredrickson, B. L. (2001). The Role of Positive Emotions in Positive Psychology. <em>American Psychologist, 56<\/em>(3), 218-226. doi:10.1037\/0003-066X.56.3.218<\/p>\n<p>Huntsinger, J. (2013). Does Emotion DirectlyTune the Scope of Attention? <em>Current Directions in Psychological Science, 22<\/em>(4), 265-270. doi:10.1177\/0963721413480364<\/p>\n<\/div><\/div><\/div><div class='card'><div class='card-header' role='tab' id='Connexions-au-catholicisme-0'><a data-toggle='collapse' data-parent='#accordion0' href='#collapseOneConnexions-au-catholicisme-0' aria-expanded='false' aria-controls='collapseOneConnexions-au-catholicisme-0'><h3 class='mb-0'><em class='fas fa-angle-down rotate-icon'><\/em> Connexions au catholicisme<\/h3><\/a><\/div><div id='collapseOneConnexions-au-catholicisme-0' class='collapse' role='tabpanel' aria-labelledby='collapseOneConnexions-au-catholicisme-0' data-parent='#accordion0'><div class='card-body'><p>Chaque jour est une invitation au changement et \u00e0 la croissance personnelle. En tant que catholiques, nous sommes appel\u00e9s \u00e0 servir, \u00e0 r\u00e9fl\u00e9chir \u00e0 une nouvelle vie, \u00e0 prendre soin de nous et \u00e0 nous entraider pour s\u2019\u00e9panouir dans la communaut\u00e9 dans laquelle nous vivons.<\/p>\n<\/div><\/div><\/div><div class='card'><div class='card-header' role='tab' id='Connexions-au-catholicisme-0'><a data-toggle='collapse' data-parent='#accordion0' href='#collapseOneConnexions-au-catholicisme-0' aria-expanded='false' aria-controls='collapseOneConnexions-au-catholicisme-0'><h3 class='mb-0'><em class='fas fa-angle-down rotate-icon'><\/em> Connexions au catholicisme<\/h3><\/a><\/div><div id='collapseOneConnexions-au-catholicisme-0' class='collapse' role='tabpanel' aria-labelledby='collapseOneConnexions-au-catholicisme-0' data-parent='#accordion0'><div class='card-body'><ul>\n<li>Chaque jour est une invitation au changement et \u00e0 la croissance personnelle. En tant que catholiques, nous sommes appel\u00e9s \u00e0 servir, \u00e0 r\u00e9fl\u00e9chir \u00e0 une nouvelle vie, \u00e0 prendre soin de nous et \u00e0 nous entraider pour s\u2019\u00e9panouir dans la communaut\u00e9 dans laquelle nous vivons.<\/li>\n<\/ul>\n<\/div><\/div><\/div><div class='card'><div class='card-header' role='tab' id='Profil-des-finissants-des-coles-catholiques-0'><a data-toggle='collapse' data-parent='#accordion0' href='#collapseOneProfil-des-finissants-des-coles-catholiques-0' aria-expanded='false' aria-controls='collapseOneProfil-des-finissants-des-coles-catholiques-0'><h3 class='mb-0'><em class='fas fa-angle-down rotate-icon'><\/em> Profil des finissants des \u00e9coles catholiques<\/h3><\/a><\/div><div id='collapseOneProfil-des-finissants-des-coles-catholiques-0' class='collapse' role='tabpanel' aria-labelledby='collapseOneProfil-des-finissants-des-coles-catholiques-0' data-parent='#accordion0'><div class='card-body'><p>(5) Un collaborateur empathique qui sait d\u00e9couvrir sens, dignit\u00e9 et vocation dans un travail qui favorise le bien commun.<\/p>\n<\/div><\/div><\/div><div class='card'><div class='card-header' role='tab' id='Les-quatre-domaines-du-programme-de-la-maternelle-et-du-jardin-denfants-0'><a data-toggle='collapse' data-parent='#accordion0' href='#collapseOneLes-quatre-domaines-du-programme-de-la-maternelle-et-du-jardin-denfants-0' aria-expanded='false' aria-controls='collapseOneLes-quatre-domaines-du-programme-de-la-maternelle-et-du-jardin-denfants-0'><h3 class='mb-0'><em class='fas fa-angle-down rotate-icon'><\/em> Les quatre domaines du programme de la maternelle et du jardin d\u2019enfants<\/h3><\/a><\/div><div id='collapseOneLes-quatre-domaines-du-programme-de-la-maternelle-et-du-jardin-denfants-0' class='collapse' role='tabpanel' aria-labelledby='collapseOneLes-quatre-domaines-du-programme-de-la-maternelle-et-du-jardin-denfants-0' data-parent='#accordion0'><div class='card-body'><p>Appartenance et contribution\u00a0: D\u00e9velopper ses relations avec les autres et ses contributions comme partie int\u00e9grante d\u2019un groupe, d\u2019une communaut\u00e9 et du monde<\/p>\n<\/div><\/div><\/div><\/div>\n","protected":false},"excerpt":{"rendered":"<p>Pour illustrer comment il faut nourrir nos sentiments de bonheur<\/p>\n","protected":false},"author":2,"featured_media":1825,"parent":266,"menu_order":0,"comment_status":"closed","ping_status":"closed","template":"practice-template.php","meta":{"_acf_changed":false,"footnotes":""},"categories":[40,44,218,76],"tags":[],"class_list":["post-665","page","type-page","status-publish","has-post-thumbnail","hentry","category-moyen","category-primaire","category-promouvoir","category-reconnaissance-et-gestion-des-emotions"],"acf":[],"_links":{"self":[{"href":"https:\/\/smho-smso.ca\/fw\/wp-json\/wp\/v2\/pages\/665","targetHints":{"allow":["GET"]}}],"collection":[{"href":"https:\/\/smho-smso.ca\/fw\/wp-json\/wp\/v2\/pages"}],"about":[{"href":"https:\/\/smho-smso.ca\/fw\/wp-json\/wp\/v2\/types\/page"}],"author":[{"embeddable":true,"href":"https:\/\/smho-smso.ca\/fw\/wp-json\/wp\/v2\/users\/2"}],"replies":[{"embeddable":true,"href":"https:\/\/smho-smso.ca\/fw\/wp-json\/wp\/v2\/comments?post=665"}],"version-history":[{"count":9,"href":"https:\/\/smho-smso.ca\/fw\/wp-json\/wp\/v2\/pages\/665\/revisions"}],"predecessor-version":[{"id":2786,"href":"https:\/\/smho-smso.ca\/fw\/wp-json\/wp\/v2\/pages\/665\/revisions\/2786"}],"up":[{"embeddable":true,"href":"https:\/\/smho-smso.ca\/fw\/wp-json\/wp\/v2\/pages\/266"}],"wp:featuredmedia":[{"embeddable":true,"href":"https:\/\/smho-smso.ca\/fw\/wp-json\/wp\/v2\/media\/1825"}],"wp:attachment":[{"href":"https:\/\/smho-smso.ca\/fw\/wp-json\/wp\/v2\/media?parent=665"}],"wp:term":[{"taxonomy":"category","embeddable":true,"href":"https:\/\/smho-smso.ca\/fw\/wp-json\/wp\/v2\/categories?post=665"},{"taxonomy":"post_tag","embeddable":true,"href":"https:\/\/smho-smso.ca\/fw\/wp-json\/wp\/v2\/tags?post=665"}],"curies":[{"name":"wp","href":"https:\/\/api.w.org\/{rel}","templated":true}]}}