{"id":310,"date":"2020-07-01T16:02:19","date_gmt":"2020-07-01T20:02:19","guid":{"rendered":"https:\/\/smho-smso.ca\/fw\/?page_id=310"},"modified":"2020-08-20T17:15:13","modified_gmt":"2020-08-20T21:15:13","slug":"lecoute","status":"publish","type":"page","link":"https:\/\/smho-smso.ca\/fw\/relations-saines\/lecoute\/","title":{"rendered":"L\u2019\u00e9coute"},"content":{"rendered":"","protected":false},"excerpt":{"rendered":"<p>L\u2019\u00e9coute active am\u00e9liore l\u2019empathie et l\u2019acceptation des diff\u00e9rences. Les \u00e9l\u00e8ves qui sont capables de bien \u00e9couter les autres sont davantage r\u00e9ceptifs aux besoins et aux perspectives des autres, ce qui peut renforcer les relations sociales.<\/p>\n","protected":false},"author":2,"featured_media":2046,"parent":183,"menu_order":0,"comment_status":"closed","ping_status":"closed","template":"child-template.php","meta":{"_acf_changed":false,"footnotes":""},"categories":[],"tags":[],"class_list":["post-310","page","type-page","status-publish","has-post-thumbnail","hentry"],"acf":[],"_links":{"self":[{"href":"https:\/\/smho-smso.ca\/fw\/wp-json\/wp\/v2\/pages\/310","targetHints":{"allow":["GET"]}}],"collection":[{"href":"https:\/\/smho-smso.ca\/fw\/wp-json\/wp\/v2\/pages"}],"about":[{"href":"https:\/\/smho-smso.ca\/fw\/wp-json\/wp\/v2\/types\/page"}],"author":[{"embeddable":true,"href":"https:\/\/smho-smso.ca\/fw\/wp-json\/wp\/v2\/users\/2"}],"replies":[{"embeddable":true,"href":"https:\/\/smho-smso.ca\/fw\/wp-json\/wp\/v2\/comments?post=310"}],"version-history":[{"count":1,"href":"https:\/\/smho-smso.ca\/fw\/wp-json\/wp\/v2\/pages\/310\/revisions"}],"predecessor-version":[{"id":311,"href":"https:\/\/smho-smso.ca\/fw\/wp-json\/wp\/v2\/pages\/310\/revisions\/311"}],"up":[{"embeddable":true,"href":"https:\/\/smho-smso.ca\/fw\/wp-json\/wp\/v2\/pages\/183"}],"wp:featuredmedia":[{"embeddable":true,"href":"https:\/\/smho-smso.ca\/fw\/wp-json\/wp\/v2\/media\/2046"}],"wp:attachment":[{"href":"https:\/\/smho-smso.ca\/fw\/wp-json\/wp\/v2\/media?parent=310"}],"wp:term":[{"taxonomy":"category","embeddable":true,"href":"https:\/\/smho-smso.ca\/fw\/wp-json\/wp\/v2\/categories?post=310"},{"taxonomy":"post_tag","embeddable":true,"href":"https:\/\/smho-smso.ca\/fw\/wp-json\/wp\/v2\/tags?post=310"}],"curies":[{"name":"wp","href":"https:\/\/api.w.org\/{rel}","templated":true}]}}