{"id":278,"date":"2020-07-01T15:50:48","date_gmt":"2020-07-01T19:50:48","guid":{"rendered":"https:\/\/smho-smso.ca\/fw\/?page_id=278"},"modified":"2020-08-20T17:10:54","modified_gmt":"2020-08-20T21:10:54","slug":"la-perseverance","status":"publish","type":"page","link":"https:\/\/smho-smso.ca\/fw\/motivation-positive-et-perseverance\/la-perseverance\/","title":{"rendered":"La pers\u00e9v\u00e9rance"},"content":{"rendered":"","protected":false},"excerpt":{"rendered":"<p>Souligner le m\u00e9rite de la pers\u00e9v\u00e9rance, en rappelant aux \u00e9l\u00e8ves que le fait de faire face \u00e0 des d\u00e9fis et de les surmonter peut avoir de nombreuses r\u00e9compenses, dont les aider sur leur chemain vers la r\u00e9ussite.<\/p>\n","protected":false},"author":2,"featured_media":2017,"parent":179,"menu_order":0,"comment_status":"closed","ping_status":"closed","template":"child-template.php","meta":{"_acf_changed":false,"footnotes":""},"categories":[],"tags":[],"class_list":["post-278","page","type-page","status-publish","has-post-thumbnail","hentry"],"acf":[],"_links":{"self":[{"href":"https:\/\/smho-smso.ca\/fw\/wp-json\/wp\/v2\/pages\/278","targetHints":{"allow":["GET"]}}],"collection":[{"href":"https:\/\/smho-smso.ca\/fw\/wp-json\/wp\/v2\/pages"}],"about":[{"href":"https:\/\/smho-smso.ca\/fw\/wp-json\/wp\/v2\/types\/page"}],"author":[{"embeddable":true,"href":"https:\/\/smho-smso.ca\/fw\/wp-json\/wp\/v2\/users\/2"}],"replies":[{"embeddable":true,"href":"https:\/\/smho-smso.ca\/fw\/wp-json\/wp\/v2\/comments?post=278"}],"version-history":[{"count":1,"href":"https:\/\/smho-smso.ca\/fw\/wp-json\/wp\/v2\/pages\/278\/revisions"}],"predecessor-version":[{"id":279,"href":"https:\/\/smho-smso.ca\/fw\/wp-json\/wp\/v2\/pages\/278\/revisions\/279"}],"up":[{"embeddable":true,"href":"https:\/\/smho-smso.ca\/fw\/wp-json\/wp\/v2\/pages\/179"}],"wp:featuredmedia":[{"embeddable":true,"href":"https:\/\/smho-smso.ca\/fw\/wp-json\/wp\/v2\/media\/2017"}],"wp:attachment":[{"href":"https:\/\/smho-smso.ca\/fw\/wp-json\/wp\/v2\/media?parent=278"}],"wp:term":[{"taxonomy":"category","embeddable":true,"href":"https:\/\/smho-smso.ca\/fw\/wp-json\/wp\/v2\/categories?post=278"},{"taxonomy":"post_tag","embeddable":true,"href":"https:\/\/smho-smso.ca\/fw\/wp-json\/wp\/v2\/tags?post=278"}],"curies":[{"name":"wp","href":"https:\/\/api.w.org\/{rel}","templated":true}]}}