{"id":234,"date":"2020-07-01T15:35:53","date_gmt":"2020-07-01T19:35:53","guid":{"rendered":"https:\/\/smho-smso.ca\/fw\/?page_id=234"},"modified":"2020-08-20T17:20:40","modified_gmt":"2020-08-20T21:20:40","slug":"la-memoire-de-travail","status":"publish","type":"page","link":"https:\/\/smho-smso.ca\/fw\/pensee-critique-et-creative-fonctions-executives\/la-memoire-de-travail\/","title":{"rendered":"La m\u00e9moire de travail"},"content":{"rendered":"\n\n","protected":false},"excerpt":{"rendered":"<p>La m\u00e9moire de travail joue un r\u00f4le important dans l\u2019apprentissage. Elle am\u00e9liore la capacit\u00e9 des \u00e9l\u00e8ves \u00e0 retenir et \u00e0 manipuler des informations distinctes sur de courtes p\u00e9riodes.<\/p>\n","protected":false},"author":2,"featured_media":2065,"parent":176,"menu_order":0,"comment_status":"closed","ping_status":"closed","template":"child-template.php","meta":{"_acf_changed":false,"footnotes":""},"categories":[],"tags":[],"class_list":["post-234","page","type-page","status-publish","has-post-thumbnail","hentry"],"acf":[],"_links":{"self":[{"href":"https:\/\/smho-smso.ca\/fw\/wp-json\/wp\/v2\/pages\/234","targetHints":{"allow":["GET"]}}],"collection":[{"href":"https:\/\/smho-smso.ca\/fw\/wp-json\/wp\/v2\/pages"}],"about":[{"href":"https:\/\/smho-smso.ca\/fw\/wp-json\/wp\/v2\/types\/page"}],"author":[{"embeddable":true,"href":"https:\/\/smho-smso.ca\/fw\/wp-json\/wp\/v2\/users\/2"}],"replies":[{"embeddable":true,"href":"https:\/\/smho-smso.ca\/fw\/wp-json\/wp\/v2\/comments?post=234"}],"version-history":[{"count":2,"href":"https:\/\/smho-smso.ca\/fw\/wp-json\/wp\/v2\/pages\/234\/revisions"}],"predecessor-version":[{"id":1525,"href":"https:\/\/smho-smso.ca\/fw\/wp-json\/wp\/v2\/pages\/234\/revisions\/1525"}],"up":[{"embeddable":true,"href":"https:\/\/smho-smso.ca\/fw\/wp-json\/wp\/v2\/pages\/176"}],"wp:featuredmedia":[{"embeddable":true,"href":"https:\/\/smho-smso.ca\/fw\/wp-json\/wp\/v2\/media\/2065"}],"wp:attachment":[{"href":"https:\/\/smho-smso.ca\/fw\/wp-json\/wp\/v2\/media?parent=234"}],"wp:term":[{"taxonomy":"category","embeddable":true,"href":"https:\/\/smho-smso.ca\/fw\/wp-json\/wp\/v2\/categories?post=234"},{"taxonomy":"post_tag","embeddable":true,"href":"https:\/\/smho-smso.ca\/fw\/wp-json\/wp\/v2\/tags?post=234"}],"curies":[{"name":"wp","href":"https:\/\/api.w.org\/{rel}","templated":true}]}}