{"id":1066,"date":"2020-07-28T19:00:33","date_gmt":"2020-07-28T23:00:33","guid":{"rendered":"https:\/\/smho-smso.ca\/fw\/?page_id=1066"},"modified":"2021-09-01T21:41:53","modified_gmt":"2021-09-02T01:41:53","slug":"rouge-jaune-vert","status":"publish","type":"page","link":"https:\/\/smho-smso.ca\/fw\/pensee-critique-et-creative-fonctions-executives\/la-resolution-de-problemes\/rouge-jaune-vert\/","title":{"rendered":"Rouge, jaune, vert"},"content":{"rendered":"\n<div class='accordion md-accordion' id='accordion0' role='tablist' aria-multiselectable='true'><div class='card'><div class='card-header' role='tab' id='Instructions-0'><a data-toggle='collapse' data-parent='#accordion0' href='#collapseOneInstructions-0' aria-expanded='true' aria-controls='collapseOneInstructions-0'><h3 class='mb-0'><em class='fas fa-angle-down rotate-icon'><\/em> Instructions<\/h3><\/a><\/div><div id='collapseOneInstructions-0' class='collapse show' role='tabpanel' aria-labelledby='collapseOneInstructions-0' data-parent='#accordion0'><div class='card-body'><p>Introduisez le concept du feu de circulation et expliquez comment cela peut nous aider \u00e0 d\u00e9velopper nos comp\u00e9tences en r\u00e9solution de probl\u00e8mes.<\/p>\n<p>Accompagnez les \u00e9l\u00e8ves dans la pratique \u00ab Rouge, jaune, vert \u00bb.<\/p>\n<ul>\n<li>Rouge = Arr\u00eater!\n<ul>\n<li>Quel est le probl\u00e8me?<\/li>\n<\/ul>\n<\/li>\n<li>Jaune = R\u00e9fl\u00e9chir!\n<ul>\n<li>Ralentis!<\/li>\n<li>Pense aux solutions possibles.<\/li>\n<li>R\u00e9fl\u00e9chis aux r\u00e9sultats qui pourraient d\u00e9couler de chaque solution.<\/li>\n<li>Demande-toi\u00a0: \u00ab Que ferait J\u00e9sus?<\/li>\n<\/ul>\n<\/li>\n<li>Vert = Aller!\n<ul>\n<li>Essais tes solutions.<\/li>\n<\/ul>\n<\/li>\n<\/ul>\n<p>Affichez l&#8217;aide visuel \u00e0 titre de rappel pour toute la classe et utilisez cette pratique aussi souvent que les circonstances le permettent.<\/p>\n<\/div><\/div><\/div><div class='card'><div class='card-header' role='tab' id='Adaptations-0'><a data-toggle='collapse' data-parent='#accordion0' href='#collapseOneAdaptations-0' aria-expanded='false' aria-controls='collapseOneAdaptations-0'><h3 class='mb-0'><em class='fas fa-angle-down rotate-icon'><\/em> Adaptations<\/h3><\/a><\/div><div id='collapseOneAdaptations-0' class='collapse' role='tabpanel' aria-labelledby='collapseOneAdaptations-0' data-parent='#accordion0'><div class='card-body'><ul>\n<li>Avant d\u2019utiliser les comp\u00e9tences en pens\u00e9e critique et cr\u00e9ative, il importe de d\u00e9velopper l\u2019autor\u00e9gulation et la capacit\u00e9 de se calmer afin de favoriser un fonctionnement efficace.<\/li>\n<li>Consid\u00e9rez ajouter une incitation \u00e0 la respiration \u00e0 la lumi\u00e8re rouge (p. ex., Rouge=Arr\u00eate=Respire!) avant de d\u00e9terminer ce qu\u2019est le probl\u00e8me.<\/li>\n<\/ul>\n<\/div><\/div><\/div><div class='card'><div class='card-header' role='tab' id='Donnes-probantes-0'><a data-toggle='collapse' data-parent='#accordion0' href='#collapseOneDonnes-probantes-0' aria-expanded='false' aria-controls='collapseOneDonnes-probantes-0'><h3 class='mb-0'><em class='fas fa-angle-down rotate-icon'><\/em> Donn\u00e9es probantes<\/h3><\/a><\/div><div id='collapseOneDonnes-probantes-0' class='collapse' role='tabpanel' aria-labelledby='collapseOneDonnes-probantes-0' data-parent='#accordion0'><div class='card-body'><p>La ma\u00eetrise de soi et la gestion de l\u2019impulsivit\u00e9 sont des comp\u00e9tences qui \u00e9voluent progressivement au cours de l\u2019enfance. M\u00eame les am\u00e9liorations relativement l\u00e9g\u00e8res dans ces comp\u00e9tences peuvent avoir une incidence importante \u00e0 long terme sur l\u2019\u00e9l\u00e8ve et l\u2019ensemble de la soci\u00e9t\u00e9. Diamond &amp; Lee (2011) remarquent que les enfants \u00e2g\u00e9s de trois \u00e0 onze ans qui ont une bonne ma\u00eetrise de soi, une impulsivit\u00e9 att\u00e9nu\u00e9e, et une meilleure concentration ont tendance \u00e0 \u00eatre plus sains, \u00e0 gagner des salaires plus \u00e9lev\u00e9s, et \u00e0 commettre moins de crimes que ceux qui n\u2019ont pas acquis ces comp\u00e9tences. <span class=\"TrackChangeTextInsertion TrackedChange  BCX0 SCXW83820187\"><span class=\"TextRun  BCX0 SCXW83820187\" lang=\"FR-FR\" xml:lang=\"FR-FR\" data-contrast=\"auto\"><span class=\"NormalTextRun  BCX0 SCXW83820187\">\u00a0<\/span><\/span><\/span><span class=\"TrackChangeTextInsertion TrackedChange  BCX0 SCXW83820187\"><span class=\"TextRun  BCX0 SCXW83820187\" lang=\"FR-CA\" xml:lang=\"FR-CA\" data-contrast=\"auto\"><span class=\"NormalTextRun  BCX0 SCXW83820187\">Toutefois, Ruiz (2014) a trouv\u00e9 que les jeunes enfants qui ont \u00e9t\u00e9 expos\u00e9s \u00e0 un \u00e9v\u00e9nement traumatique peuvent \u00eatre d\u00e9crits par leurs enseignants comme \u00e9tant perturbateurs, inattentifs, voir m\u00eame \u00eatre confondu comme \u00e9tant hyperactifs. Il est donc essentiel pour les enseignants d\u2019\u00eatre sensibles aux facteurs qui peuvent en fait \u00eatre la r\u00e9ponse \u00e0 des\u00a0<\/span><\/span><\/span><span class=\"TrackChangeTextInsertion TrackedChange  BCX0 SCXW83820187\"><span class=\"TextRun  BCX0 SCXW83820187\" lang=\"FR-CA\" xml:lang=\"FR-CA\" data-contrast=\"auto\"><span class=\"NormalTextRun SpellingErrorV2  BCX0 SCXW83820187\">stresseurs<\/span><\/span><\/span><span class=\"TrackChangeTextInsertion TrackedChange  BCX0 SCXW83820187\"><span class=\"TextRun  BCX0 SCXW83820187\" lang=\"FR-CA\" xml:lang=\"FR-CA\" data-contrast=\"auto\"><span class=\"NormalTextRun  BCX0 SCXW83820187\">\u00a0environnementaux [tel que le racisme syst\u00e9mique et l\u2019oppression structurelle].<\/span><\/span><\/span><\/p>\n<\/div><\/div><\/div><div class='card'><div class='card-header' role='tab' id='Rfrences-0'><a data-toggle='collapse' data-parent='#accordion0' href='#collapseOneRfrences-0' aria-expanded='false' aria-controls='collapseOneRfrences-0'><h3 class='mb-0'><em class='fas fa-angle-down rotate-icon'><\/em> R\u00e9f\u00e9rences<\/h3><\/a><\/div><div id='collapseOneRfrences-0' class='collapse' role='tabpanel' aria-labelledby='collapseOneRfrences-0' data-parent='#accordion0'><div class='card-body'><p>Diamond, A., &amp; Lee, K. (2011). Interventions shown to aid executive function development in children 4 to 12 years old. <em>Science, 333<\/em>(6045), 959-964.<\/p>\n<p><span class=\"TrackChangeTextInsertion TrackedChange SCXW14522378 BCX0\"><span class=\"TrackedChange SCXW14522378 BCX0\"><span class=\"TextRun SCXW14522378 BCX0\" lang=\"EN-CA\" xml:lang=\"EN-CA\" data-contrast=\"auto\"><span class=\"NormalTextRun SCXW14522378 BCX0\">Ruiz, R. (2014, July 7).\u202fHow Childhood Trauma Could Be Mistaken for ADHD. The Atlantic. https:\/\/www.theatlantic.com\/health\/archive\/2014\/07\/how-childhood-trauma-could-be-mistaken-for-adhd\/373328\/<\/span><\/span><\/span><\/span><span class=\"TrackChangeTextInsertion TrackedChange SCXW14522378 BCX0\"><span class=\"TrackedChange SCXW14522378 BCX0\"><span class=\"TextRun SCXW14522378 BCX0\" lang=\"EN-CA\" xml:lang=\"EN-CA\" data-contrast=\"none\"><span class=\"NormalTextRun SCXW14522378 BCX0\" data-ccp-charstyle=\"eop\" data-ccp-charstyle-defn=\"{&quot;ObjectId&quot;:&quot;763bb4cd-fc38-4fd3-8c78-2ac10afccb27|46&quot;,&quot;ClassId&quot;:1073872969,&quot;Properties&quot;:[134233614,&quot;true&quot;,201340122,&quot;1&quot;,469775450,&quot;eop&quot;,469778129,&quot;eop&quot;,469778324,&quot;Default Paragraph Font&quot;]}\">\u202f<\/span><\/span><\/span><\/span><span class=\"EOP TrackedChange SCXW14522378 BCX0\" data-ccp-props=\"{&quot;201341983&quot;:0,&quot;335559685&quot;:393,&quot;335559740&quot;:240,&quot;335559991&quot;:425}\">\u00a0<\/span><\/p>\n<\/div><\/div><\/div><div class='card'><div class='card-header' role='tab' id='Connexions-au-catholicisme-0'><a data-toggle='collapse' data-parent='#accordion0' href='#collapseOneConnexions-au-catholicisme-0' aria-expanded='false' aria-controls='collapseOneConnexions-au-catholicisme-0'><h3 class='mb-0'><em class='fas fa-angle-down rotate-icon'><\/em> Connexions au catholicisme<\/h3><\/a><\/div><div id='collapseOneConnexions-au-catholicisme-0' class='collapse' role='tabpanel' aria-labelledby='collapseOneConnexions-au-catholicisme-0' data-parent='#accordion0'><div class='card-body'><p>Vivre notre foi nous encourage \u00e0 penser avant d&#8217;agir et \u00e0 contr\u00f4ler nos \u00e9motions et nos impulsions afin d\u2019agir avec amour, comme le fait J\u00e9sus. Avec la pratique, s\u2019arr\u00eater et se demander \u00ab\u00a0Que ferait J\u00e9sus?\u00a0\u00bb nous aide \u00e0 suivre son exemple.<\/p>\n<\/div><\/div><\/div><div class='card'><div class='card-header' role='tab' id='Profil-des-finissants-des-coles-catholiques-0'><a data-toggle='collapse' data-parent='#accordion0' href='#collapseOneProfil-des-finissants-des-coles-catholiques-0' aria-expanded='false' aria-controls='collapseOneProfil-des-finissants-des-coles-catholiques-0'><h3 class='mb-0'><em class='fas fa-angle-down rotate-icon'><\/em> Profil des finissants des \u00e9coles catholiques<\/h3><\/a><\/div><div id='collapseOneProfil-des-finissants-des-coles-catholiques-0' class='collapse' role='tabpanel' aria-labelledby='collapseOneProfil-des-finissants-des-coles-catholiques-0' data-parent='#accordion0'><div class='card-body'><p>(5a) Un collaborateur empathique qui collabore efficacement au sein d\u2019\u00e9quipes de travail.<\/p>\n<\/div><\/div><\/div><div class='card'><div class='card-header' role='tab' id='Les-quatre-domaines-du-programme-de-la-maternelle-et-du-jardin-denfants-0'><a data-toggle='collapse' data-parent='#accordion0' href='#collapseOneLes-quatre-domaines-du-programme-de-la-maternelle-et-du-jardin-denfants-0' aria-expanded='false' aria-controls='collapseOneLes-quatre-domaines-du-programme-de-la-maternelle-et-du-jardin-denfants-0'><h3 class='mb-0'><em class='fas fa-angle-down rotate-icon'><\/em> Les quatre domaines du programme de la maternelle et du jardin d\u2019enfants<\/h3><\/a><\/div><div id='collapseOneLes-quatre-domaines-du-programme-de-la-maternelle-et-du-jardin-denfants-0' class='collapse' role='tabpanel' aria-labelledby='collapseOneLes-quatre-domaines-du-programme-de-la-maternelle-et-du-jardin-denfants-0' data-parent='#accordion0'><div class='card-body'><p>Appartenance et contribution : d\u00e9velopper sa compr\u00e9hension des relations et de la communaut\u00e9, et des fa\u00e7ons dont les gens contribuent au monde qui les entoure<\/p>\n<\/div><\/div><\/div><\/div>\n","protected":false},"excerpt":{"rendered":"<p>Aider \u00e0 d\u00e9velopper les comp\u00e9tences \u00e0 r\u00e9soudre des probl\u00e8mes<\/p>\n","protected":false},"author":2,"featured_media":1877,"parent":232,"menu_order":0,"comment_status":"closed","ping_status":"closed","template":"practice-template.php","meta":{"_acf_changed":false,"footnotes":""},"categories":[52,36,40,226,68,60,44,218],"tags":[],"class_list":["post-1066","page","type-page","status-publish","has-post-thumbnail","hentry","category-aucun-materiel-requis","category-intermediaire","category-moyen","category-option-virtuelle","category-pensee-critique-et-creative-fonction-executive","category-peut-se-faire-a-lexterieur","category-primaire","category-promouvoir"],"acf":[],"_links":{"self":[{"href":"https:\/\/smho-smso.ca\/fw\/wp-json\/wp\/v2\/pages\/1066","targetHints":{"allow":["GET"]}}],"collection":[{"href":"https:\/\/smho-smso.ca\/fw\/wp-json\/wp\/v2\/pages"}],"about":[{"href":"https:\/\/smho-smso.ca\/fw\/wp-json\/wp\/v2\/types\/page"}],"author":[{"embeddable":true,"href":"https:\/\/smho-smso.ca\/fw\/wp-json\/wp\/v2\/users\/2"}],"replies":[{"embeddable":true,"href":"https:\/\/smho-smso.ca\/fw\/wp-json\/wp\/v2\/comments?post=1066"}],"version-history":[{"count":8,"href":"https:\/\/smho-smso.ca\/fw\/wp-json\/wp\/v2\/pages\/1066\/revisions"}],"predecessor-version":[{"id":2892,"href":"https:\/\/smho-smso.ca\/fw\/wp-json\/wp\/v2\/pages\/1066\/revisions\/2892"}],"up":[{"embeddable":true,"href":"https:\/\/smho-smso.ca\/fw\/wp-json\/wp\/v2\/pages\/232"}],"wp:featuredmedia":[{"embeddable":true,"href":"https:\/\/smho-smso.ca\/fw\/wp-json\/wp\/v2\/media\/1877"}],"wp:attachment":[{"href":"https:\/\/smho-smso.ca\/fw\/wp-json\/wp\/v2\/media?parent=1066"}],"wp:term":[{"taxonomy":"category","embeddable":true,"href":"https:\/\/smho-smso.ca\/fw\/wp-json\/wp\/v2\/categories?post=1066"},{"taxonomy":"post_tag","embeddable":true,"href":"https:\/\/smho-smso.ca\/fw\/wp-json\/wp\/v2\/tags?post=1066"}],"curies":[{"name":"wp","href":"https:\/\/api.w.org\/{rel}","templated":true}]}}