{"id":1052,"date":"2020-07-28T17:46:09","date_gmt":"2020-07-28T21:46:09","guid":{"rendered":"https:\/\/smho-smso.ca\/fw\/?page_id=1052"},"modified":"2021-09-01T21:39:18","modified_gmt":"2021-09-02T01:39:18","slug":"organiser-ses-pensees","status":"publish","type":"page","link":"https:\/\/smho-smso.ca\/fw\/pensee-critique-et-creative-fonctions-executives\/lorganisation\/organiser-ses-pensees\/","title":{"rendered":"Organiser ses pens\u00e9es"},"content":{"rendered":"\n<div class='accordion md-accordion' id='accordion0' role='tablist' aria-multiselectable='true'><div class='card'><div class='card-header' role='tab' id='Instructions-0'><a data-toggle='collapse' data-parent='#accordion0' href='#collapseOneInstructions-0' aria-expanded='true' aria-controls='collapseOneInstructions-0'><h3 class='mb-0'><em class='fas fa-angle-down rotate-icon'><\/em> Instructions<\/h3><\/a><\/div><div id='collapseOneInstructions-0' class='collapse show' role='tabpanel' aria-labelledby='collapseOneInstructions-0' data-parent='#accordion0'><div class='card-body'><p>Accordez aux \u00e9l\u00e8ves une \u00e0 deux minutes pour qu\u2019ils se fixent un objectif pour la le\u00e7on, t\u00e2che ou test (ils peuvent l\u2019\u00e9crire, s\u2019ils le d\u00e9sirent).<\/p>\n<p>Ensuite, pour les aider \u00e0 calmer leurs esprits et \u00e0 se pr\u00e9parer pour la le\u00e7on\/t\u00e2che\/test, demandez-leur\u00a0de\/d\u2019 :<\/p>\n<ul>\n<li>S\u2019asseoir confortablement, de baisser le regard ou de fermer les yeux.<\/li>\n<li>Prendre conscience de leur respiration et de l\u2019oxyg\u00e8ne qu\u2019elle apporte \u00e0 leur corps, de visualiser l\u2019amour de Dieu p\u00e9n\u00e9trant dans leur corps et la lib\u00e9ration du stress et des pens\u00e9es n\u00e9gatives lorsqu\u2019ils expirent.<\/li>\n<li>Inspirez pour quatre secondes et d\u2019expirez pour six secondes pour environ deux minutes.<\/li>\n<li>Retourner leur attention sur leurs doigts et leurs orteils, puis sur leurs \u00e9paules pendant qu\u2019ils les roulent, et finalement \u00e0 ouvrir les yeux.<\/li>\n<\/ul>\n<p>*Rappelez aux \u00e9l\u00e8ves, qu\u2019au fur et \u00e0 mesure que des pens\u00e9es surviennent, il faut tout simplement les reconna\u00eetre et continuer la respiration.<\/p>\n<\/div><\/div><\/div><div class='card'><div class='card-header' role='tab' id='Adaptations-0'><a data-toggle='collapse' data-parent='#accordion0' href='#collapseOneAdaptations-0' aria-expanded='false' aria-controls='collapseOneAdaptations-0'><h3 class='mb-0'><em class='fas fa-angle-down rotate-icon'><\/em> Adaptations<\/h3><\/a><\/div><div id='collapseOneAdaptations-0' class='collapse' role='tabpanel' aria-labelledby='collapseOneAdaptations-0' data-parent='#accordion0'><div class='card-body'><ul>\n<li>Utilisez une appli de relaxation ou de la musique.<\/li>\n<\/ul>\n<\/div><\/div><\/div><div class='card'><div class='card-header' role='tab' id='Donnes-probantes-0'><a data-toggle='collapse' data-parent='#accordion0' href='#collapseOneDonnes-probantes-0' aria-expanded='false' aria-controls='collapseOneDonnes-probantes-0'><h3 class='mb-0'><em class='fas fa-angle-down rotate-icon'><\/em> Donn\u00e9es probantes<\/h3><\/a><\/div><div id='collapseOneDonnes-probantes-0' class='collapse' role='tabpanel' aria-labelledby='collapseOneDonnes-probantes-0' data-parent='#accordion0'><div class='card-body'><p>Enseigner la m\u00e9ditation ax\u00e9e sur la pleine conscience dans les \u00e9coles a \u00e9t\u00e9 de plus en plus soutenu en raison des donn\u00e9es probantes faisant le lien entre cette pratique et une augmentation de l\u2019optimisme, de la comp\u00e9tence sociale et du concept de soi pour les \u00e9l\u00e8ves (Schonert-Reichl &amp; Lawlor, 2010). Les avantages des programmes d\u2019apprentissage socio-\u00e9motionnel, enseign\u00e9s \u00e0 l\u2019\u00e9cole, semblent \u00e9galement \u00eatre augment\u00e9s par l\u2019ajout d\u2019une composante ax\u00e9e sur la pleine conscience. Les \u00e9l\u00e8ves qui ont re\u00e7u un enseignement portant \u00e0 la fois sur les comp\u00e9tences socio-\u00e9motionnelles et sur la pleine conscience ont pr\u00e9sent\u00e9 d\u2019importantes am\u00e9liorations du bien-\u00eatre et des comportements prosociaux (Schonert-Reichl, et al., 2015). Les rapports des enseignants indiquent que l\u2019int\u00e9gration des programmes de pleine conscience dans la salle de classe est \u00e0 la fois facile et b\u00e9n\u00e9fique, ce qui en fait un ajout pratique et g\u00e9rable aux outils p\u00e9dagogiques pour soutenir la sant\u00e9 mentale de tous les \u00e9l\u00e8ves.<\/p>\n<\/div><\/div><\/div><div class='card'><div class='card-header' role='tab' id='Rfrences-0'><a data-toggle='collapse' data-parent='#accordion0' href='#collapseOneRfrences-0' aria-expanded='false' aria-controls='collapseOneRfrences-0'><h3 class='mb-0'><em class='fas fa-angle-down rotate-icon'><\/em> R\u00e9f\u00e9rences<\/h3><\/a><\/div><div id='collapseOneRfrences-0' class='collapse' role='tabpanel' aria-labelledby='collapseOneRfrences-0' data-parent='#accordion0'><div class='card-body'><p>Schonert-Reichl, K. A., &amp; Lawlor, M. S. (2010). The effects of a mindfulness-based education program on pre-and early adolescents\u2019 well-being and social and emotional competence. <em>Mindfulness, 1<\/em>(3), 137-151.<\/p>\n<p>Schonert-Reichl, K. A., Oberle, E., Lawlor, M. S., Abbott, D., Thomson, K., Oberlander, T. F., &amp; Diamond, A. (2015). Enhancing cognitive and social-emotional development through a simple-to-administer mindfulness-based school program for elementary school children: A randomized controlled trial. <em>Developmental psychology, 51<\/em>(1), 52.<\/p>\n<\/div><\/div><\/div><div class='card'><div class='card-header' role='tab' id='Connexions-au-catholicisme-0'><a data-toggle='collapse' data-parent='#accordion0' href='#collapseOneConnexions-au-catholicisme-0' aria-expanded='false' aria-controls='collapseOneConnexions-au-catholicisme-0'><h3 class='mb-0'><em class='fas fa-angle-down rotate-icon'><\/em> Connexions au catholicisme<\/h3><\/a><\/div><div id='collapseOneConnexions-au-catholicisme-0' class='collapse' role='tabpanel' aria-labelledby='collapseOneConnexions-au-catholicisme-0' data-parent='#accordion0'><div class='card-body'><p>Faire une pause, pour reconna\u00eetre et appr\u00e9cier le fait que la vie humaine est un don de Dieu, nous recentre dans notre foi et instaure un calme propice au travail productif.<\/p>\n<\/div><\/div><\/div><div class='card'><div class='card-header' role='tab' id='Profil-des-finissants-des-coles-catholiques-0'><a data-toggle='collapse' data-parent='#accordion0' href='#collapseOneProfil-des-finissants-des-coles-catholiques-0' aria-expanded='false' aria-controls='collapseOneProfil-des-finissants-des-coles-catholiques-0'><h3 class='mb-0'><em class='fas fa-angle-down rotate-icon'><\/em> Profil des finissants des \u00e9coles catholiques<\/h3><\/a><\/div><div id='collapseOneProfil-des-finissants-des-coles-catholiques-0' class='collapse' role='tabpanel' aria-labelledby='collapseOneProfil-des-finissants-des-coles-catholiques-0' data-parent='#accordion0'><div class='card-body'><p>(5) Un collaborateur empathique qui sait d\u00e9couvrir sens, dignit\u00e9 et vocation dans un travail qui favorise le bien commun.<\/p>\n<\/div><\/div><\/div><div class='card'><div class='card-header' role='tab' id='Les-quatre-domaines-du-programme-de-la-maternelle-et-du-jardin-denfants-0'><a data-toggle='collapse' data-parent='#accordion0' href='#collapseOneLes-quatre-domaines-du-programme-de-la-maternelle-et-du-jardin-denfants-0' aria-expanded='false' aria-controls='collapseOneLes-quatre-domaines-du-programme-de-la-maternelle-et-du-jardin-denfants-0'><h3 class='mb-0'><em class='fas fa-angle-down rotate-icon'><\/em> Les quatre domaines du programme de la maternelle et du jardin d\u2019enfants<\/h3><\/a><\/div><div id='collapseOneLes-quatre-domaines-du-programme-de-la-maternelle-et-du-jardin-denfants-0' class='collapse' role='tabpanel' aria-labelledby='collapseOneLes-quatre-domaines-du-programme-de-la-maternelle-et-du-jardin-denfants-0' data-parent='#accordion0'><div class='card-body'><p>Appartenance et contribution\u00a0: d\u00e9velopper ses relations avec les autres et ses contributions comme partie int\u00e9grante d\u2019un groupe, d\u2019une communaut\u00e9 et du monde<\/p>\n<\/div><\/div><\/div><\/div>\n","protected":false},"excerpt":{"rendered":"<p>Aider les \u00e9l\u00e8ves \u00e0 consacrer du temps \u00e0 d\u00e9velopper leur capacit\u00e9 \u00e0 organiser leurs pens\u00e9es et \u00e0 favoriser un sentiment de calme<\/p>\n","protected":false},"author":2,"featured_media":1858,"parent":228,"menu_order":0,"comment_status":"closed","ping_status":"closed","template":"practice-template.php","meta":{"_acf_changed":false,"footnotes":""},"categories":[36,40,226,68,44,218],"tags":[],"class_list":["post-1052","page","type-page","status-publish","has-post-thumbnail","hentry","category-intermediaire","category-moyen","category-option-virtuelle","category-pensee-critique-et-creative-fonction-executive","category-primaire","category-promouvoir"],"acf":[],"_links":{"self":[{"href":"https:\/\/smho-smso.ca\/fw\/wp-json\/wp\/v2\/pages\/1052","targetHints":{"allow":["GET"]}}],"collection":[{"href":"https:\/\/smho-smso.ca\/fw\/wp-json\/wp\/v2\/pages"}],"about":[{"href":"https:\/\/smho-smso.ca\/fw\/wp-json\/wp\/v2\/types\/page"}],"author":[{"embeddable":true,"href":"https:\/\/smho-smso.ca\/fw\/wp-json\/wp\/v2\/users\/2"}],"replies":[{"embeddable":true,"href":"https:\/\/smho-smso.ca\/fw\/wp-json\/wp\/v2\/comments?post=1052"}],"version-history":[{"count":8,"href":"https:\/\/smho-smso.ca\/fw\/wp-json\/wp\/v2\/pages\/1052\/revisions"}],"predecessor-version":[{"id":2889,"href":"https:\/\/smho-smso.ca\/fw\/wp-json\/wp\/v2\/pages\/1052\/revisions\/2889"}],"up":[{"embeddable":true,"href":"https:\/\/smho-smso.ca\/fw\/wp-json\/wp\/v2\/pages\/228"}],"wp:featuredmedia":[{"embeddable":true,"href":"https:\/\/smho-smso.ca\/fw\/wp-json\/wp\/v2\/media\/1858"}],"wp:attachment":[{"href":"https:\/\/smho-smso.ca\/fw\/wp-json\/wp\/v2\/media?parent=1052"}],"wp:term":[{"taxonomy":"category","embeddable":true,"href":"https:\/\/smho-smso.ca\/fw\/wp-json\/wp\/v2\/categories?post=1052"},{"taxonomy":"post_tag","embeddable":true,"href":"https:\/\/smho-smso.ca\/fw\/wp-json\/wp\/v2\/tags?post=1052"}],"curies":[{"name":"wp","href":"https:\/\/api.w.org\/{rel}","templated":true}]}}