{"id":413,"date":"2021-02-03T18:43:45","date_gmt":"2021-02-03T23:43:45","guid":{"rendered":"https:\/\/smho-smso.ca\/emhcsecondary\/?page_id=413"},"modified":"2021-03-09T14:50:24","modified_gmt":"2021-03-09T19:50:24","slug":"la-gratitude","status":"publish","type":"page","link":"https:\/\/smho-smso.ca\/emhcsecondary\/motivation-positive-et-perseverance\/la-gratitude\/","title":{"rendered":"La gratitude"},"content":{"rendered":"","protected":false},"excerpt":{"rendered":"<p>Voir le monde et leurs relations sous l\u2019angle de la gratitude peut aider les \u00e9l\u00e8ves \u00e0 remarquer et \u00e0 appr\u00e9cier les \u00e9l\u00e9ments positifs de la vie, m\u00eame en pr\u00e9sence d\u2019un d\u00e9fi quelconque. Remarquer et partager la gratitude peut aussi favoriser le d\u00e9veloppement de relations saines et de la r\u00e9silience.<\/p>\n","protected":false},"author":2,"featured_media":676,"parent":363,"menu_order":0,"comment_status":"closed","ping_status":"closed","template":"child-template.php","meta":{"_acf_changed":false,"footnotes":"","_links_to":"","_links_to_target":""},"categories":[],"tags":[],"class_list":["post-413","page","type-page","status-publish","has-post-thumbnail","hentry"],"acf":[],"_links":{"self":[{"href":"https:\/\/smho-smso.ca\/emhcsecondary\/wp-json\/wp\/v2\/pages\/413","targetHints":{"allow":["GET"]}}],"collection":[{"href":"https:\/\/smho-smso.ca\/emhcsecondary\/wp-json\/wp\/v2\/pages"}],"about":[{"href":"https:\/\/smho-smso.ca\/emhcsecondary\/wp-json\/wp\/v2\/types\/page"}],"author":[{"embeddable":true,"href":"https:\/\/smho-smso.ca\/emhcsecondary\/wp-json\/wp\/v2\/users\/2"}],"replies":[{"embeddable":true,"href":"https:\/\/smho-smso.ca\/emhcsecondary\/wp-json\/wp\/v2\/comments?post=413"}],"version-history":[{"count":1,"href":"https:\/\/smho-smso.ca\/emhcsecondary\/wp-json\/wp\/v2\/pages\/413\/revisions"}],"predecessor-version":[{"id":414,"href":"https:\/\/smho-smso.ca\/emhcsecondary\/wp-json\/wp\/v2\/pages\/413\/revisions\/414"}],"up":[{"embeddable":true,"href":"https:\/\/smho-smso.ca\/emhcsecondary\/wp-json\/wp\/v2\/pages\/363"}],"wp:featuredmedia":[{"embeddable":true,"href":"https:\/\/smho-smso.ca\/emhcsecondary\/wp-json\/wp\/v2\/media\/676"}],"wp:attachment":[{"href":"https:\/\/smho-smso.ca\/emhcsecondary\/wp-json\/wp\/v2\/media?parent=413"}],"wp:term":[{"taxonomy":"category","embeddable":true,"href":"https:\/\/smho-smso.ca\/emhcsecondary\/wp-json\/wp\/v2\/categories?post=413"},{"taxonomy":"post_tag","embeddable":true,"href":"https:\/\/smho-smso.ca\/emhcsecondary\/wp-json\/wp\/v2\/tags?post=413"}],"curies":[{"name":"wp","href":"https:\/\/api.w.org\/{rel}","templated":true}]}}