{"id":405,"date":"2021-02-03T18:29:06","date_gmt":"2021-02-03T23:29:06","guid":{"rendered":"https:\/\/smho-smso.ca\/emhcsecondary\/?page_id=405"},"modified":"2021-03-09T12:46:52","modified_gmt":"2021-03-09T17:46:52","slug":"saffirmer","status":"publish","type":"page","link":"https:\/\/smho-smso.ca\/emhcsecondary\/conscience-de-soi-et-sentiment-didentite-personnelle\/saffirmer\/","title":{"rendered":"S\u2019affirmer"},"content":{"rendered":"","protected":false},"excerpt":{"rendered":"<p>Lorsque les \u00e9l\u00e8ves peuvent se d\u00e9fendre, tout en respectant les opinions des autres, ils acqui\u00e8rent de la confiance en soi et gagnent le respect des autres. Cette comp\u00e9tence peut aider \u00e0 \u00e9tablir des relations, \u00e0 g\u00e9rer des conflits et \u00e0 r\u00e9duire le stress.<\/p>\n","protected":false},"author":2,"featured_media":632,"parent":367,"menu_order":0,"comment_status":"closed","ping_status":"closed","template":"child-template.php","meta":{"_acf_changed":false,"footnotes":"","_links_to":"","_links_to_target":""},"categories":[],"tags":[],"class_list":["post-405","page","type-page","status-publish","has-post-thumbnail","hentry"],"acf":[],"_links":{"self":[{"href":"https:\/\/smho-smso.ca\/emhcsecondary\/wp-json\/wp\/v2\/pages\/405","targetHints":{"allow":["GET"]}}],"collection":[{"href":"https:\/\/smho-smso.ca\/emhcsecondary\/wp-json\/wp\/v2\/pages"}],"about":[{"href":"https:\/\/smho-smso.ca\/emhcsecondary\/wp-json\/wp\/v2\/types\/page"}],"author":[{"embeddable":true,"href":"https:\/\/smho-smso.ca\/emhcsecondary\/wp-json\/wp\/v2\/users\/2"}],"replies":[{"embeddable":true,"href":"https:\/\/smho-smso.ca\/emhcsecondary\/wp-json\/wp\/v2\/comments?post=405"}],"version-history":[{"count":1,"href":"https:\/\/smho-smso.ca\/emhcsecondary\/wp-json\/wp\/v2\/pages\/405\/revisions"}],"predecessor-version":[{"id":406,"href":"https:\/\/smho-smso.ca\/emhcsecondary\/wp-json\/wp\/v2\/pages\/405\/revisions\/406"}],"up":[{"embeddable":true,"href":"https:\/\/smho-smso.ca\/emhcsecondary\/wp-json\/wp\/v2\/pages\/367"}],"wp:featuredmedia":[{"embeddable":true,"href":"https:\/\/smho-smso.ca\/emhcsecondary\/wp-json\/wp\/v2\/media\/632"}],"wp:attachment":[{"href":"https:\/\/smho-smso.ca\/emhcsecondary\/wp-json\/wp\/v2\/media?parent=405"}],"wp:term":[{"taxonomy":"category","embeddable":true,"href":"https:\/\/smho-smso.ca\/emhcsecondary\/wp-json\/wp\/v2\/categories?post=405"},{"taxonomy":"post_tag","embeddable":true,"href":"https:\/\/smho-smso.ca\/emhcsecondary\/wp-json\/wp\/v2\/tags?post=405"}],"curies":[{"name":"wp","href":"https:\/\/api.w.org\/{rel}","templated":true}]}}