{"id":403,"date":"2021-02-03T18:28:34","date_gmt":"2021-02-03T23:28:34","guid":{"rendered":"https:\/\/smho-smso.ca\/emhcsecondary\/?page_id=403"},"modified":"2021-03-09T15:55:18","modified_gmt":"2021-03-09T20:55:18","slug":"lecoute","status":"publish","type":"page","link":"https:\/\/smho-smso.ca\/emhcsecondary\/relations-saines\/lecoute\/","title":{"rendered":"L\u2019\u00e9coute"},"content":{"rendered":"","protected":false},"excerpt":{"rendered":"<p>L\u2019\u00e9coute active am\u00e9liore l\u2019empathie et l\u2019acceptation des diff\u00e9rences. Les \u00e9l\u00e8ves qui sont capables de bien \u00e9couter les autres sont davantage r\u00e9ceptifs aux besoins et aux perspectives des autres, ce qui peut renforcer les relations sociales.<\/p>\n","protected":false},"author":2,"featured_media":717,"parent":365,"menu_order":0,"comment_status":"closed","ping_status":"closed","template":"child-template.php","meta":{"_acf_changed":false,"footnotes":"","_links_to":"","_links_to_target":""},"categories":[],"tags":[],"class_list":["post-403","page","type-page","status-publish","has-post-thumbnail","hentry"],"acf":[],"_links":{"self":[{"href":"https:\/\/smho-smso.ca\/emhcsecondary\/wp-json\/wp\/v2\/pages\/403","targetHints":{"allow":["GET"]}}],"collection":[{"href":"https:\/\/smho-smso.ca\/emhcsecondary\/wp-json\/wp\/v2\/pages"}],"about":[{"href":"https:\/\/smho-smso.ca\/emhcsecondary\/wp-json\/wp\/v2\/types\/page"}],"author":[{"embeddable":true,"href":"https:\/\/smho-smso.ca\/emhcsecondary\/wp-json\/wp\/v2\/users\/2"}],"replies":[{"embeddable":true,"href":"https:\/\/smho-smso.ca\/emhcsecondary\/wp-json\/wp\/v2\/comments?post=403"}],"version-history":[{"count":1,"href":"https:\/\/smho-smso.ca\/emhcsecondary\/wp-json\/wp\/v2\/pages\/403\/revisions"}],"predecessor-version":[{"id":404,"href":"https:\/\/smho-smso.ca\/emhcsecondary\/wp-json\/wp\/v2\/pages\/403\/revisions\/404"}],"up":[{"embeddable":true,"href":"https:\/\/smho-smso.ca\/emhcsecondary\/wp-json\/wp\/v2\/pages\/365"}],"wp:featuredmedia":[{"embeddable":true,"href":"https:\/\/smho-smso.ca\/emhcsecondary\/wp-json\/wp\/v2\/media\/717"}],"wp:attachment":[{"href":"https:\/\/smho-smso.ca\/emhcsecondary\/wp-json\/wp\/v2\/media?parent=403"}],"wp:term":[{"taxonomy":"category","embeddable":true,"href":"https:\/\/smho-smso.ca\/emhcsecondary\/wp-json\/wp\/v2\/categories?post=403"},{"taxonomy":"post_tag","embeddable":true,"href":"https:\/\/smho-smso.ca\/emhcsecondary\/wp-json\/wp\/v2\/tags?post=403"}],"curies":[{"name":"wp","href":"https:\/\/api.w.org\/{rel}","templated":true}]}}