{"id":401,"date":"2021-02-03T18:28:02","date_gmt":"2021-02-03T23:28:02","guid":{"rendered":"https:\/\/smho-smso.ca\/emhcsecondary\/?page_id=401"},"modified":"2021-03-09T14:45:36","modified_gmt":"2021-03-09T19:45:36","slug":"lempathie","status":"publish","type":"page","link":"https:\/\/smho-smso.ca\/emhcsecondary\/relations-saines\/lempathie\/","title":{"rendered":"L\u2019empathie"},"content":{"rendered":"","protected":false},"excerpt":{"rendered":"<p>Faire preuve d\u2019empathie est un \u00e9l\u00e9ment essentiel \u00e0 la r\u00e9solution des conflits et au maintien de relations positives. Lorsque les \u00e9l\u00e8ves apprennent \u00e0 se mettre \u00ab dans la peau de l\u2019autre \u00bb, ils peuvent ainsi d\u00e9velopper de nouvelles perspectives et aborder les autres avec plus de compassion. <\/p>\n","protected":false},"author":2,"featured_media":673,"parent":365,"menu_order":0,"comment_status":"closed","ping_status":"closed","template":"child-template.php","meta":{"_acf_changed":false,"footnotes":"","_links_to":"","_links_to_target":""},"categories":[],"tags":[],"class_list":["post-401","page","type-page","status-publish","has-post-thumbnail","hentry"],"acf":[],"_links":{"self":[{"href":"https:\/\/smho-smso.ca\/emhcsecondary\/wp-json\/wp\/v2\/pages\/401","targetHints":{"allow":["GET"]}}],"collection":[{"href":"https:\/\/smho-smso.ca\/emhcsecondary\/wp-json\/wp\/v2\/pages"}],"about":[{"href":"https:\/\/smho-smso.ca\/emhcsecondary\/wp-json\/wp\/v2\/types\/page"}],"author":[{"embeddable":true,"href":"https:\/\/smho-smso.ca\/emhcsecondary\/wp-json\/wp\/v2\/users\/2"}],"replies":[{"embeddable":true,"href":"https:\/\/smho-smso.ca\/emhcsecondary\/wp-json\/wp\/v2\/comments?post=401"}],"version-history":[{"count":1,"href":"https:\/\/smho-smso.ca\/emhcsecondary\/wp-json\/wp\/v2\/pages\/401\/revisions"}],"predecessor-version":[{"id":402,"href":"https:\/\/smho-smso.ca\/emhcsecondary\/wp-json\/wp\/v2\/pages\/401\/revisions\/402"}],"up":[{"embeddable":true,"href":"https:\/\/smho-smso.ca\/emhcsecondary\/wp-json\/wp\/v2\/pages\/365"}],"wp:featuredmedia":[{"embeddable":true,"href":"https:\/\/smho-smso.ca\/emhcsecondary\/wp-json\/wp\/v2\/media\/673"}],"wp:attachment":[{"href":"https:\/\/smho-smso.ca\/emhcsecondary\/wp-json\/wp\/v2\/media?parent=401"}],"wp:term":[{"taxonomy":"category","embeddable":true,"href":"https:\/\/smho-smso.ca\/emhcsecondary\/wp-json\/wp\/v2\/categories?post=401"},{"taxonomy":"post_tag","embeddable":true,"href":"https:\/\/smho-smso.ca\/emhcsecondary\/wp-json\/wp\/v2\/tags?post=401"}],"curies":[{"name":"wp","href":"https:\/\/api.w.org\/{rel}","templated":true}]}}