{"id":397,"date":"2021-02-03T18:27:09","date_gmt":"2021-02-03T23:27:09","guid":{"rendered":"https:\/\/smho-smso.ca\/emhcsecondary\/?page_id=397"},"modified":"2021-03-09T12:55:49","modified_gmt":"2021-03-09T17:55:49","slug":"etre-respectueux","status":"publish","type":"page","link":"https:\/\/smho-smso.ca\/emhcsecondary\/relations-saines\/etre-respectueux\/","title":{"rendered":"\u00catre respectueux"},"content":{"rendered":"","protected":false},"excerpt":{"rendered":"<p>Apprendre aux \u00e9l\u00e8ves \u00e0 reconna\u00eetre que les gens sont \u00e0 la fois pareils et diff\u00e9rents, et \u00e0 accepter ces diff\u00e9rences, peut les aider \u00e0 appr\u00e9cier la diversit\u00e9 et les encourager \u00e0 traiter les autres avec respect et bienveillance.<\/p>\n","protected":false},"author":2,"featured_media":638,"parent":365,"menu_order":0,"comment_status":"closed","ping_status":"closed","template":"child-template.php","meta":{"_acf_changed":false,"footnotes":"","_links_to":"","_links_to_target":""},"categories":[],"tags":[],"class_list":["post-397","page","type-page","status-publish","has-post-thumbnail","hentry"],"acf":[],"_links":{"self":[{"href":"https:\/\/smho-smso.ca\/emhcsecondary\/wp-json\/wp\/v2\/pages\/397","targetHints":{"allow":["GET"]}}],"collection":[{"href":"https:\/\/smho-smso.ca\/emhcsecondary\/wp-json\/wp\/v2\/pages"}],"about":[{"href":"https:\/\/smho-smso.ca\/emhcsecondary\/wp-json\/wp\/v2\/types\/page"}],"author":[{"embeddable":true,"href":"https:\/\/smho-smso.ca\/emhcsecondary\/wp-json\/wp\/v2\/users\/2"}],"replies":[{"embeddable":true,"href":"https:\/\/smho-smso.ca\/emhcsecondary\/wp-json\/wp\/v2\/comments?post=397"}],"version-history":[{"count":1,"href":"https:\/\/smho-smso.ca\/emhcsecondary\/wp-json\/wp\/v2\/pages\/397\/revisions"}],"predecessor-version":[{"id":398,"href":"https:\/\/smho-smso.ca\/emhcsecondary\/wp-json\/wp\/v2\/pages\/397\/revisions\/398"}],"up":[{"embeddable":true,"href":"https:\/\/smho-smso.ca\/emhcsecondary\/wp-json\/wp\/v2\/pages\/365"}],"wp:featuredmedia":[{"embeddable":true,"href":"https:\/\/smho-smso.ca\/emhcsecondary\/wp-json\/wp\/v2\/media\/638"}],"wp:attachment":[{"href":"https:\/\/smho-smso.ca\/emhcsecondary\/wp-json\/wp\/v2\/media?parent=397"}],"wp:term":[{"taxonomy":"category","embeddable":true,"href":"https:\/\/smho-smso.ca\/emhcsecondary\/wp-json\/wp\/v2\/categories?post=397"},{"taxonomy":"post_tag","embeddable":true,"href":"https:\/\/smho-smso.ca\/emhcsecondary\/wp-json\/wp\/v2\/tags?post=397"}],"curies":[{"name":"wp","href":"https:\/\/api.w.org\/{rel}","templated":true}]}}