{"id":395,"date":"2021-02-03T18:26:34","date_gmt":"2021-02-03T23:26:34","guid":{"rendered":"https:\/\/smho-smso.ca\/emhcsecondary\/?page_id=395"},"modified":"2021-03-09T12:51:47","modified_gmt":"2021-03-09T17:51:47","slug":"etre-un-bon-ami","status":"publish","type":"page","link":"https:\/\/smho-smso.ca\/emhcsecondary\/relations-saines\/etre-un-bon-ami\/","title":{"rendered":"\u00catre un bon ami"},"content":{"rendered":"","protected":false},"excerpt":{"rendered":"<p>L&#8217;acceptation par les pairs et les relations amicales peuvent aider les \u00e9l\u00e8ves \u00e0 appr\u00e9cier davantage leur exp\u00e9rience scolaire et \u00e0 mieux performer en salle de classe. Les \u00e9l\u00e8ves peuvent apprendre \u00e0 appr\u00e9cier ce qui fait d&#8217;eux de bons amis et \u00e0 identifier les attributs qu\u2019ils recherchent chez les autres.<\/p>\n","protected":false},"author":2,"featured_media":634,"parent":365,"menu_order":0,"comment_status":"closed","ping_status":"closed","template":"child-template.php","meta":{"_acf_changed":false,"footnotes":"","_links_to":"","_links_to_target":""},"categories":[],"tags":[],"class_list":["post-395","page","type-page","status-publish","has-post-thumbnail","hentry"],"acf":[],"_links":{"self":[{"href":"https:\/\/smho-smso.ca\/emhcsecondary\/wp-json\/wp\/v2\/pages\/395","targetHints":{"allow":["GET"]}}],"collection":[{"href":"https:\/\/smho-smso.ca\/emhcsecondary\/wp-json\/wp\/v2\/pages"}],"about":[{"href":"https:\/\/smho-smso.ca\/emhcsecondary\/wp-json\/wp\/v2\/types\/page"}],"author":[{"embeddable":true,"href":"https:\/\/smho-smso.ca\/emhcsecondary\/wp-json\/wp\/v2\/users\/2"}],"replies":[{"embeddable":true,"href":"https:\/\/smho-smso.ca\/emhcsecondary\/wp-json\/wp\/v2\/comments?post=395"}],"version-history":[{"count":1,"href":"https:\/\/smho-smso.ca\/emhcsecondary\/wp-json\/wp\/v2\/pages\/395\/revisions"}],"predecessor-version":[{"id":396,"href":"https:\/\/smho-smso.ca\/emhcsecondary\/wp-json\/wp\/v2\/pages\/395\/revisions\/396"}],"up":[{"embeddable":true,"href":"https:\/\/smho-smso.ca\/emhcsecondary\/wp-json\/wp\/v2\/pages\/365"}],"wp:featuredmedia":[{"embeddable":true,"href":"https:\/\/smho-smso.ca\/emhcsecondary\/wp-json\/wp\/v2\/media\/634"}],"wp:attachment":[{"href":"https:\/\/smho-smso.ca\/emhcsecondary\/wp-json\/wp\/v2\/media?parent=395"}],"wp:term":[{"taxonomy":"category","embeddable":true,"href":"https:\/\/smho-smso.ca\/emhcsecondary\/wp-json\/wp\/v2\/categories?post=395"},{"taxonomy":"post_tag","embeddable":true,"href":"https:\/\/smho-smso.ca\/emhcsecondary\/wp-json\/wp\/v2\/tags?post=395"}],"curies":[{"name":"wp","href":"https:\/\/api.w.org\/{rel}","templated":true}]}}