{"id":393,"date":"2021-02-03T18:26:04","date_gmt":"2021-02-03T23:26:04","guid":{"rendered":"https:\/\/smho-smso.ca\/emhcsecondary\/?page_id=393"},"modified":"2021-03-09T12:42:19","modified_gmt":"2021-03-09T17:42:19","slug":"les-gestes-de-gentillesse","status":"publish","type":"page","link":"https:\/\/smho-smso.ca\/emhcsecondary\/relations-saines\/les-gestes-de-gentillesse\/","title":{"rendered":"Les gestes de gentillesse"},"content":{"rendered":"","protected":false},"excerpt":{"rendered":"<p>Les gestes de gentillesse aident les \u00e9l\u00e8ves \u00e0 discuter avec leurs camarades de fa\u00e7on plus compatissante et \u00e0 appr\u00e9cier la valeur de s\u2019entraider. En faisant de petits gestes de gentillesse, les \u00e9l\u00e8ves tissent ainsi des relations plus positives.<\/p>\n","protected":false},"author":2,"featured_media":628,"parent":365,"menu_order":0,"comment_status":"closed","ping_status":"closed","template":"child-template.php","meta":{"_acf_changed":false,"footnotes":"","_links_to":"","_links_to_target":""},"categories":[],"tags":[],"class_list":["post-393","page","type-page","status-publish","has-post-thumbnail","hentry"],"acf":[],"_links":{"self":[{"href":"https:\/\/smho-smso.ca\/emhcsecondary\/wp-json\/wp\/v2\/pages\/393","targetHints":{"allow":["GET"]}}],"collection":[{"href":"https:\/\/smho-smso.ca\/emhcsecondary\/wp-json\/wp\/v2\/pages"}],"about":[{"href":"https:\/\/smho-smso.ca\/emhcsecondary\/wp-json\/wp\/v2\/types\/page"}],"author":[{"embeddable":true,"href":"https:\/\/smho-smso.ca\/emhcsecondary\/wp-json\/wp\/v2\/users\/2"}],"replies":[{"embeddable":true,"href":"https:\/\/smho-smso.ca\/emhcsecondary\/wp-json\/wp\/v2\/comments?post=393"}],"version-history":[{"count":1,"href":"https:\/\/smho-smso.ca\/emhcsecondary\/wp-json\/wp\/v2\/pages\/393\/revisions"}],"predecessor-version":[{"id":394,"href":"https:\/\/smho-smso.ca\/emhcsecondary\/wp-json\/wp\/v2\/pages\/393\/revisions\/394"}],"up":[{"embeddable":true,"href":"https:\/\/smho-smso.ca\/emhcsecondary\/wp-json\/wp\/v2\/pages\/365"}],"wp:featuredmedia":[{"embeddable":true,"href":"https:\/\/smho-smso.ca\/emhcsecondary\/wp-json\/wp\/v2\/media\/628"}],"wp:attachment":[{"href":"https:\/\/smho-smso.ca\/emhcsecondary\/wp-json\/wp\/v2\/media?parent=393"}],"wp:term":[{"taxonomy":"category","embeddable":true,"href":"https:\/\/smho-smso.ca\/emhcsecondary\/wp-json\/wp\/v2\/categories?post=393"},{"taxonomy":"post_tag","embeddable":true,"href":"https:\/\/smho-smso.ca\/emhcsecondary\/wp-json\/wp\/v2\/tags?post=393"}],"curies":[{"name":"wp","href":"https:\/\/api.w.org\/{rel}","templated":true}]}}