{"id":389,"date":"2021-02-03T18:21:00","date_gmt":"2021-02-03T23:21:00","guid":{"rendered":"https:\/\/smho-smso.ca\/emhcsecondary\/?page_id=389"},"modified":"2021-03-09T15:57:20","modified_gmt":"2021-03-09T20:57:20","slug":"compter-pour-les-autres","status":"publish","type":"page","link":"https:\/\/smho-smso.ca\/emhcsecondary\/conscience-de-soi-et-sentiment-didentite-personnelle\/compter-pour-les-autres\/","title":{"rendered":"Compter pour les autres"},"content":{"rendered":"","protected":false},"excerpt":{"rendered":"<p>Les pratiques qui renforcent le sentiment de compter peuvent am\u00e9liorer la confiance en soi des \u00e9l\u00e8ves, leur estime de soi et leur perception de pouvoir avoir une influence positive sur les autres et sur le monde qui les entoure.<\/p>\n","protected":false},"author":2,"featured_media":719,"parent":367,"menu_order":0,"comment_status":"closed","ping_status":"closed","template":"child-template.php","meta":{"_acf_changed":false,"footnotes":"","_links_to":"","_links_to_target":""},"categories":[],"tags":[],"class_list":["post-389","page","type-page","status-publish","has-post-thumbnail","hentry"],"acf":[],"_links":{"self":[{"href":"https:\/\/smho-smso.ca\/emhcsecondary\/wp-json\/wp\/v2\/pages\/389","targetHints":{"allow":["GET"]}}],"collection":[{"href":"https:\/\/smho-smso.ca\/emhcsecondary\/wp-json\/wp\/v2\/pages"}],"about":[{"href":"https:\/\/smho-smso.ca\/emhcsecondary\/wp-json\/wp\/v2\/types\/page"}],"author":[{"embeddable":true,"href":"https:\/\/smho-smso.ca\/emhcsecondary\/wp-json\/wp\/v2\/users\/2"}],"replies":[{"embeddable":true,"href":"https:\/\/smho-smso.ca\/emhcsecondary\/wp-json\/wp\/v2\/comments?post=389"}],"version-history":[{"count":2,"href":"https:\/\/smho-smso.ca\/emhcsecondary\/wp-json\/wp\/v2\/pages\/389\/revisions"}],"predecessor-version":[{"id":618,"href":"https:\/\/smho-smso.ca\/emhcsecondary\/wp-json\/wp\/v2\/pages\/389\/revisions\/618"}],"up":[{"embeddable":true,"href":"https:\/\/smho-smso.ca\/emhcsecondary\/wp-json\/wp\/v2\/pages\/367"}],"wp:featuredmedia":[{"embeddable":true,"href":"https:\/\/smho-smso.ca\/emhcsecondary\/wp-json\/wp\/v2\/media\/719"}],"wp:attachment":[{"href":"https:\/\/smho-smso.ca\/emhcsecondary\/wp-json\/wp\/v2\/media?parent=389"}],"wp:term":[{"taxonomy":"category","embeddable":true,"href":"https:\/\/smho-smso.ca\/emhcsecondary\/wp-json\/wp\/v2\/categories?post=389"},{"taxonomy":"post_tag","embeddable":true,"href":"https:\/\/smho-smso.ca\/emhcsecondary\/wp-json\/wp\/v2\/tags?post=389"}],"curies":[{"name":"wp","href":"https:\/\/api.w.org\/{rel}","templated":true}]}}