{"id":381,"date":"2021-02-03T18:17:31","date_gmt":"2021-02-03T23:17:31","guid":{"rendered":"https:\/\/smho-smso.ca\/emhcsecondary\/?page_id=381"},"modified":"2021-03-09T16:12:50","modified_gmt":"2021-03-09T21:12:50","slug":"la-metacognition","status":"publish","type":"page","link":"https:\/\/smho-smso.ca\/emhcsecondary\/pensee-critique-et-creative-fonctions-executives\/la-metacognition\/","title":{"rendered":"La m\u00e9tacognition"},"content":{"rendered":"","protected":false},"excerpt":{"rendered":"<p>En enseignant aux \u00e9l\u00e8ves la m\u00e9tacognition \u2013 penser \u00e0 notre fa\u00e7on de penser \u2013 le personnel scolaire aide les \u00e9l\u00e8ves \u00e0 prendre conscience de leurs propres fa\u00e7ons d\u2019apprendre. Les \u00e9l\u00e8ves qui appliquent cette strat\u00e9gie ont tendance \u00e0 apprendre plus efficacement.<\/p>\n","protected":false},"author":2,"featured_media":723,"parent":369,"menu_order":0,"comment_status":"closed","ping_status":"closed","template":"child-template.php","meta":{"_acf_changed":false,"footnotes":"","_links_to":"","_links_to_target":""},"categories":[],"tags":[],"class_list":["post-381","page","type-page","status-publish","has-post-thumbnail","hentry"],"acf":[],"_links":{"self":[{"href":"https:\/\/smho-smso.ca\/emhcsecondary\/wp-json\/wp\/v2\/pages\/381","targetHints":{"allow":["GET"]}}],"collection":[{"href":"https:\/\/smho-smso.ca\/emhcsecondary\/wp-json\/wp\/v2\/pages"}],"about":[{"href":"https:\/\/smho-smso.ca\/emhcsecondary\/wp-json\/wp\/v2\/types\/page"}],"author":[{"embeddable":true,"href":"https:\/\/smho-smso.ca\/emhcsecondary\/wp-json\/wp\/v2\/users\/2"}],"replies":[{"embeddable":true,"href":"https:\/\/smho-smso.ca\/emhcsecondary\/wp-json\/wp\/v2\/comments?post=381"}],"version-history":[{"count":1,"href":"https:\/\/smho-smso.ca\/emhcsecondary\/wp-json\/wp\/v2\/pages\/381\/revisions"}],"predecessor-version":[{"id":382,"href":"https:\/\/smho-smso.ca\/emhcsecondary\/wp-json\/wp\/v2\/pages\/381\/revisions\/382"}],"up":[{"embeddable":true,"href":"https:\/\/smho-smso.ca\/emhcsecondary\/wp-json\/wp\/v2\/pages\/369"}],"wp:featuredmedia":[{"embeddable":true,"href":"https:\/\/smho-smso.ca\/emhcsecondary\/wp-json\/wp\/v2\/media\/723"}],"wp:attachment":[{"href":"https:\/\/smho-smso.ca\/emhcsecondary\/wp-json\/wp\/v2\/media?parent=381"}],"wp:term":[{"taxonomy":"category","embeddable":true,"href":"https:\/\/smho-smso.ca\/emhcsecondary\/wp-json\/wp\/v2\/categories?post=381"},{"taxonomy":"post_tag","embeddable":true,"href":"https:\/\/smho-smso.ca\/emhcsecondary\/wp-json\/wp\/v2\/tags?post=381"}],"curies":[{"name":"wp","href":"https:\/\/api.w.org\/{rel}","templated":true}]}}