{"id":375,"date":"2021-02-03T18:15:14","date_gmt":"2021-02-03T23:15:14","guid":{"rendered":"https:\/\/smho-smso.ca\/emhcsecondary\/?page_id=375"},"modified":"2022-02-09T23:47:37","modified_gmt":"2022-02-10T04:47:37","slug":"recherche-et-avantages","status":"publish","type":"page","link":"https:\/\/smho-smso.ca\/emhcsecondary\/a-propos\/recherche-et-avantages\/","title":{"rendered":"Recherche et avantages"},"content":{"rendered":"\n<p>Lorsque vous serez sur ce site, vous remarquerez peut-\u00eatre une fen\u00eatre contextuelle dans le coin inf\u00e9rieur droit de l\u2019\u00e9cran qui vous invite \u00e0 r\u00e9pondre \u00e0 quelques questions. Nous vous encourageons fortement \u00e0 partager votre exp\u00e9rience. Nous sommes tr\u00e8s int\u00e9ress\u00e9s \u00e0 conna\u00eetre l\u2019opinion du personnel enseignant qui a essay\u00e9 d\u2019utiliser la ressource avec des \u00e9l\u00e8ves.<\/p>\n\n\n\n<p>Vous pouvez \u00e9galement fournir des commentaires sur des pratiques sp\u00e9cifiques en utilisant le bouton \u00ab faire part de vos commentaires \u00bb situ\u00e9 sur chaque page de pratique, ou en soumettant des commentaires g\u00e9n\u00e9raux via notre formulaire destin\u00e9 aux questions\/remarques d\u2019ordre g\u00e9n\u00e9ral sous l\u2019onglet <a href=\"https:\/\/smho-smso.ca\/emhcsecondary\/a-propos\/contactez-nous\/\">Contactez-nous<\/a>.<\/p>\n\n\n\n<p><strong>\u00c9valuation de la version&nbsp;de la ressource&nbsp;destin\u00e9e \u00e0 l\u2019\u00e9l\u00e9mentaire&nbsp;<\/strong>&nbsp;<\/p>\n\n\n\n<p>En 2017-2018, cette ressource a \u00e9t\u00e9 examin\u00e9e par neuf conseils&nbsp;scolaires&nbsp;publiques anglophones de l\u2019Ontario comptant 153 enseignantes et enseignants. L\u2019objectif de l\u2019\u00e9tude \u00e9tait de d\u00e9terminer si la&nbsp;ressource&nbsp;<em>La sant\u00e9 mentale au quotidien\u202f: une ressource pour la salle de classe<\/em>&nbsp;a&nbsp;am\u00e9lior\u00e9 les aspects suivants chez le&nbsp;personnel&nbsp;enseignant&nbsp;:&nbsp;&nbsp;<\/p>\n\n\n\n<ul class=\"wp-block-list\"><li>La connaissance de l\u2019ASE&nbsp;&nbsp;<\/li><li>La confiance en&nbsp;ses comp\u00e9tences pour mettre en&nbsp;\u0153uvre&nbsp;les pratiques d\u2019ASE<\/li><li>Les croyances relatives aux avantages de l\u2019ASE&nbsp;&nbsp;<\/li><li>La perception du climat scolaire (optimisation de l\u2019environnement d\u2019apprentissage)<\/li><li>La perception du nombre d\u2019\u00e9l\u00e8ves mettant en pratique les comp\u00e9tences efficaces en mati\u00e8re d\u2019ASE.&nbsp;&nbsp;<\/li><\/ul>\n\n\n\n<p>Apr\u00e8s une mise en&nbsp;\u0153uvre&nbsp;de 12 semaines des pratiques de&nbsp;<em>La sant\u00e9 mentale au quotidien\u202f: une ressource pour la salle de classe<\/em>,&nbsp;des progr\u00e8s consid\u00e9rables&nbsp;ont&nbsp;\u00e9t\u00e9 observ\u00e9s dans tous les cinq domaines.&nbsp;<\/p>\n\n\n\n<p>Plus r\u00e9cemment, une \u00e9valuation par essai randomis\u00e9 contr\u00f4l\u00e9 de la version&nbsp;de cette ressource,&nbsp;d\u00e9di\u00e9e&nbsp;aux \u00e9l\u00e8ves catholiques de&nbsp;l\u2019\u00e9l\u00e9mentaire, a \u00e9t\u00e9 men\u00e9e avec plus de 200 enseignants de 19 conseils scolaires et plus de 270 \u00e9l\u00e8ves de 11 \u00e9coles.&nbsp;&nbsp;<\/p>\n\n\n\n<p>Les r\u00e9sultats ont indiqu\u00e9 que l\u2019utilisation de la ressource est li\u00e9e aux changements positifs en ce qui concerne les enseignants (dont les connaissances et la confiance en soi en mati\u00e8re d\u2019apprentissage socio\u00e9motionnel, ainsi que leur bien-\u00eatre), \u00e0 l\u2019acquisition d\u2019habilet\u00e9s&nbsp;socio\u00e9motionnelles chez les \u00e9l\u00e8ves et au climat de la classe.&nbsp;&nbsp;<\/p>\n\n\n\n<p>Il a aussi \u00e9t\u00e9 constat\u00e9 que la fr\u00e9quence de l\u2019utilisation&nbsp;compte. En fait, plus un enseignant mettait en&nbsp;\u0153uvre&nbsp;une pratique, meilleurs \u00e9taient les r\u00e9sultats pour les \u00e9l\u00e8ves.&nbsp;<\/p>\n\n\n\n<p>Dans l\u2019ensemble, la ressource a \u00e9t\u00e9 bien accueillie par les enseignants et les \u00e9l\u00e8ves, a \u00e9t\u00e9 facilement mise en \u0153uvre en salle de classe, et a contribu\u00e9 \u00e0 am\u00e9liorer non seulement les comp\u00e9tences des \u00e9l\u00e8ves en mati\u00e8re d\u2019apprentissage socio\u00e9motionnel, mais aussi leur sant\u00e9 mentale et leur bien-\u00eatre en g\u00e9n\u00e9ral.&nbsp;<\/p>\n\n\n\n<p>Lisez les&nbsp;<a href=\"https:\/\/smho-smso.ca\/emhc\/wp-content\/uploads\/sites\/6\/2020\/07\/EMHC-FieldTestResults-FR.pdf\" target=\"_blank\" rel=\"noreferrer noopener\">points saillants des r\u00e9sultats de l\u2019\u00e9tude pilote<\/a>&nbsp;<\/p>\n\n\n\n<h2 class=\"wp-block-heading\" id=\"examen-de-la-recherche\">Examen de la recherche<\/h2>\n\n\n\n<p>Les cat\u00e9gories, th\u00e8mes et pratiques de la pr\u00e9sente ressource trouvent leurs points d\u2019ancrage dans l\u2019examen de la recherche sur les programmes d\u2019apprentissage socio\u00e9motionnel&nbsp;(ASE), qui a \u00e9t\u00e9 men\u00e9 par le Centre de toxicomanie et de sant\u00e9 mentale&nbsp;(CAMH), Programme de soutien au syst\u00e8me provincial. Un r\u00e9sum\u00e9 de la documentation li\u00e9e \u00e0 l\u2019ASE, ainsi que de r\u00e9cents examens syst\u00e9matiques \u00e0 ce sujet, servent \u00e9galement \u00e0 fa\u00e7onner ce projet.<\/p>\n\n\n\n<p><a href=\"https:\/\/smho-smso.ca\/emhc\/wp-content\/uploads\/sites\/6\/2020\/07\/SEL_CommonElementsAnalysis_May12017_final.pdf\" target=\"_blank\" rel=\"noreferrer noopener\">Lire l\u2019\u00e9tude (en anglais)<\/a><\/p>\n\n\n\n<h2 class=\"wp-block-heading\" id=\"meta-analyse-sur-les-programmes-de-l-apprentissage-social-et-emotionnel\">M\u00e9ta-analyse sur les programmes de l\u2019apprentissage social et \u00e9motionnel<\/h2>\n\n\n\n<p>Les programmes men\u00e9s par les enseignants et propos\u00e9s \u00e0 tous les \u00e9l\u00e8ves d\u2019une classe am\u00e9liorent-ils l\u2019apprentissage social et \u00e9motionnel des \u00e9l\u00e8ves?&nbsp;<\/p>\n\n\n\n<p>Lire la Recherche en bref du&nbsp;<a href=\"https:\/\/smho-smso.ca\/emhc\/wp-content\/uploads\/sites\/6\/2020\/08\/RIB-SEL-Overview-FR.pdf\" target=\"_blank\" rel=\"noreferrer noopener\">R\u00e9seau d\u2019\u00e9change des connaissances pour le bien-\u00eatre des \u00e9l\u00e8ves<\/a><\/p>\n\n\n\n<h2 class=\"wp-block-heading\" id=\"programme-de-soutien-du-systeme-provincial-pssp-de-camh-resume-des-donnees-probantes-sur-l-apprentissage-social-et-emotionnel\">Programme de soutien du syst\u00e8me provincial (PSSP) de CAMH&nbsp;: R\u00e9sum\u00e9 des donn\u00e9es probantes sur l\u2019apprentissage social et \u00e9motionnel<\/h2>\n\n\n\n<p>Le CAMH a pr\u00e9par\u00e9 un r\u00e9sum\u00e9 des donn\u00e9es probantes pour pr\u00e9senter les donn\u00e9es probantes disponibles sur les interventions sp\u00e9cifiques de promotion de la sant\u00e9 mentale aupr\u00e8s des enfants et des jeunes d\u2019\u00e2ge scolaire.<\/p>\n\n\n\n<p><a href=\"https:\/\/smho-smso.ca\/emhc\/wp-content\/uploads\/sites\/6\/2020\/07\/EENet-Evidence-Brief_School-YearsInterventions_FINAL.pdf\" target=\"_blank\" rel=\"noreferrer noopener\">Lire le r\u00e9sum\u00e9 des donn\u00e9es probantes (en anglais)<\/a><\/p>\n","protected":false},"excerpt":{"rendered":"<p>Lorsque vous serez sur ce site, vous remarquerez peut-\u00eatre une fen\u00eatre contextuelle dans le coin inf\u00e9rieur droit de l\u2019\u00e9cran qui vous invite \u00e0 r\u00e9pondre \u00e0 quelques questions. Nous vous encourageons fortement \u00e0 partager votre exp\u00e9rience. Nous sommes tr\u00e8s int\u00e9ress\u00e9s \u00e0 conna\u00eetre l\u2019opinion du personnel enseignant qui a essay\u00e9 d\u2019utiliser la ressource avec des \u00e9l\u00e8ves. Vous [&hellip;]<\/p>\n","protected":false},"author":2,"featured_media":0,"parent":371,"menu_order":0,"comment_status":"closed","ping_status":"closed","template":"about-us-template.php","meta":{"_acf_changed":false,"footnotes":"","_links_to":"","_links_to_target":""},"categories":[],"tags":[],"class_list":["post-375","page","type-page","status-publish","hentry"],"acf":[],"_links":{"self":[{"href":"https:\/\/smho-smso.ca\/emhcsecondary\/wp-json\/wp\/v2\/pages\/375","targetHints":{"allow":["GET"]}}],"collection":[{"href":"https:\/\/smho-smso.ca\/emhcsecondary\/wp-json\/wp\/v2\/pages"}],"about":[{"href":"https:\/\/smho-smso.ca\/emhcsecondary\/wp-json\/wp\/v2\/types\/page"}],"author":[{"embeddable":true,"href":"https:\/\/smho-smso.ca\/emhcsecondary\/wp-json\/wp\/v2\/users\/2"}],"replies":[{"embeddable":true,"href":"https:\/\/smho-smso.ca\/emhcsecondary\/wp-json\/wp\/v2\/comments?post=375"}],"version-history":[{"count":3,"href":"https:\/\/smho-smso.ca\/emhcsecondary\/wp-json\/wp\/v2\/pages\/375\/revisions"}],"predecessor-version":[{"id":1351,"href":"https:\/\/smho-smso.ca\/emhcsecondary\/wp-json\/wp\/v2\/pages\/375\/revisions\/1351"}],"up":[{"embeddable":true,"href":"https:\/\/smho-smso.ca\/emhcsecondary\/wp-json\/wp\/v2\/pages\/371"}],"wp:attachment":[{"href":"https:\/\/smho-smso.ca\/emhcsecondary\/wp-json\/wp\/v2\/media?parent=375"}],"wp:term":[{"taxonomy":"category","embeddable":true,"href":"https:\/\/smho-smso.ca\/emhcsecondary\/wp-json\/wp\/v2\/categories?post=375"},{"taxonomy":"post_tag","embeddable":true,"href":"https:\/\/smho-smso.ca\/emhcsecondary\/wp-json\/wp\/v2\/tags?post=375"}],"curies":[{"name":"wp","href":"https:\/\/api.w.org\/{rel}","templated":true}]}}