{"id":367,"date":"2021-02-03T18:12:44","date_gmt":"2021-02-03T23:12:44","guid":{"rendered":"https:\/\/smho-smso.ca\/emhcsecondary\/?page_id=367"},"modified":"2021-03-10T11:30:04","modified_gmt":"2021-03-10T16:30:04","slug":"conscience-de-soi-et-sentiment-didentite-personnelle","status":"publish","type":"page","link":"https:\/\/smho-smso.ca\/emhcsecondary\/conscience-de-soi-et-sentiment-didentite-personnelle\/","title":{"rendered":"Conscience de soi et sentiment d\u2019identit\u00e9 personnelle"},"content":{"rendered":"","protected":false},"excerpt":{"rendered":"<p>L\u2019exploration de la conscience de soi et du sentiment d\u2019identit\u00e9 est une occasion favorable pour des conversations courageuses et encourageantes sur les forces, les difficult\u00e9s, les pr\u00e9f\u00e9rences, les valeurs, les exp\u00e9riences v\u00e9cues, les ambitions, etc. Vous pouvez cr\u00e9er un environnement s\u00e9curitaire o\u00f9 vous apprenez avec les \u00e9l\u00e8ves, o\u00f9 vous affirmez les h\u00e9ritages culturels et o\u00f9 les \u00e9l\u00e8ves s\u2019exercent \u00e0 d\u00e9fendre leurs besoins. S\u2019ils savent se positionner en rapport avec leur culture et leur communaut\u00e9, les \u00e9l\u00e8ves sont mieux \u00e0 m\u00eame de voir leur importance personnelle et de comprendre en quoi ils contribuent au monde qui les entoure.<\/p>\n","protected":false},"author":2,"featured_media":777,"parent":0,"menu_order":0,"comment_status":"closed","ping_status":"closed","template":"parent-template.php","meta":{"_acf_changed":false,"footnotes":"","_links_to":"","_links_to_target":""},"categories":[],"tags":[],"class_list":["post-367","page","type-page","status-publish","has-post-thumbnail","hentry"],"acf":[],"_links":{"self":[{"href":"https:\/\/smho-smso.ca\/emhcsecondary\/wp-json\/wp\/v2\/pages\/367","targetHints":{"allow":["GET"]}}],"collection":[{"href":"https:\/\/smho-smso.ca\/emhcsecondary\/wp-json\/wp\/v2\/pages"}],"about":[{"href":"https:\/\/smho-smso.ca\/emhcsecondary\/wp-json\/wp\/v2\/types\/page"}],"author":[{"embeddable":true,"href":"https:\/\/smho-smso.ca\/emhcsecondary\/wp-json\/wp\/v2\/users\/2"}],"replies":[{"embeddable":true,"href":"https:\/\/smho-smso.ca\/emhcsecondary\/wp-json\/wp\/v2\/comments?post=367"}],"version-history":[{"count":1,"href":"https:\/\/smho-smso.ca\/emhcsecondary\/wp-json\/wp\/v2\/pages\/367\/revisions"}],"predecessor-version":[{"id":368,"href":"https:\/\/smho-smso.ca\/emhcsecondary\/wp-json\/wp\/v2\/pages\/367\/revisions\/368"}],"wp:featuredmedia":[{"embeddable":true,"href":"https:\/\/smho-smso.ca\/emhcsecondary\/wp-json\/wp\/v2\/media\/777"}],"wp:attachment":[{"href":"https:\/\/smho-smso.ca\/emhcsecondary\/wp-json\/wp\/v2\/media?parent=367"}],"wp:term":[{"taxonomy":"category","embeddable":true,"href":"https:\/\/smho-smso.ca\/emhcsecondary\/wp-json\/wp\/v2\/categories?post=367"},{"taxonomy":"post_tag","embeddable":true,"href":"https:\/\/smho-smso.ca\/emhcsecondary\/wp-json\/wp\/v2\/tags?post=367"}],"curies":[{"name":"wp","href":"https:\/\/api.w.org\/{rel}","templated":true}]}}