{"id":361,"date":"2021-02-03T18:09:25","date_gmt":"2021-02-03T23:09:25","guid":{"rendered":"https:\/\/smho-smso.ca\/emhcsecondary\/?page_id=361"},"modified":"2021-03-09T15:26:52","modified_gmt":"2021-03-09T20:26:52","slug":"reconnaissance-et-gestion-des-emotions","status":"publish","type":"page","link":"https:\/\/smho-smso.ca\/emhcsecondary\/reconnaissance-et-gestion-des-emotions\/","title":{"rendered":"Reconnaissance et gestion des \u00e9motions"},"content":{"rendered":"","protected":false},"excerpt":{"rendered":"<p>Les \u00e9l\u00e8ves expriment leurs \u00e9motions de diverses mani\u00e8res en fonction de leurs exp\u00e9riences personnelles, sociales et culturelles. Avec les \u00e9l\u00e8ves, vous pouvez apprendre comment les pens\u00e9es, les \u00e9motions et les actions sont li\u00e9es. Vous pouvez explorer les fa\u00e7ons de reconna\u00eetre les \u00e9motions, de g\u00e9rer et d\u2019exprimer les sentiments, et montrer comment r\u00e9agir face \u00e0 des personnes de mani\u00e8re appropri\u00e9e et mettre en pratique cette r\u00e9action avec compassion tout en honorant les identit\u00e9s sociales et culturelles.<\/p>\n","protected":false},"author":2,"featured_media":699,"parent":0,"menu_order":0,"comment_status":"closed","ping_status":"closed","template":"parent-template.php","meta":{"_acf_changed":false,"footnotes":"","_links_to":"","_links_to_target":""},"categories":[],"tags":[],"class_list":["post-361","page","type-page","status-publish","has-post-thumbnail","hentry"],"acf":[],"_links":{"self":[{"href":"https:\/\/smho-smso.ca\/emhcsecondary\/wp-json\/wp\/v2\/pages\/361","targetHints":{"allow":["GET"]}}],"collection":[{"href":"https:\/\/smho-smso.ca\/emhcsecondary\/wp-json\/wp\/v2\/pages"}],"about":[{"href":"https:\/\/smho-smso.ca\/emhcsecondary\/wp-json\/wp\/v2\/types\/page"}],"author":[{"embeddable":true,"href":"https:\/\/smho-smso.ca\/emhcsecondary\/wp-json\/wp\/v2\/users\/2"}],"replies":[{"embeddable":true,"href":"https:\/\/smho-smso.ca\/emhcsecondary\/wp-json\/wp\/v2\/comments?post=361"}],"version-history":[{"count":1,"href":"https:\/\/smho-smso.ca\/emhcsecondary\/wp-json\/wp\/v2\/pages\/361\/revisions"}],"predecessor-version":[{"id":362,"href":"https:\/\/smho-smso.ca\/emhcsecondary\/wp-json\/wp\/v2\/pages\/361\/revisions\/362"}],"wp:featuredmedia":[{"embeddable":true,"href":"https:\/\/smho-smso.ca\/emhcsecondary\/wp-json\/wp\/v2\/media\/699"}],"wp:attachment":[{"href":"https:\/\/smho-smso.ca\/emhcsecondary\/wp-json\/wp\/v2\/media?parent=361"}],"wp:term":[{"taxonomy":"category","embeddable":true,"href":"https:\/\/smho-smso.ca\/emhcsecondary\/wp-json\/wp\/v2\/categories?post=361"},{"taxonomy":"post_tag","embeddable":true,"href":"https:\/\/smho-smso.ca\/emhcsecondary\/wp-json\/wp\/v2\/tags?post=361"}],"curies":[{"name":"wp","href":"https:\/\/api.w.org\/{rel}","templated":true}]}}