{"id":353,"date":"2021-02-03T18:05:53","date_gmt":"2021-02-03T23:05:53","guid":{"rendered":"https:\/\/smho-smso.ca\/emhcsecondary\/?page_id=353"},"modified":"2021-03-09T16:43:53","modified_gmt":"2021-03-09T21:43:53","slug":"prendre-le-temps-de-reflechir","status":"publish","type":"page","link":"https:\/\/smho-smso.ca\/emhcsecondary\/gestion-du-stress-et-adaptation\/prendre-le-temps-de-reflechir\/","title":{"rendered":"Prendre le temps de r\u00e9fl\u00e9chir"},"content":{"rendered":"","protected":false},"excerpt":{"rendered":"<p>Prendre le temps de s\u2019arr\u00eater pour r\u00e9fl\u00e9chir peut sensibiliser les \u00e9l\u00e8ves \u00e0 leur \u00e9tat physique et mental, et leur offrir une nouvelle perspective ou un moment de r\u00e9pit. Cette pause peut les aider \u00e0 se calmer et \u00e0 \u00e9viter qu\u2019ils ne se sentent d\u00e9bord\u00e9s lorsque confront\u00e9s \u00e0 des moments stressants. <\/p>\n","protected":false},"author":2,"featured_media":743,"parent":347,"menu_order":0,"comment_status":"closed","ping_status":"closed","template":"child-template.php","meta":{"_acf_changed":false,"footnotes":"","_links_to":"","_links_to_target":""},"categories":[],"tags":[],"class_list":["post-353","page","type-page","status-publish","has-post-thumbnail","hentry"],"acf":[],"_links":{"self":[{"href":"https:\/\/smho-smso.ca\/emhcsecondary\/wp-json\/wp\/v2\/pages\/353","targetHints":{"allow":["GET"]}}],"collection":[{"href":"https:\/\/smho-smso.ca\/emhcsecondary\/wp-json\/wp\/v2\/pages"}],"about":[{"href":"https:\/\/smho-smso.ca\/emhcsecondary\/wp-json\/wp\/v2\/types\/page"}],"author":[{"embeddable":true,"href":"https:\/\/smho-smso.ca\/emhcsecondary\/wp-json\/wp\/v2\/users\/2"}],"replies":[{"embeddable":true,"href":"https:\/\/smho-smso.ca\/emhcsecondary\/wp-json\/wp\/v2\/comments?post=353"}],"version-history":[{"count":1,"href":"https:\/\/smho-smso.ca\/emhcsecondary\/wp-json\/wp\/v2\/pages\/353\/revisions"}],"predecessor-version":[{"id":354,"href":"https:\/\/smho-smso.ca\/emhcsecondary\/wp-json\/wp\/v2\/pages\/353\/revisions\/354"}],"up":[{"embeddable":true,"href":"https:\/\/smho-smso.ca\/emhcsecondary\/wp-json\/wp\/v2\/pages\/347"}],"wp:featuredmedia":[{"embeddable":true,"href":"https:\/\/smho-smso.ca\/emhcsecondary\/wp-json\/wp\/v2\/media\/743"}],"wp:attachment":[{"href":"https:\/\/smho-smso.ca\/emhcsecondary\/wp-json\/wp\/v2\/media?parent=353"}],"wp:term":[{"taxonomy":"category","embeddable":true,"href":"https:\/\/smho-smso.ca\/emhcsecondary\/wp-json\/wp\/v2\/categories?post=353"},{"taxonomy":"post_tag","embeddable":true,"href":"https:\/\/smho-smso.ca\/emhcsecondary\/wp-json\/wp\/v2\/tags?post=353"}],"curies":[{"name":"wp","href":"https:\/\/api.w.org\/{rel}","templated":true}]}}