{"id":302,"date":"2021-02-03T15:40:20","date_gmt":"2021-02-03T20:40:20","guid":{"rendered":"https:\/\/smho-smso.ca\/emhcsecondary\/?page_id=302"},"modified":"2021-12-21T20:42:47","modified_gmt":"2021-12-22T01:42:47","slug":"paying-attention-to-my-thinking","status":"publish","type":"page","link":"https:\/\/smho-smso.ca\/emhcsecondary\/critical-and-creative-thinking-executive-functioning\/metacognition\/paying-attention-to-my-thinking\/","title":{"rendered":"Paying attention to my thinking"},"content":{"rendered":"\n<div class='accordion md-accordion' id='accordion0' role='tablist' aria-multiselectable='true'><div class='card'><div class='card-header' role='tab' id='Instructions-0'><a data-toggle='collapse' data-parent='#accordion0' href='#collapseOneInstructions-0' aria-expanded='true' aria-controls='collapseOneInstructions-0'><h3 class='mb-0'><em class='fas fa-angle-down rotate-icon'><\/em> Instructions<\/h3><\/a><\/div><div id='collapseOneInstructions-0' class='collapse show' role='tabpanel' aria-labelledby='collapseOneInstructions-0' data-parent='#accordion0'><div class='card-body'><p>Use some of the following questions routinely to enhance new learning, or to prepare for tests and exams:<\/p>\n<ul>\n<li>What was easiest for me to learn in this lesson? Why? How will I use this in my next class?<\/li>\n<li>What was most challenging for me to learn? Why? How might I get better at this? What did I do to resolve the challenge?<\/li>\n<li>What study strategies worked well as I prepared for my test\/exam?<\/li>\n<li>What strategies for exam preparation didn&#8217;t work well? What will I do differently next time?<\/li>\n<li>What study habits worked best for me?<\/li>\n<li>What study habits will I try or improve upon for next time?<\/li>\n<li>What skills do I have that I can use to be successful?<\/li>\n<\/ul>\n<\/div><\/div><\/div><div class='card'><div class='card-header' role='tab' id='Supplementary-resources-0'><a data-toggle='collapse' data-parent='#accordion0' href='#collapseOneSupplementary-resources-0' aria-expanded='false' aria-controls='collapseOneSupplementary-resources-0'><h3 class='mb-0'><em class='fas fa-angle-down rotate-icon'><\/em> Supplementary resources<\/h3><\/a><\/div><div id='collapseOneSupplementary-resources-0' class='collapse' role='tabpanel' aria-labelledby='collapseOneSupplementary-resources-0' data-parent='#accordion0'><div class='card-body'><p>Complementary practice: <a href=\"https:\/\/smho-smso.ca\/emhcsecondary\/identification-and-management-of-emotions\/understanding\/realistic-thinking-and-feeling\/\">Realistic thinking and feeling<\/a><\/p>\n<\/div><\/div><\/div><div class='card'><div class='card-header' role='tab' id='Adaptations-0'><a data-toggle='collapse' data-parent='#accordion0' href='#collapseOneAdaptations-0' aria-expanded='false' aria-controls='collapseOneAdaptations-0'><h3 class='mb-0'><em class='fas fa-angle-down rotate-icon'><\/em> Adaptations<\/h3><\/a><\/div><div id='collapseOneAdaptations-0' class='collapse' role='tabpanel' aria-labelledby='collapseOneAdaptations-0' data-parent='#accordion0'><div class='card-body'><ul>\n<li>Exit cards<\/li>\n<li>Pair\/share<\/li>\n<li>Circle share<\/li>\n<li>Interview<\/li>\n<li>Post questions in the classroom and refer to these mid-lesson.<\/li>\n<\/ul>\n<\/div><\/div><\/div><div class='card'><div class='card-header' role='tab' id='Evidence-0'><a data-toggle='collapse' data-parent='#accordion0' href='#collapseOneEvidence-0' aria-expanded='false' aria-controls='collapseOneEvidence-0'><h3 class='mb-0'><em class='fas fa-angle-down rotate-icon'><\/em> Evidence<\/h3><\/a><\/div><div id='collapseOneEvidence-0' class='collapse' role='tabpanel' aria-labelledby='collapseOneEvidence-0' data-parent='#accordion0'><div class='card-body'><p>Metacognition (thinking about\/ reflecting on one\u2019s thinking) is an essential skill for students\u2019 learning because it facilitates problem solving skills and effective learning strategies which help students take responsibility for their learning (Garc\u00eda et al., 2016). Having well-honed metacognitive skills leads to increases in cognitive engagement which is characterized by a student\u2019s level of investment in their own learning, and comprises the actions of being thoughtful and purposeful in the approach to school tasks and being willing to exert the effort necessary to comprehend complex ideas or master difficult skills (Fredericks et al., 2005; Fredericks et al., 2004). Additionally, Embry &amp; Biglan (2008) report that using a motivational interviewing technique whereby someone, such as a teacher, asks questions, either orally or in writing, around major goals or target behaviors leads to increases in social competence, related goals, healthy behaviors, and achievement.<\/p>\n<\/div><\/div><\/div><div class='card'><div class='card-header' role='tab' id='References-0'><a data-toggle='collapse' data-parent='#accordion0' href='#collapseOneReferences-0' aria-expanded='false' aria-controls='collapseOneReferences-0'><h3 class='mb-0'><em class='fas fa-angle-down rotate-icon'><\/em> References<\/h3><\/a><\/div><div id='collapseOneReferences-0' class='collapse' role='tabpanel' aria-labelledby='collapseOneReferences-0' data-parent='#accordion0'><div class='card-body'><p>Embry, D. D., &amp; Biglan, A. (2008). Evidence-based kernels: fundamental units of behavioral influence. <em>Clinical child and family psychology review, 11<\/em>(3), 75\u2013113. doi:10.1007\/s10567-008-0036-x<\/p>\n<p>Fredericks, J. A., Blumenfeld, P. C., and Paris, A. (2004). School engagement: potential of the concept: state of the evidence. <em>Review of Educational Research, 74<\/em>, 59\u2013119.<\/p>\n<p>Fredericks, J. A., Blumenfeld, P. C., Friedel, J., and Paris, A. (2005). <em>School engagement. In K. A. Moore and L. Lippman (Eds.)<\/em>, What do children need to flourish?: conceptualizing and measuring indicators of positive development. New York: Kluwer Academic\/Plenum Press.<\/p>\n<p>Garc\u00eda, T., Rodr\u00edguez, C., Gonz\u00e1lez-Castro, P., \u00c1lvarez-Garc\u00eda, D. &amp; Gonz\u00e1lez-Pienda, J. (2016). Metacognition and executive functioning in Elementary School. <em>Anales De Psicolog\u00eda, 32<\/em>(2), 474-483.<\/p>\n<\/div><\/div><\/div><\/div>\n","protected":false},"excerpt":{"rendered":"<p>To teach students to understand their own learning processes, become more aware of themselves and be better able to monitor, plan and control their mental processing<\/p>\n","protected":false},"author":2,"featured_media":746,"parent":216,"menu_order":0,"comment_status":"closed","ping_status":"closed","template":"practice-template.php","meta":{"_acf_changed":false,"footnotes":"","_links_to":"","_links_to_target":""},"categories":[45,33,17,43],"tags":[],"class_list":["post-302","page","type-page","status-publish","has-post-thumbnail","hentry","category-critical-and-creative-thinking-executive-functioning","category-multiple-times-daily","category-promote","category-virtual-option"],"acf":[],"_links":{"self":[{"href":"https:\/\/smho-smso.ca\/emhcsecondary\/wp-json\/wp\/v2\/pages\/302","targetHints":{"allow":["GET"]}}],"collection":[{"href":"https:\/\/smho-smso.ca\/emhcsecondary\/wp-json\/wp\/v2\/pages"}],"about":[{"href":"https:\/\/smho-smso.ca\/emhcsecondary\/wp-json\/wp\/v2\/types\/page"}],"author":[{"embeddable":true,"href":"https:\/\/smho-smso.ca\/emhcsecondary\/wp-json\/wp\/v2\/users\/2"}],"replies":[{"embeddable":true,"href":"https:\/\/smho-smso.ca\/emhcsecondary\/wp-json\/wp\/v2\/comments?post=302"}],"version-history":[{"count":7,"href":"https:\/\/smho-smso.ca\/emhcsecondary\/wp-json\/wp\/v2\/pages\/302\/revisions"}],"predecessor-version":[{"id":1167,"href":"https:\/\/smho-smso.ca\/emhcsecondary\/wp-json\/wp\/v2\/pages\/302\/revisions\/1167"}],"up":[{"embeddable":true,"href":"https:\/\/smho-smso.ca\/emhcsecondary\/wp-json\/wp\/v2\/pages\/216"}],"wp:featuredmedia":[{"embeddable":true,"href":"https:\/\/smho-smso.ca\/emhcsecondary\/wp-json\/wp\/v2\/media\/746"}],"wp:attachment":[{"href":"https:\/\/smho-smso.ca\/emhcsecondary\/wp-json\/wp\/v2\/media?parent=302"}],"wp:term":[{"taxonomy":"category","embeddable":true,"href":"https:\/\/smho-smso.ca\/emhcsecondary\/wp-json\/wp\/v2\/categories?post=302"},{"taxonomy":"post_tag","embeddable":true,"href":"https:\/\/smho-smso.ca\/emhcsecondary\/wp-json\/wp\/v2\/tags?post=302"}],"curies":[{"name":"wp","href":"https:\/\/api.w.org\/{rel}","templated":true}]}}