{"id":997,"date":"2020-05-11T15:57:49","date_gmt":"2020-05-11T19:57:49","guid":{"rendered":"https:\/\/smho-smso.ca\/emhc\/?page_id=997"},"modified":"2020-07-14T20:10:58","modified_gmt":"2020-07-15T00:10:58","slug":"pratiquer-loptimisme","status":"publish","type":"page","link":"https:\/\/smho-smso.ca\/emhc\/motivation-positive-et-perseverance\/pratiquer-loptimisme\/","title":{"rendered":"Pratiquer l\u2019optimisme"},"content":{"rendered":"","protected":false},"excerpt":{"rendered":"<p>Lorsque les \u00e9l\u00e8ves sont optimistes dans leurs interactions avec les autres et dans leur vision du monde, ils sont plus susceptibles d\u2019avoir des relations positives et d\u2019avoir la motivation pour pers\u00e9v\u00e9rer et r\u00e9ussir.<\/p>\n","protected":false},"author":2,"featured_media":1678,"parent":507,"menu_order":4,"comment_status":"closed","ping_status":"closed","template":"child-template.php","meta":{"_acf_changed":false,"footnotes":""},"categories":[],"tags":[],"class_list":["post-997","page","type-page","status-publish","has-post-thumbnail","hentry"],"acf":[],"_links":{"self":[{"href":"https:\/\/smho-smso.ca\/emhc\/wp-json\/wp\/v2\/pages\/997","targetHints":{"allow":["GET"]}}],"collection":[{"href":"https:\/\/smho-smso.ca\/emhc\/wp-json\/wp\/v2\/pages"}],"about":[{"href":"https:\/\/smho-smso.ca\/emhc\/wp-json\/wp\/v2\/types\/page"}],"author":[{"embeddable":true,"href":"https:\/\/smho-smso.ca\/emhc\/wp-json\/wp\/v2\/users\/2"}],"replies":[{"embeddable":true,"href":"https:\/\/smho-smso.ca\/emhc\/wp-json\/wp\/v2\/comments?post=997"}],"version-history":[{"count":1,"href":"https:\/\/smho-smso.ca\/emhc\/wp-json\/wp\/v2\/pages\/997\/revisions"}],"predecessor-version":[{"id":998,"href":"https:\/\/smho-smso.ca\/emhc\/wp-json\/wp\/v2\/pages\/997\/revisions\/998"}],"up":[{"embeddable":true,"href":"https:\/\/smho-smso.ca\/emhc\/wp-json\/wp\/v2\/pages\/507"}],"wp:featuredmedia":[{"embeddable":true,"href":"https:\/\/smho-smso.ca\/emhc\/wp-json\/wp\/v2\/media\/1678"}],"wp:attachment":[{"href":"https:\/\/smho-smso.ca\/emhc\/wp-json\/wp\/v2\/media?parent=997"}],"wp:term":[{"taxonomy":"category","embeddable":true,"href":"https:\/\/smho-smso.ca\/emhc\/wp-json\/wp\/v2\/categories?post=997"},{"taxonomy":"post_tag","embeddable":true,"href":"https:\/\/smho-smso.ca\/emhc\/wp-json\/wp\/v2\/tags?post=997"}],"curies":[{"name":"wp","href":"https:\/\/api.w.org\/{rel}","templated":true}]}}